{"id":848,"date":"2025-06-05T13:27:07","date_gmt":"2025-06-05T11:27:07","guid":{"rendered":"https:\/\/monaartaquarell.com\/produkt\/architektura-wieczorne-spotkania\/"},"modified":"2025-06-20T09:57:17","modified_gmt":"2025-06-20T07:57:17","slug":"architektura-wieczorne-spotkania","status":"publish","type":"product","link":"https:\/\/monaartaquarell.com\/pl\/produkt\/architektura-wieczorne-spotkania\/","title":{"rendered":"Architektura &#8211; &#8222;Wieczorne spotkania&#8221;"},"content":{"rendered":"<p><em>akwarela na papierze, 22 \u00d7 30 cm, 2025<\/em><\/p>\n","protected":false},"excerpt":{"rendered":"<p><em>akwarela na papierze, 22 \u00d7 30 cm, 2025<\/em><\/p>\n<p data-start=\"293\" data-end=\"619\">T\u0119tni\u0105ca \u017cyciem scena uliczna wieczorem: historyczne fasady, ciep\u0142e \u015bwiat\u0142a, kawiarnia na pierwszym planie \u2013 chwila pe\u0142na miejskiej poezji.<br data-start=\"429\" data-end=\"432\" \/>Akwarela<strong data-start=\"445\" data-end=\"467\"> \u201eWieczorne spotkania\u201d<\/strong> powsta\u0142a w 2025 roku podczas warsztat\u00f3w Drawing Dog z artystk\u0105 <strong data-start=\"537\" data-end=\"553\">Olg\u0105 Kabaev\u0105<\/strong>. \u0141\u0105czy w sobie architektoniczn\u0105 precyzj\u0119 z g\u0142\u0119bi\u0105 nastroju.<\/p>\n<p data-start=\"621\" data-end=\"705\">Wymiary: 22 \u00d7 30 cm<br data-start=\"639\" data-end=\"642\" \/>Technika: akwarela na papierze<br data-start=\"670\" data-end=\"673\" \/>Rok: 2025<\/p>\n<p data-start=\"681\" data-end=\"809\"><strong data-start=\"681\" data-end=\"693\">Uwaga:<\/strong><br data-start=\"693\" data-end=\"696\" \/><em>Kolory orygina\u0142u mog\u0105 si\u0119 nieznacznie r\u00f3\u017cni\u0107 od zdj\u0119cia w zale\u017cno\u015bci od ustawie\u0144 ekranu.<\/em><\/p>\n","protected":false},"featured_media":687,"comment_status":"open","ping_status":"closed","template":"","meta":[],"product_brand":[],"product_cat":[39],"product_tag":[],"class_list":{"0":"post-848","1":"product","2":"type-product","3":"status-publish","4":"has-post-thumbnail","6":"product_cat-bez-kategorii","8":"first","9":"instock","10":"sold-individually","11":"shipping-taxable","12":"purchasable","13":"product-type-simple"},"yoast_head":"<!-- This site is optimized with the Yoast SEO plugin v26.5 - https:\/\/yoast.com\/wordpress\/plugins\/seo\/ -->\n<title>Obraz akwarelowy \u201eWieczorne spotkania\u201d | Monika Bargie\u0142<\/title>\n<meta name=\"description\" content=\"Nastrojowa scena uliczna z kawiarni\u0105 w\u015br\u00f3d klasycznych budynk\u00f3w. Obraz \u201eWieczorne spotkania\u201d to uchwycona chwila miejskiej poetyki w akwareli.\" \/>\n<meta name=\"robots\" content=\"index, follow, max-snippet:-1, max-image-preview:large, max-video-preview:-1\" \/>\n<link rel=\"canonical\" href=\"https:\/\/monaartaquarell.com\/pl\/produkt\/architektura-wieczorne-spotkania\/\" \/>\n<meta property=\"og:locale\" content=\"pl_PL\" \/>\n<meta property=\"og:type\" content=\"article\" \/>\n<meta property=\"og:title\" content=\"Obraz akwarelowy \u201eWieczorne spotkania\u201d | Monika Bargie\u0142\" \/>\n<meta property=\"og:description\" content=\"Nastrojowa scena uliczna z kawiarni\u0105 w\u015br\u00f3d klasycznych budynk\u00f3w. Obraz \u201eWieczorne spotkania\u201d to uchwycona chwila miejskiej poetyki w akwareli.\" \/>\n<meta property=\"og:url\" content=\"https:\/\/monaartaquarell.com\/pl\/produkt\/architektura-wieczorne-spotkania\/\" \/>\n<meta property=\"og:site_name\" content=\"Monaartaquarell\" \/>\n<meta property=\"article:modified_time\" content=\"2025-06-20T07:57:17+00:00\" \/>\n<meta property=\"og:image\" content=\"https:\/\/monaartaquarell.com\/wp-content\/uploads\/2025\/05\/monaartaquarell_bild_5.jpg\" \/>\n\t<meta property=\"og:image:width\" content=\"1189\" \/>\n\t<meta property=\"og:image:height\" content=\"1600\" \/>\n\t<meta property=\"og:image:type\" content=\"image\/jpeg\" \/>\n<meta name=\"twitter:card\" content=\"summary_large_image\" \/>\n<meta name=\"twitter:label1\" content=\"Szacowany czas czytania\" \/>\n\t<meta name=\"twitter:data1\" content=\"1 minuta\" \/>\n<script type=\"application\/ld+json\" class=\"yoast-schema-graph\">{\"@context\":\"https:\/\/schema.org\",\"@graph\":[{\"@type\":\"WebPage\",\"@id\":\"https:\/\/monaartaquarell.com\/pl\/produkt\/architektura-wieczorne-spotkania\/\",\"url\":\"https:\/\/monaartaquarell.com\/pl\/produkt\/architektura-wieczorne-spotkania\/\",\"name\":\"Obraz akwarelowy \u201eWieczorne spotkania\u201d | Monika Bargie\u0142\",\"isPartOf\":{\"@id\":\"https:\/\/monaartaquarell.com\/#website\"},\"primaryImageOfPage\":{\"@id\":\"https:\/\/monaartaquarell.com\/pl\/produkt\/architektura-wieczorne-spotkania\/#primaryimage\"},\"image\":{\"@id\":\"https:\/\/monaartaquarell.com\/pl\/produkt\/architektura-wieczorne-spotkania\/#primaryimage\"},\"thumbnailUrl\":\"https:\/\/monaartaquarell.com\/wp-content\/uploads\/2025\/05\/monaartaquarell_bild_5.jpg\",\"datePublished\":\"2025-06-05T11:27:07+00:00\",\"dateModified\":\"2025-06-20T07:57:17+00:00\",\"description\":\"Nastrojowa scena uliczna z kawiarni\u0105 w\u015br\u00f3d klasycznych budynk\u00f3w. Obraz \u201eWieczorne spotkania\u201d to uchwycona chwila miejskiej poetyki w akwareli.\",\"breadcrumb\":{\"@id\":\"https:\/\/monaartaquarell.com\/pl\/produkt\/architektura-wieczorne-spotkania\/#breadcrumb\"},\"inLanguage\":\"pl-PL\",\"potentialAction\":[{\"@type\":\"ReadAction\",\"target\":[\"https:\/\/monaartaquarell.com\/pl\/produkt\/architektura-wieczorne-spotkania\/\"]}]},{\"@type\":\"ImageObject\",\"inLanguage\":\"pl-PL\",\"@id\":\"https:\/\/monaartaquarell.com\/pl\/produkt\/architektura-wieczorne-spotkania\/#primaryimage\",\"url\":\"https:\/\/monaartaquarell.com\/wp-content\/uploads\/2025\/05\/monaartaquarell_bild_5.jpg\",\"contentUrl\":\"https:\/\/monaartaquarell.com\/wp-content\/uploads\/2025\/05\/monaartaquarell_bild_5.jpg\",\"width\":1189,\"height\":1600,\"caption\":\"Akwarela nastrojowej staromiejskiej uliczki z kawiarnianym ogr\u00f3dkiem, drzewami i klasyczn\u0105 architektur\u0105 \u2013 miejska scena autorstwa Moniki Bargie\u0142.\"},{\"@type\":\"BreadcrumbList\",\"@id\":\"https:\/\/monaartaquarell.com\/pl\/produkt\/architektura-wieczorne-spotkania\/#breadcrumb\",\"itemListElement\":[{\"@type\":\"ListItem\",\"position\":1,\"name\":\"Strona g\u0142\u00f3wna\",\"item\":\"https:\/\/monaartaquarell.com\/\"},{\"@type\":\"ListItem\",\"position\":2,\"name\":\"Shop\",\"item\":\"https:\/\/monaartaquarell.com\/shop\/\"},{\"@type\":\"ListItem\",\"position\":3,\"name\":\"Architektura &#8211; &#8222;Wieczorne spotkania&#8221;\"}]},{\"@type\":\"WebSite\",\"@id\":\"https:\/\/monaartaquarell.com\/#website\",\"url\":\"https:\/\/monaartaquarell.com\/\",\"name\":\"Monaartaquarell\",\"description\":\"Einzigartige Aquarellkunst von Monika Bargie\u0142 \u2013 inspiriert von Natur und Emotion.\",\"publisher\":{\"@id\":\"https:\/\/monaartaquarell.com\/#\/schema\/person\/c6dac180cb6eaf85a262e9055c5d5b63\"},\"potentialAction\":[{\"@type\":\"SearchAction\",\"target\":{\"@type\":\"EntryPoint\",\"urlTemplate\":\"https:\/\/monaartaquarell.com\/?s={search_term_string}\"},\"query-input\":{\"@type\":\"PropertyValueSpecification\",\"valueRequired\":true,\"valueName\":\"search_term_string\"}}],\"inLanguage\":\"pl-PL\"},{\"@type\":[\"Person\",\"Organization\"],\"@id\":\"https:\/\/monaartaquarell.com\/#\/schema\/person\/c6dac180cb6eaf85a262e9055c5d5b63\",\"name\":\"admin-Vp5qLTVF\",\"image\":{\"@type\":\"ImageObject\",\"inLanguage\":\"pl-PL\",\"@id\":\"https:\/\/monaartaquarell.com\/#\/schema\/person\/image\/\",\"url\":\"https:\/\/monaartaquarell.com\/wp-content\/uploads\/2025\/06\/logo_hase_monaartaquarell-2-e1751009755296.png\",\"contentUrl\":\"https:\/\/monaartaquarell.com\/wp-content\/uploads\/2025\/06\/logo_hase_monaartaquarell-2-e1751009755296.png\",\"width\":376,\"height\":331,\"caption\":\"admin-Vp5qLTVF\"},\"logo\":{\"@id\":\"https:\/\/monaartaquarell.com\/#\/schema\/person\/image\/\"},\"sameAs\":[\"https:\/\/monaartaquarell.com\"]}]}<\/script>\n<!-- \/ Yoast SEO plugin. -->","yoast_head_json":{"title":"Obraz akwarelowy \u201eWieczorne spotkania\u201d | Monika Bargie\u0142","description":"Nastrojowa scena uliczna z kawiarni\u0105 w\u015br\u00f3d klasycznych budynk\u00f3w. Obraz \u201eWieczorne spotkania\u201d to uchwycona chwila miejskiej poetyki w akwareli.","robots":{"index":"index","follow":"follow","max-snippet":"max-snippet:-1","max-image-preview":"max-image-preview:large","max-video-preview":"max-video-preview:-1"},"canonical":"https:\/\/monaartaquarell.com\/pl\/produkt\/architektura-wieczorne-spotkania\/","og_locale":"pl_PL","og_type":"article","og_title":"Obraz akwarelowy \u201eWieczorne spotkania\u201d | Monika Bargie\u0142","og_description":"Nastrojowa scena uliczna z kawiarni\u0105 w\u015br\u00f3d klasycznych budynk\u00f3w. Obraz \u201eWieczorne spotkania\u201d to uchwycona chwila miejskiej poetyki w akwareli.","og_url":"https:\/\/monaartaquarell.com\/pl\/produkt\/architektura-wieczorne-spotkania\/","og_site_name":"Monaartaquarell","article_modified_time":"2025-06-20T07:57:17+00:00","og_image":[{"width":1189,"height":1600,"url":"https:\/\/monaartaquarell.com\/wp-content\/uploads\/2025\/05\/monaartaquarell_bild_5.jpg","type":"image\/jpeg"}],"twitter_card":"summary_large_image","twitter_misc":{"Szacowany czas czytania":"1 minuta"},"schema":{"@context":"https:\/\/schema.org","@graph":[{"@type":"WebPage","@id":"https:\/\/monaartaquarell.com\/pl\/produkt\/architektura-wieczorne-spotkania\/","url":"https:\/\/monaartaquarell.com\/pl\/produkt\/architektura-wieczorne-spotkania\/","name":"Obraz akwarelowy \u201eWieczorne spotkania\u201d | Monika Bargie\u0142","isPartOf":{"@id":"https:\/\/monaartaquarell.com\/#website"},"primaryImageOfPage":{"@id":"https:\/\/monaartaquarell.com\/pl\/produkt\/architektura-wieczorne-spotkania\/#primaryimage"},"image":{"@id":"https:\/\/monaartaquarell.com\/pl\/produkt\/architektura-wieczorne-spotkania\/#primaryimage"},"thumbnailUrl":"https:\/\/monaartaquarell.com\/wp-content\/uploads\/2025\/05\/monaartaquarell_bild_5.jpg","datePublished":"2025-06-05T11:27:07+00:00","dateModified":"2025-06-20T07:57:17+00:00","description":"Nastrojowa scena uliczna z kawiarni\u0105 w\u015br\u00f3d klasycznych budynk\u00f3w. Obraz \u201eWieczorne spotkania\u201d to uchwycona chwila miejskiej poetyki w akwareli.","breadcrumb":{"@id":"https:\/\/monaartaquarell.com\/pl\/produkt\/architektura-wieczorne-spotkania\/#breadcrumb"},"inLanguage":"pl-PL","potentialAction":[{"@type":"ReadAction","target":["https:\/\/monaartaquarell.com\/pl\/produkt\/architektura-wieczorne-spotkania\/"]}]},{"@type":"ImageObject","inLanguage":"pl-PL","@id":"https:\/\/monaartaquarell.com\/pl\/produkt\/architektura-wieczorne-spotkania\/#primaryimage","url":"https:\/\/monaartaquarell.com\/wp-content\/uploads\/2025\/05\/monaartaquarell_bild_5.jpg","contentUrl":"https:\/\/monaartaquarell.com\/wp-content\/uploads\/2025\/05\/monaartaquarell_bild_5.jpg","width":1189,"height":1600,"caption":"Akwarela nastrojowej staromiejskiej uliczki z kawiarnianym ogr\u00f3dkiem, drzewami i klasyczn\u0105 architektur\u0105 \u2013 miejska scena autorstwa Moniki Bargie\u0142."},{"@type":"BreadcrumbList","@id":"https:\/\/monaartaquarell.com\/pl\/produkt\/architektura-wieczorne-spotkania\/#breadcrumb","itemListElement":[{"@type":"ListItem","position":1,"name":"Strona g\u0142\u00f3wna","item":"https:\/\/monaartaquarell.com\/"},{"@type":"ListItem","position":2,"name":"Shop","item":"https:\/\/monaartaquarell.com\/shop\/"},{"@type":"ListItem","position":3,"name":"Architektura &#8211; &#8222;Wieczorne spotkania&#8221;"}]},{"@type":"WebSite","@id":"https:\/\/monaartaquarell.com\/#website","url":"https:\/\/monaartaquarell.com\/","name":"Monaartaquarell","description":"Einzigartige Aquarellkunst von Monika Bargie\u0142 \u2013 inspiriert von Natur und Emotion.","publisher":{"@id":"https:\/\/monaartaquarell.com\/#\/schema\/person\/c6dac180cb6eaf85a262e9055c5d5b63"},"potentialAction":[{"@type":"SearchAction","target":{"@type":"EntryPoint","urlTemplate":"https:\/\/monaartaquarell.com\/?s={search_term_string}"},"query-input":{"@type":"PropertyValueSpecification","valueRequired":true,"valueName":"search_term_string"}}],"inLanguage":"pl-PL"},{"@type":["Person","Organization"],"@id":"https:\/\/monaartaquarell.com\/#\/schema\/person\/c6dac180cb6eaf85a262e9055c5d5b63","name":"admin-Vp5qLTVF","image":{"@type":"ImageObject","inLanguage":"pl-PL","@id":"https:\/\/monaartaquarell.com\/#\/schema\/person\/image\/","url":"https:\/\/monaartaquarell.com\/wp-content\/uploads\/2025\/06\/logo_hase_monaartaquarell-2-e1751009755296.png","contentUrl":"https:\/\/monaartaquarell.com\/wp-content\/uploads\/2025\/06\/logo_hase_monaartaquarell-2-e1751009755296.png","width":376,"height":331,"caption":"admin-Vp5qLTVF"},"logo":{"@id":"https:\/\/monaartaquarell.com\/#\/schema\/person\/image\/"},"sameAs":["https:\/\/monaartaquarell.com"]}]}},"_links":{"self":[{"href":"https:\/\/monaartaquarell.com\/pl\/wp-json\/wp\/v2\/product\/848","targetHints":{"allow":["GET"]}}],"collection":[{"href":"https:\/\/monaartaquarell.com\/pl\/wp-json\/wp\/v2\/product"}],"about":[{"href":"https:\/\/monaartaquarell.com\/pl\/wp-json\/wp\/v2\/types\/product"}],"replies":[{"embeddable":true,"href":"https:\/\/monaartaquarell.com\/pl\/wp-json\/wp\/v2\/comments?post=848"}],"wp:featuredmedia":[{"embeddable":true,"href":"https:\/\/monaartaquarell.com\/pl\/wp-json\/wp\/v2\/media\/687"}],"wp:attachment":[{"href":"https:\/\/monaartaquarell.com\/pl\/wp-json\/wp\/v2\/media?parent=848"}],"wp:term":[{"taxonomy":"product_brand","embeddable":true,"href":"https:\/\/monaartaquarell.com\/pl\/wp-json\/wp\/v2\/product_brand?post=848"},{"taxonomy":"product_cat","embeddable":true,"href":"https:\/\/monaartaquarell.com\/pl\/wp-json\/wp\/v2\/product_cat?post=848"},{"taxonomy":"product_tag","embeddable":true,"href":"https:\/\/monaartaquarell.com\/pl\/wp-json\/wp\/v2\/product_tag?post=848"}],"curies":[{"name":"wp","href":"https:\/\/api.w.org\/{rel}","templated":true}]}}