{"id":846,"date":"2025-06-05T13:19:43","date_gmt":"2025-06-05T11:19:43","guid":{"rendered":"https:\/\/monaartaquarell.com\/produkt\/zatoka-w-tajlandii-senne-marzenie\/"},"modified":"2025-06-20T10:17:54","modified_gmt":"2025-06-20T08:17:54","slug":"zatoka-w-tajlandii-senne-marzenie","status":"publish","type":"product","link":"https:\/\/monaartaquarell.com\/pl\/produkt\/zatoka-w-tajlandii-senne-marzenie\/","title":{"rendered":"Zatoka w Tajlandii &#8211; &#8222;Senne marzenie&#8221;"},"content":{"rendered":"<p><em>akwarela na papierze, 22,5 \u00d7 30 cm, 2024<\/em><\/p>\n","protected":false},"excerpt":{"rendered":"<p><em>akwarela na papierze, 22,5 \u00d7 30 cm, 2024<\/em><\/p>\n<p data-start=\"267\" data-end=\"568\">Wapienne ska\u0142y, turkusowa woda, spokojnie zacumowana \u0142\u00f3d\u017a \u2013 ta kompozycja przenosi w tropikalny spok\u00f3j zatoki w Tajlandii.<br data-start=\"407\" data-end=\"410\" \/>Akwarela<strong data-start=\"423\" data-end=\"449\"> \u201eSenne marzenie\u201d <\/strong>odzwierciedla t\u0119sknot\u0119 za dalekimi miejscami, cisz\u0119 i ciep\u0142o. Harmonijny krajobraz pe\u0142en \u015bwiat\u0142a i t\u0119sknoty, namalowany w 2024 roku.<\/p>\n<p data-start=\"570\" data-end=\"656\">Wymiary: 22,5 \u00d7 30 cm<br data-start=\"590\" data-end=\"593\" \/>Technika: akwarela na papierze<br data-start=\"621\" data-end=\"624\" \/>Rok: 2024<\/p>\n<p data-start=\"681\" data-end=\"809\"><strong data-start=\"681\" data-end=\"693\">Uwaga:<\/strong><br data-start=\"693\" data-end=\"696\" \/><em>Kolory orygina\u0142u mog\u0105 si\u0119 nieznacznie r\u00f3\u017cni\u0107 od zdj\u0119cia w zale\u017cno\u015bci od ustawie\u0144 ekranu.<\/em><\/p>\n","protected":false},"featured_media":705,"comment_status":"open","ping_status":"closed","template":"","meta":[],"product_brand":[],"product_cat":[39],"product_tag":[],"class_list":{"0":"post-846","1":"product","2":"type-product","3":"status-publish","4":"has-post-thumbnail","6":"product_cat-bez-kategorii","8":"first","9":"instock","10":"sold-individually","11":"shipping-taxable","12":"purchasable","13":"product-type-simple"},"yoast_head":"<!-- This site is optimized with the Yoast SEO plugin v26.5 - https:\/\/yoast.com\/wordpress\/plugins\/seo\/ -->\n<title>Akwarela \u201eSenne marzenie\u201d | Monika Bargie\u0142<\/title>\n<meta name=\"description\" content=\"Turkusowa woda, \u0142\u00f3d\u017a i wapienne ska\u0142y \u2013 obraz \u201eSenne marzenie\u201d przenosi do tajlandzkiej zatoki pe\u0142nej spokoju i ciep\u0142a.\" \/>\n<meta name=\"robots\" content=\"index, follow, max-snippet:-1, max-image-preview:large, max-video-preview:-1\" \/>\n<link rel=\"canonical\" href=\"https:\/\/monaartaquarell.com\/pl\/produkt\/zatoka-w-tajlandii-senne-marzenie\/\" \/>\n<meta property=\"og:locale\" content=\"pl_PL\" \/>\n<meta property=\"og:type\" content=\"article\" \/>\n<meta property=\"og:title\" content=\"Akwarela \u201eSenne marzenie\u201d | Monika Bargie\u0142\" \/>\n<meta property=\"og:description\" content=\"Turkusowa woda, \u0142\u00f3d\u017a i wapienne ska\u0142y \u2013 obraz \u201eSenne marzenie\u201d przenosi do tajlandzkiej zatoki pe\u0142nej spokoju i ciep\u0142a.\" \/>\n<meta property=\"og:url\" content=\"https:\/\/monaartaquarell.com\/pl\/produkt\/zatoka-w-tajlandii-senne-marzenie\/\" \/>\n<meta property=\"og:site_name\" content=\"Monaartaquarell\" \/>\n<meta property=\"article:modified_time\" content=\"2025-06-20T08:17:54+00:00\" \/>\n<meta property=\"og:image\" content=\"https:\/\/monaartaquarell.com\/wp-content\/uploads\/2025\/05\/monaartaquarell_bild_14.jpg\" \/>\n\t<meta property=\"og:image:width\" content=\"1600\" \/>\n\t<meta property=\"og:image:height\" content=\"1194\" \/>\n\t<meta property=\"og:image:type\" content=\"image\/jpeg\" \/>\n<meta name=\"twitter:card\" content=\"summary_large_image\" \/>\n<meta name=\"twitter:label1\" content=\"Szacowany czas czytania\" \/>\n\t<meta name=\"twitter:data1\" content=\"1 minuta\" \/>\n<script type=\"application\/ld+json\" class=\"yoast-schema-graph\">{\"@context\":\"https:\/\/schema.org\",\"@graph\":[{\"@type\":\"WebPage\",\"@id\":\"https:\/\/monaartaquarell.com\/pl\/produkt\/zatoka-w-tajlandii-senne-marzenie\/\",\"url\":\"https:\/\/monaartaquarell.com\/pl\/produkt\/zatoka-w-tajlandii-senne-marzenie\/\",\"name\":\"Akwarela \u201eSenne marzenie\u201d | Monika Bargie\u0142\",\"isPartOf\":{\"@id\":\"https:\/\/monaartaquarell.com\/#website\"},\"primaryImageOfPage\":{\"@id\":\"https:\/\/monaartaquarell.com\/pl\/produkt\/zatoka-w-tajlandii-senne-marzenie\/#primaryimage\"},\"image\":{\"@id\":\"https:\/\/monaartaquarell.com\/pl\/produkt\/zatoka-w-tajlandii-senne-marzenie\/#primaryimage\"},\"thumbnailUrl\":\"https:\/\/monaartaquarell.com\/wp-content\/uploads\/2025\/05\/monaartaquarell_bild_14.jpg\",\"datePublished\":\"2025-06-05T11:19:43+00:00\",\"dateModified\":\"2025-06-20T08:17:54+00:00\",\"description\":\"Turkusowa woda, \u0142\u00f3d\u017a i wapienne ska\u0142y \u2013 obraz \u201eSenne marzenie\u201d przenosi do tajlandzkiej zatoki pe\u0142nej spokoju i ciep\u0142a.\",\"breadcrumb\":{\"@id\":\"https:\/\/monaartaquarell.com\/pl\/produkt\/zatoka-w-tajlandii-senne-marzenie\/#breadcrumb\"},\"inLanguage\":\"pl-PL\",\"potentialAction\":[{\"@type\":\"ReadAction\",\"target\":[\"https:\/\/monaartaquarell.com\/pl\/produkt\/zatoka-w-tajlandii-senne-marzenie\/\"]}]},{\"@type\":\"ImageObject\",\"inLanguage\":\"pl-PL\",\"@id\":\"https:\/\/monaartaquarell.com\/pl\/produkt\/zatoka-w-tajlandii-senne-marzenie\/#primaryimage\",\"url\":\"https:\/\/monaartaquarell.com\/wp-content\/uploads\/2025\/05\/monaartaquarell_bild_14.jpg\",\"contentUrl\":\"https:\/\/monaartaquarell.com\/wp-content\/uploads\/2025\/05\/monaartaquarell_bild_14.jpg\",\"width\":1600,\"height\":1194,\"caption\":\"Akwarela przedstawiaj\u0105ca tradycyjn\u0105 scen\u0119 z \u0142odzi\u0105 w tropikalnej skalistej zatoce \u2013 inspirowana azjatyckimi krajobrazami, namalowana przez Monik\u0119 Bargie\u0142.\"},{\"@type\":\"BreadcrumbList\",\"@id\":\"https:\/\/monaartaquarell.com\/pl\/produkt\/zatoka-w-tajlandii-senne-marzenie\/#breadcrumb\",\"itemListElement\":[{\"@type\":\"ListItem\",\"position\":1,\"name\":\"Strona g\u0142\u00f3wna\",\"item\":\"https:\/\/monaartaquarell.com\/\"},{\"@type\":\"ListItem\",\"position\":2,\"name\":\"Shop\",\"item\":\"https:\/\/monaartaquarell.com\/shop\/\"},{\"@type\":\"ListItem\",\"position\":3,\"name\":\"Zatoka w Tajlandii &#8211; &#8222;Senne marzenie&#8221;\"}]},{\"@type\":\"WebSite\",\"@id\":\"https:\/\/monaartaquarell.com\/#website\",\"url\":\"https:\/\/monaartaquarell.com\/\",\"name\":\"Monaartaquarell\",\"description\":\"Einzigartige Aquarellkunst von Monika Bargie\u0142 \u2013 inspiriert von Natur und Emotion.\",\"publisher\":{\"@id\":\"https:\/\/monaartaquarell.com\/#\/schema\/person\/c6dac180cb6eaf85a262e9055c5d5b63\"},\"potentialAction\":[{\"@type\":\"SearchAction\",\"target\":{\"@type\":\"EntryPoint\",\"urlTemplate\":\"https:\/\/monaartaquarell.com\/?s={search_term_string}\"},\"query-input\":{\"@type\":\"PropertyValueSpecification\",\"valueRequired\":true,\"valueName\":\"search_term_string\"}}],\"inLanguage\":\"pl-PL\"},{\"@type\":[\"Person\",\"Organization\"],\"@id\":\"https:\/\/monaartaquarell.com\/#\/schema\/person\/c6dac180cb6eaf85a262e9055c5d5b63\",\"name\":\"admin-Vp5qLTVF\",\"image\":{\"@type\":\"ImageObject\",\"inLanguage\":\"pl-PL\",\"@id\":\"https:\/\/monaartaquarell.com\/#\/schema\/person\/image\/\",\"url\":\"https:\/\/monaartaquarell.com\/wp-content\/uploads\/2025\/06\/logo_hase_monaartaquarell-2-e1751009755296.png\",\"contentUrl\":\"https:\/\/monaartaquarell.com\/wp-content\/uploads\/2025\/06\/logo_hase_monaartaquarell-2-e1751009755296.png\",\"width\":376,\"height\":331,\"caption\":\"admin-Vp5qLTVF\"},\"logo\":{\"@id\":\"https:\/\/monaartaquarell.com\/#\/schema\/person\/image\/\"},\"sameAs\":[\"https:\/\/monaartaquarell.com\"]}]}<\/script>\n<!-- \/ Yoast SEO plugin. -->","yoast_head_json":{"title":"Akwarela \u201eSenne marzenie\u201d | Monika Bargie\u0142","description":"Turkusowa woda, \u0142\u00f3d\u017a i wapienne ska\u0142y \u2013 obraz \u201eSenne marzenie\u201d przenosi do tajlandzkiej zatoki pe\u0142nej spokoju i ciep\u0142a.","robots":{"index":"index","follow":"follow","max-snippet":"max-snippet:-1","max-image-preview":"max-image-preview:large","max-video-preview":"max-video-preview:-1"},"canonical":"https:\/\/monaartaquarell.com\/pl\/produkt\/zatoka-w-tajlandii-senne-marzenie\/","og_locale":"pl_PL","og_type":"article","og_title":"Akwarela \u201eSenne marzenie\u201d | Monika Bargie\u0142","og_description":"Turkusowa woda, \u0142\u00f3d\u017a i wapienne ska\u0142y \u2013 obraz \u201eSenne marzenie\u201d przenosi do tajlandzkiej zatoki pe\u0142nej spokoju i ciep\u0142a.","og_url":"https:\/\/monaartaquarell.com\/pl\/produkt\/zatoka-w-tajlandii-senne-marzenie\/","og_site_name":"Monaartaquarell","article_modified_time":"2025-06-20T08:17:54+00:00","og_image":[{"width":1600,"height":1194,"url":"https:\/\/monaartaquarell.com\/wp-content\/uploads\/2025\/05\/monaartaquarell_bild_14.jpg","type":"image\/jpeg"}],"twitter_card":"summary_large_image","twitter_misc":{"Szacowany czas czytania":"1 minuta"},"schema":{"@context":"https:\/\/schema.org","@graph":[{"@type":"WebPage","@id":"https:\/\/monaartaquarell.com\/pl\/produkt\/zatoka-w-tajlandii-senne-marzenie\/","url":"https:\/\/monaartaquarell.com\/pl\/produkt\/zatoka-w-tajlandii-senne-marzenie\/","name":"Akwarela \u201eSenne marzenie\u201d | Monika Bargie\u0142","isPartOf":{"@id":"https:\/\/monaartaquarell.com\/#website"},"primaryImageOfPage":{"@id":"https:\/\/monaartaquarell.com\/pl\/produkt\/zatoka-w-tajlandii-senne-marzenie\/#primaryimage"},"image":{"@id":"https:\/\/monaartaquarell.com\/pl\/produkt\/zatoka-w-tajlandii-senne-marzenie\/#primaryimage"},"thumbnailUrl":"https:\/\/monaartaquarell.com\/wp-content\/uploads\/2025\/05\/monaartaquarell_bild_14.jpg","datePublished":"2025-06-05T11:19:43+00:00","dateModified":"2025-06-20T08:17:54+00:00","description":"Turkusowa woda, \u0142\u00f3d\u017a i wapienne ska\u0142y \u2013 obraz \u201eSenne marzenie\u201d przenosi do tajlandzkiej zatoki pe\u0142nej spokoju i ciep\u0142a.","breadcrumb":{"@id":"https:\/\/monaartaquarell.com\/pl\/produkt\/zatoka-w-tajlandii-senne-marzenie\/#breadcrumb"},"inLanguage":"pl-PL","potentialAction":[{"@type":"ReadAction","target":["https:\/\/monaartaquarell.com\/pl\/produkt\/zatoka-w-tajlandii-senne-marzenie\/"]}]},{"@type":"ImageObject","inLanguage":"pl-PL","@id":"https:\/\/monaartaquarell.com\/pl\/produkt\/zatoka-w-tajlandii-senne-marzenie\/#primaryimage","url":"https:\/\/monaartaquarell.com\/wp-content\/uploads\/2025\/05\/monaartaquarell_bild_14.jpg","contentUrl":"https:\/\/monaartaquarell.com\/wp-content\/uploads\/2025\/05\/monaartaquarell_bild_14.jpg","width":1600,"height":1194,"caption":"Akwarela przedstawiaj\u0105ca tradycyjn\u0105 scen\u0119 z \u0142odzi\u0105 w tropikalnej skalistej zatoce \u2013 inspirowana azjatyckimi krajobrazami, namalowana przez Monik\u0119 Bargie\u0142."},{"@type":"BreadcrumbList","@id":"https:\/\/monaartaquarell.com\/pl\/produkt\/zatoka-w-tajlandii-senne-marzenie\/#breadcrumb","itemListElement":[{"@type":"ListItem","position":1,"name":"Strona g\u0142\u00f3wna","item":"https:\/\/monaartaquarell.com\/"},{"@type":"ListItem","position":2,"name":"Shop","item":"https:\/\/monaartaquarell.com\/shop\/"},{"@type":"ListItem","position":3,"name":"Zatoka w Tajlandii &#8211; &#8222;Senne marzenie&#8221;"}]},{"@type":"WebSite","@id":"https:\/\/monaartaquarell.com\/#website","url":"https:\/\/monaartaquarell.com\/","name":"Monaartaquarell","description":"Einzigartige Aquarellkunst von Monika Bargie\u0142 \u2013 inspiriert von Natur und Emotion.","publisher":{"@id":"https:\/\/monaartaquarell.com\/#\/schema\/person\/c6dac180cb6eaf85a262e9055c5d5b63"},"potentialAction":[{"@type":"SearchAction","target":{"@type":"EntryPoint","urlTemplate":"https:\/\/monaartaquarell.com\/?s={search_term_string}"},"query-input":{"@type":"PropertyValueSpecification","valueRequired":true,"valueName":"search_term_string"}}],"inLanguage":"pl-PL"},{"@type":["Person","Organization"],"@id":"https:\/\/monaartaquarell.com\/#\/schema\/person\/c6dac180cb6eaf85a262e9055c5d5b63","name":"admin-Vp5qLTVF","image":{"@type":"ImageObject","inLanguage":"pl-PL","@id":"https:\/\/monaartaquarell.com\/#\/schema\/person\/image\/","url":"https:\/\/monaartaquarell.com\/wp-content\/uploads\/2025\/06\/logo_hase_monaartaquarell-2-e1751009755296.png","contentUrl":"https:\/\/monaartaquarell.com\/wp-content\/uploads\/2025\/06\/logo_hase_monaartaquarell-2-e1751009755296.png","width":376,"height":331,"caption":"admin-Vp5qLTVF"},"logo":{"@id":"https:\/\/monaartaquarell.com\/#\/schema\/person\/image\/"},"sameAs":["https:\/\/monaartaquarell.com"]}]}},"_links":{"self":[{"href":"https:\/\/monaartaquarell.com\/pl\/wp-json\/wp\/v2\/product\/846","targetHints":{"allow":["GET"]}}],"collection":[{"href":"https:\/\/monaartaquarell.com\/pl\/wp-json\/wp\/v2\/product"}],"about":[{"href":"https:\/\/monaartaquarell.com\/pl\/wp-json\/wp\/v2\/types\/product"}],"replies":[{"embeddable":true,"href":"https:\/\/monaartaquarell.com\/pl\/wp-json\/wp\/v2\/comments?post=846"}],"wp:featuredmedia":[{"embeddable":true,"href":"https:\/\/monaartaquarell.com\/pl\/wp-json\/wp\/v2\/media\/705"}],"wp:attachment":[{"href":"https:\/\/monaartaquarell.com\/pl\/wp-json\/wp\/v2\/media?parent=846"}],"wp:term":[{"taxonomy":"product_brand","embeddable":true,"href":"https:\/\/monaartaquarell.com\/pl\/wp-json\/wp\/v2\/product_brand?post=846"},{"taxonomy":"product_cat","embeddable":true,"href":"https:\/\/monaartaquarell.com\/pl\/wp-json\/wp\/v2\/product_cat?post=846"},{"taxonomy":"product_tag","embeddable":true,"href":"https:\/\/monaartaquarell.com\/pl\/wp-json\/wp\/v2\/product_tag?post=846"}],"curies":[{"name":"wp","href":"https:\/\/api.w.org\/{rel}","templated":true}]}}