{"id":838,"date":"2025-06-05T12:50:32","date_gmt":"2025-06-05T10:50:32","guid":{"rendered":"https:\/\/monaartaquarell.com\/produkt\/ambona-czastki-lasu\/"},"modified":"2025-06-20T10:45:58","modified_gmt":"2025-06-20T08:45:58","slug":"ambona-czastki-lasu","status":"publish","type":"product","link":"https:\/\/monaartaquarell.com\/pl\/produkt\/ambona-czastki-lasu\/","title":{"rendered":"Ambona &#8211; &#8222;Cz\u0105stki lasu&#8221;"},"content":{"rendered":"<p><em>akwarela na papierze, 22,5 \u00d7 30 cm, 2025<\/em><\/p>\n","protected":false},"excerpt":{"rendered":"<p><em>akwarela na papierze, 22,5 \u00d7 30 cm, 2025<\/em><\/p>\n<p data-start=\"489\" data-end=\"802\">Opuszczona ambona stoi na skraju lasu \u2013 scena jest cicha, niemal mistyczna, zanurzona we mgle i zielonych odcieniach.<br data-start=\"613\" data-end=\"616\" \/>Akwarela <strong data-start=\"629\" data-end=\"647\">\u201eCz\u0105stki lasu\u201d<\/strong> to cicha oda do lasu jako przestrzeni przechowuj\u0105cej wspomnienia, zapachy, d\u017awi\u0119ki i my\u015bli. Oszcz\u0119dna w kolorystyce, ale bogata w atmosfer\u0119.<\/p>\n<p data-start=\"804\" data-end=\"890\">Wymiary: 22,5 \u00d7 30 cm<br data-start=\"824\" data-end=\"827\" \/>Technika: akwarela na papierze<br data-start=\"855\" data-end=\"858\" \/>Rok: 2025<\/p>\n<p data-start=\"681\" data-end=\"809\"><strong data-start=\"681\" data-end=\"693\">Uwaga:<\/strong><br data-start=\"693\" data-end=\"696\" \/><em>Kolory orygina\u0142u mog\u0105 si\u0119 nieznacznie r\u00f3\u017cni\u0107 od zdj\u0119cia w zale\u017cno\u015bci od ustawie\u0144 ekranu.<\/em><\/p>\n","protected":false},"featured_media":741,"comment_status":"open","ping_status":"closed","template":"","meta":[],"product_brand":[],"product_cat":[39],"product_tag":[],"class_list":{"0":"post-838","1":"product","2":"type-product","3":"status-publish","4":"has-post-thumbnail","6":"product_cat-bez-kategorii","8":"first","9":"instock","10":"sold-individually","11":"shipping-taxable","12":"purchasable","13":"product-type-simple"},"yoast_head":"<!-- This site is optimized with the Yoast SEO plugin v26.5 - https:\/\/yoast.com\/wordpress\/plugins\/seo\/ -->\n<title>Akwarela \u201eCz\u0105stki lasu\u201d | Monika Bargie\u0142<\/title>\n<meta name=\"description\" content=\"Obraz ukazuje samotn\u0105 ambon\u0119 na skraju lasu \u2013 poetycka scena w zieleni, oddaj\u0105ca cisz\u0119 i ulotno\u015b\u0107 wspomnie\u0144.\" \/>\n<meta name=\"robots\" content=\"index, follow, max-snippet:-1, max-image-preview:large, max-video-preview:-1\" \/>\n<link rel=\"canonical\" href=\"https:\/\/monaartaquarell.com\/pl\/produkt\/ambona-czastki-lasu\/\" \/>\n<meta property=\"og:locale\" content=\"pl_PL\" \/>\n<meta property=\"og:type\" content=\"article\" \/>\n<meta property=\"og:title\" content=\"Akwarela \u201eCz\u0105stki lasu\u201d | Monika Bargie\u0142\" \/>\n<meta property=\"og:description\" content=\"Obraz ukazuje samotn\u0105 ambon\u0119 na skraju lasu \u2013 poetycka scena w zieleni, oddaj\u0105ca cisz\u0119 i ulotno\u015b\u0107 wspomnie\u0144.\" \/>\n<meta property=\"og:url\" content=\"https:\/\/monaartaquarell.com\/pl\/produkt\/ambona-czastki-lasu\/\" \/>\n<meta property=\"og:site_name\" content=\"Monaartaquarell\" \/>\n<meta property=\"article:modified_time\" content=\"2025-06-20T08:45:58+00:00\" \/>\n<meta property=\"og:image\" content=\"https:\/\/monaartaquarell.com\/wp-content\/uploads\/2025\/06\/monaartaquarell_bild_15.jpg\" \/>\n\t<meta property=\"og:image:width\" content=\"1679\" \/>\n\t<meta property=\"og:image:height\" content=\"2241\" \/>\n\t<meta property=\"og:image:type\" content=\"image\/jpeg\" \/>\n<meta name=\"twitter:card\" content=\"summary_large_image\" \/>\n<meta name=\"twitter:label1\" content=\"Szacowany czas czytania\" \/>\n\t<meta name=\"twitter:data1\" content=\"1 minuta\" \/>\n<script type=\"application\/ld+json\" class=\"yoast-schema-graph\">{\"@context\":\"https:\/\/schema.org\",\"@graph\":[{\"@type\":\"WebPage\",\"@id\":\"https:\/\/monaartaquarell.com\/pl\/produkt\/ambona-czastki-lasu\/\",\"url\":\"https:\/\/monaartaquarell.com\/pl\/produkt\/ambona-czastki-lasu\/\",\"name\":\"Akwarela \u201eCz\u0105stki lasu\u201d | Monika Bargie\u0142\",\"isPartOf\":{\"@id\":\"https:\/\/monaartaquarell.com\/#website\"},\"primaryImageOfPage\":{\"@id\":\"https:\/\/monaartaquarell.com\/pl\/produkt\/ambona-czastki-lasu\/#primaryimage\"},\"image\":{\"@id\":\"https:\/\/monaartaquarell.com\/pl\/produkt\/ambona-czastki-lasu\/#primaryimage\"},\"thumbnailUrl\":\"https:\/\/monaartaquarell.com\/wp-content\/uploads\/2025\/06\/monaartaquarell_bild_15.jpg\",\"datePublished\":\"2025-06-05T10:50:32+00:00\",\"dateModified\":\"2025-06-20T08:45:58+00:00\",\"description\":\"Obraz ukazuje samotn\u0105 ambon\u0119 na skraju lasu \u2013 poetycka scena w zieleni, oddaj\u0105ca cisz\u0119 i ulotno\u015b\u0107 wspomnie\u0144.\",\"breadcrumb\":{\"@id\":\"https:\/\/monaartaquarell.com\/pl\/produkt\/ambona-czastki-lasu\/#breadcrumb\"},\"inLanguage\":\"pl-PL\",\"potentialAction\":[{\"@type\":\"ReadAction\",\"target\":[\"https:\/\/monaartaquarell.com\/pl\/produkt\/ambona-czastki-lasu\/\"]}]},{\"@type\":\"ImageObject\",\"inLanguage\":\"pl-PL\",\"@id\":\"https:\/\/monaartaquarell.com\/pl\/produkt\/ambona-czastki-lasu\/#primaryimage\",\"url\":\"https:\/\/monaartaquarell.com\/wp-content\/uploads\/2025\/06\/monaartaquarell_bild_15.jpg\",\"contentUrl\":\"https:\/\/monaartaquarell.com\/wp-content\/uploads\/2025\/06\/monaartaquarell_bild_15.jpg\",\"width\":1679,\"height\":2241,\"caption\":\"Akwarela przedstawiaj\u0105ca ambon\u0119 my\u015bliwsk\u0105 w lesie \u2013 nastrojowa scena w odcieniach zieleni, z rozmytym t\u0142em i le\u015bn\u0105 \u015bcie\u017ck\u0105.\"},{\"@type\":\"BreadcrumbList\",\"@id\":\"https:\/\/monaartaquarell.com\/pl\/produkt\/ambona-czastki-lasu\/#breadcrumb\",\"itemListElement\":[{\"@type\":\"ListItem\",\"position\":1,\"name\":\"Strona g\u0142\u00f3wna\",\"item\":\"https:\/\/monaartaquarell.com\/\"},{\"@type\":\"ListItem\",\"position\":2,\"name\":\"Shop\",\"item\":\"https:\/\/monaartaquarell.com\/shop\/\"},{\"@type\":\"ListItem\",\"position\":3,\"name\":\"Ambona &#8211; &#8222;Cz\u0105stki lasu&#8221;\"}]},{\"@type\":\"WebSite\",\"@id\":\"https:\/\/monaartaquarell.com\/#website\",\"url\":\"https:\/\/monaartaquarell.com\/\",\"name\":\"Monaartaquarell\",\"description\":\"Einzigartige Aquarellkunst von Monika Bargie\u0142 \u2013 inspiriert von Natur und Emotion.\",\"publisher\":{\"@id\":\"https:\/\/monaartaquarell.com\/#\/schema\/person\/c6dac180cb6eaf85a262e9055c5d5b63\"},\"potentialAction\":[{\"@type\":\"SearchAction\",\"target\":{\"@type\":\"EntryPoint\",\"urlTemplate\":\"https:\/\/monaartaquarell.com\/?s={search_term_string}\"},\"query-input\":{\"@type\":\"PropertyValueSpecification\",\"valueRequired\":true,\"valueName\":\"search_term_string\"}}],\"inLanguage\":\"pl-PL\"},{\"@type\":[\"Person\",\"Organization\"],\"@id\":\"https:\/\/monaartaquarell.com\/#\/schema\/person\/c6dac180cb6eaf85a262e9055c5d5b63\",\"name\":\"admin-Vp5qLTVF\",\"image\":{\"@type\":\"ImageObject\",\"inLanguage\":\"pl-PL\",\"@id\":\"https:\/\/monaartaquarell.com\/#\/schema\/person\/image\/\",\"url\":\"https:\/\/monaartaquarell.com\/wp-content\/uploads\/2025\/06\/logo_hase_monaartaquarell-2-e1751009755296.png\",\"contentUrl\":\"https:\/\/monaartaquarell.com\/wp-content\/uploads\/2025\/06\/logo_hase_monaartaquarell-2-e1751009755296.png\",\"width\":376,\"height\":331,\"caption\":\"admin-Vp5qLTVF\"},\"logo\":{\"@id\":\"https:\/\/monaartaquarell.com\/#\/schema\/person\/image\/\"},\"sameAs\":[\"https:\/\/monaartaquarell.com\"]}]}<\/script>\n<!-- \/ Yoast SEO plugin. -->","yoast_head_json":{"title":"Akwarela \u201eCz\u0105stki lasu\u201d | Monika Bargie\u0142","description":"Obraz ukazuje samotn\u0105 ambon\u0119 na skraju lasu \u2013 poetycka scena w zieleni, oddaj\u0105ca cisz\u0119 i ulotno\u015b\u0107 wspomnie\u0144.","robots":{"index":"index","follow":"follow","max-snippet":"max-snippet:-1","max-image-preview":"max-image-preview:large","max-video-preview":"max-video-preview:-1"},"canonical":"https:\/\/monaartaquarell.com\/pl\/produkt\/ambona-czastki-lasu\/","og_locale":"pl_PL","og_type":"article","og_title":"Akwarela \u201eCz\u0105stki lasu\u201d | Monika Bargie\u0142","og_description":"Obraz ukazuje samotn\u0105 ambon\u0119 na skraju lasu \u2013 poetycka scena w zieleni, oddaj\u0105ca cisz\u0119 i ulotno\u015b\u0107 wspomnie\u0144.","og_url":"https:\/\/monaartaquarell.com\/pl\/produkt\/ambona-czastki-lasu\/","og_site_name":"Monaartaquarell","article_modified_time":"2025-06-20T08:45:58+00:00","og_image":[{"width":1679,"height":2241,"url":"https:\/\/monaartaquarell.com\/wp-content\/uploads\/2025\/06\/monaartaquarell_bild_15.jpg","type":"image\/jpeg"}],"twitter_card":"summary_large_image","twitter_misc":{"Szacowany czas czytania":"1 minuta"},"schema":{"@context":"https:\/\/schema.org","@graph":[{"@type":"WebPage","@id":"https:\/\/monaartaquarell.com\/pl\/produkt\/ambona-czastki-lasu\/","url":"https:\/\/monaartaquarell.com\/pl\/produkt\/ambona-czastki-lasu\/","name":"Akwarela \u201eCz\u0105stki lasu\u201d | Monika Bargie\u0142","isPartOf":{"@id":"https:\/\/monaartaquarell.com\/#website"},"primaryImageOfPage":{"@id":"https:\/\/monaartaquarell.com\/pl\/produkt\/ambona-czastki-lasu\/#primaryimage"},"image":{"@id":"https:\/\/monaartaquarell.com\/pl\/produkt\/ambona-czastki-lasu\/#primaryimage"},"thumbnailUrl":"https:\/\/monaartaquarell.com\/wp-content\/uploads\/2025\/06\/monaartaquarell_bild_15.jpg","datePublished":"2025-06-05T10:50:32+00:00","dateModified":"2025-06-20T08:45:58+00:00","description":"Obraz ukazuje samotn\u0105 ambon\u0119 na skraju lasu \u2013 poetycka scena w zieleni, oddaj\u0105ca cisz\u0119 i ulotno\u015b\u0107 wspomnie\u0144.","breadcrumb":{"@id":"https:\/\/monaartaquarell.com\/pl\/produkt\/ambona-czastki-lasu\/#breadcrumb"},"inLanguage":"pl-PL","potentialAction":[{"@type":"ReadAction","target":["https:\/\/monaartaquarell.com\/pl\/produkt\/ambona-czastki-lasu\/"]}]},{"@type":"ImageObject","inLanguage":"pl-PL","@id":"https:\/\/monaartaquarell.com\/pl\/produkt\/ambona-czastki-lasu\/#primaryimage","url":"https:\/\/monaartaquarell.com\/wp-content\/uploads\/2025\/06\/monaartaquarell_bild_15.jpg","contentUrl":"https:\/\/monaartaquarell.com\/wp-content\/uploads\/2025\/06\/monaartaquarell_bild_15.jpg","width":1679,"height":2241,"caption":"Akwarela przedstawiaj\u0105ca ambon\u0119 my\u015bliwsk\u0105 w lesie \u2013 nastrojowa scena w odcieniach zieleni, z rozmytym t\u0142em i le\u015bn\u0105 \u015bcie\u017ck\u0105."},{"@type":"BreadcrumbList","@id":"https:\/\/monaartaquarell.com\/pl\/produkt\/ambona-czastki-lasu\/#breadcrumb","itemListElement":[{"@type":"ListItem","position":1,"name":"Strona g\u0142\u00f3wna","item":"https:\/\/monaartaquarell.com\/"},{"@type":"ListItem","position":2,"name":"Shop","item":"https:\/\/monaartaquarell.com\/shop\/"},{"@type":"ListItem","position":3,"name":"Ambona &#8211; &#8222;Cz\u0105stki lasu&#8221;"}]},{"@type":"WebSite","@id":"https:\/\/monaartaquarell.com\/#website","url":"https:\/\/monaartaquarell.com\/","name":"Monaartaquarell","description":"Einzigartige Aquarellkunst von Monika Bargie\u0142 \u2013 inspiriert von Natur und Emotion.","publisher":{"@id":"https:\/\/monaartaquarell.com\/#\/schema\/person\/c6dac180cb6eaf85a262e9055c5d5b63"},"potentialAction":[{"@type":"SearchAction","target":{"@type":"EntryPoint","urlTemplate":"https:\/\/monaartaquarell.com\/?s={search_term_string}"},"query-input":{"@type":"PropertyValueSpecification","valueRequired":true,"valueName":"search_term_string"}}],"inLanguage":"pl-PL"},{"@type":["Person","Organization"],"@id":"https:\/\/monaartaquarell.com\/#\/schema\/person\/c6dac180cb6eaf85a262e9055c5d5b63","name":"admin-Vp5qLTVF","image":{"@type":"ImageObject","inLanguage":"pl-PL","@id":"https:\/\/monaartaquarell.com\/#\/schema\/person\/image\/","url":"https:\/\/monaartaquarell.com\/wp-content\/uploads\/2025\/06\/logo_hase_monaartaquarell-2-e1751009755296.png","contentUrl":"https:\/\/monaartaquarell.com\/wp-content\/uploads\/2025\/06\/logo_hase_monaartaquarell-2-e1751009755296.png","width":376,"height":331,"caption":"admin-Vp5qLTVF"},"logo":{"@id":"https:\/\/monaartaquarell.com\/#\/schema\/person\/image\/"},"sameAs":["https:\/\/monaartaquarell.com"]}]}},"_links":{"self":[{"href":"https:\/\/monaartaquarell.com\/pl\/wp-json\/wp\/v2\/product\/838","targetHints":{"allow":["GET"]}}],"collection":[{"href":"https:\/\/monaartaquarell.com\/pl\/wp-json\/wp\/v2\/product"}],"about":[{"href":"https:\/\/monaartaquarell.com\/pl\/wp-json\/wp\/v2\/types\/product"}],"replies":[{"embeddable":true,"href":"https:\/\/monaartaquarell.com\/pl\/wp-json\/wp\/v2\/comments?post=838"}],"wp:featuredmedia":[{"embeddable":true,"href":"https:\/\/monaartaquarell.com\/pl\/wp-json\/wp\/v2\/media\/741"}],"wp:attachment":[{"href":"https:\/\/monaartaquarell.com\/pl\/wp-json\/wp\/v2\/media?parent=838"}],"wp:term":[{"taxonomy":"product_brand","embeddable":true,"href":"https:\/\/monaartaquarell.com\/pl\/wp-json\/wp\/v2\/product_brand?post=838"},{"taxonomy":"product_cat","embeddable":true,"href":"https:\/\/monaartaquarell.com\/pl\/wp-json\/wp\/v2\/product_cat?post=838"},{"taxonomy":"product_tag","embeddable":true,"href":"https:\/\/monaartaquarell.com\/pl\/wp-json\/wp\/v2\/product_tag?post=838"}],"curies":[{"name":"wp","href":"https:\/\/api.w.org\/{rel}","templated":true}]}}