{"id":830,"date":"2025-06-04T14:33:21","date_gmt":"2025-06-04T12:33:21","guid":{"rendered":"https:\/\/monaartaquarell.com\/produkt\/sikorka-spojrzenie\/"},"modified":"2025-06-20T12:18:11","modified_gmt":"2025-06-20T10:18:11","slug":"sikorka-spojrzenie","status":"publish","type":"product","link":"https:\/\/monaartaquarell.com\/pl\/produkt\/sikorka-spojrzenie\/","title":{"rendered":"Sikorka &#8211; &#8222;Spojrzenie&#8221;"},"content":{"rendered":"<p><em>akwarela na papierze, 20,5 \u00d7 29,5 cm, 2025<\/em><\/p>\n","protected":false},"excerpt":{"rendered":"<p><em>akwarela na papierze, 20,5 \u00d7 29,5 cm, 2025<\/em><\/p>\n<p data-start=\"286\" data-end=\"564\">Z \u017cywym upierzeniem i czujnym spojrzeniem ma\u0142a sikorka siedzi na ga\u0142\u0119zi, otoczona \u015bwietlistym, abstrakcyjnym t\u0142em.<br data-start=\"431\" data-end=\"434\" \/>Akwarela \u201e<strong data-start=\"447\" data-end=\"462\">Spojrzenie<\/strong>\u201d uchwyca chwil\u0119 pe\u0142n\u0105 obecno\u015bci i ciszy \u2013 symbol uwa\u017cno\u015bci i blisko\u015bci z natur\u0105.<\/p>\n<p data-start=\"566\" data-end=\"653\">Wymiary: 20,5 \u00d7 29,5 cm<br data-start=\"588\" data-end=\"591\" \/>Technika: akwarela na papierze<br data-start=\"619\" data-end=\"622\" \/>Rok: 2025<\/p>\n<p data-start=\"681\" data-end=\"809\"><strong data-start=\"681\" data-end=\"693\">Uwaga:<\/strong><br data-start=\"693\" data-end=\"696\" \/><em>Kolory orygina\u0142u mog\u0105 si\u0119 nieznacznie r\u00f3\u017cni\u0107 od zdj\u0119cia w zale\u017cno\u015bci od ustawie\u0144 ekranu.<\/em><\/p>\n","protected":false},"featured_media":689,"comment_status":"open","ping_status":"closed","template":"","meta":[],"product_brand":[],"product_cat":[39],"product_tag":[],"class_list":{"0":"post-830","1":"product","2":"type-product","3":"status-publish","4":"has-post-thumbnail","6":"product_cat-bez-kategorii","8":"first","9":"instock","10":"sold-individually","11":"shipping-taxable","12":"purchasable","13":"product-type-simple"},"yoast_head":"<!-- This site is optimized with the Yoast SEO plugin v26.5 - https:\/\/yoast.com\/wordpress\/plugins\/seo\/ -->\n<title>Akwarela \u201eSpojrzenie\u201d | Monika Bargie\u0142<\/title>\n<meta name=\"description\" content=\"Delikatna akwarela z sikork\u0105 \u2013 \u201eSpojrzenie\u201d to obraz o uwa\u017cno\u015bci, spokoju i subtelnej blisko\u015bci z natur\u0105.\" \/>\n<meta name=\"robots\" content=\"index, follow, max-snippet:-1, max-image-preview:large, max-video-preview:-1\" \/>\n<link rel=\"canonical\" href=\"https:\/\/monaartaquarell.com\/pl\/produkt\/sikorka-spojrzenie\/\" \/>\n<meta property=\"og:locale\" content=\"pl_PL\" \/>\n<meta property=\"og:type\" content=\"article\" \/>\n<meta property=\"og:title\" content=\"Akwarela \u201eSpojrzenie\u201d | Monika Bargie\u0142\" \/>\n<meta property=\"og:description\" content=\"Delikatna akwarela z sikork\u0105 \u2013 \u201eSpojrzenie\u201d to obraz o uwa\u017cno\u015bci, spokoju i subtelnej blisko\u015bci z natur\u0105.\" \/>\n<meta property=\"og:url\" content=\"https:\/\/monaartaquarell.com\/pl\/produkt\/sikorka-spojrzenie\/\" \/>\n<meta property=\"og:site_name\" content=\"Monaartaquarell\" \/>\n<meta property=\"article:modified_time\" content=\"2025-06-20T10:18:11+00:00\" \/>\n<meta property=\"og:image\" content=\"https:\/\/monaartaquarell.com\/wp-content\/uploads\/2025\/05\/monaartaquarell_bild_6-scaled.jpg\" \/>\n\t<meta property=\"og:image:width\" content=\"1600\" \/>\n\t<meta property=\"og:image:height\" content=\"1116\" \/>\n\t<meta property=\"og:image:type\" content=\"image\/jpeg\" \/>\n<meta name=\"twitter:card\" content=\"summary_large_image\" \/>\n<meta name=\"twitter:label1\" content=\"Szacowany czas czytania\" \/>\n\t<meta name=\"twitter:data1\" content=\"1 minuta\" \/>\n<script type=\"application\/ld+json\" class=\"yoast-schema-graph\">{\"@context\":\"https:\/\/schema.org\",\"@graph\":[{\"@type\":\"WebPage\",\"@id\":\"https:\/\/monaartaquarell.com\/pl\/produkt\/sikorka-spojrzenie\/\",\"url\":\"https:\/\/monaartaquarell.com\/pl\/produkt\/sikorka-spojrzenie\/\",\"name\":\"Akwarela \u201eSpojrzenie\u201d | Monika Bargie\u0142\",\"isPartOf\":{\"@id\":\"https:\/\/monaartaquarell.com\/#website\"},\"primaryImageOfPage\":{\"@id\":\"https:\/\/monaartaquarell.com\/pl\/produkt\/sikorka-spojrzenie\/#primaryimage\"},\"image\":{\"@id\":\"https:\/\/monaartaquarell.com\/pl\/produkt\/sikorka-spojrzenie\/#primaryimage\"},\"thumbnailUrl\":\"https:\/\/monaartaquarell.com\/wp-content\/uploads\/2025\/05\/monaartaquarell_bild_6-scaled.jpg\",\"datePublished\":\"2025-06-04T12:33:21+00:00\",\"dateModified\":\"2025-06-20T10:18:11+00:00\",\"description\":\"Delikatna akwarela z sikork\u0105 \u2013 \u201eSpojrzenie\u201d to obraz o uwa\u017cno\u015bci, spokoju i subtelnej blisko\u015bci z natur\u0105.\",\"breadcrumb\":{\"@id\":\"https:\/\/monaartaquarell.com\/pl\/produkt\/sikorka-spojrzenie\/#breadcrumb\"},\"inLanguage\":\"pl-PL\",\"potentialAction\":[{\"@type\":\"ReadAction\",\"target\":[\"https:\/\/monaartaquarell.com\/pl\/produkt\/sikorka-spojrzenie\/\"]}]},{\"@type\":\"ImageObject\",\"inLanguage\":\"pl-PL\",\"@id\":\"https:\/\/monaartaquarell.com\/pl\/produkt\/sikorka-spojrzenie\/#primaryimage\",\"url\":\"https:\/\/monaartaquarell.com\/wp-content\/uploads\/2025\/05\/monaartaquarell_bild_6-scaled.jpg\",\"contentUrl\":\"https:\/\/monaartaquarell.com\/wp-content\/uploads\/2025\/05\/monaartaquarell_bild_6-scaled.jpg\",\"width\":1600,\"height\":1116,\"caption\":\"Nastrojowa akwarela przedstawiaj\u0105ca sikork\u0119 na tle intensywnie kolorowego, strukturalnego t\u0142a \u2013 dzie\u0142o Moniki Bargie\u0142.\"},{\"@type\":\"BreadcrumbList\",\"@id\":\"https:\/\/monaartaquarell.com\/pl\/produkt\/sikorka-spojrzenie\/#breadcrumb\",\"itemListElement\":[{\"@type\":\"ListItem\",\"position\":1,\"name\":\"Strona g\u0142\u00f3wna\",\"item\":\"https:\/\/monaartaquarell.com\/\"},{\"@type\":\"ListItem\",\"position\":2,\"name\":\"Shop\",\"item\":\"https:\/\/monaartaquarell.com\/shop\/\"},{\"@type\":\"ListItem\",\"position\":3,\"name\":\"Sikorka &#8211; &#8222;Spojrzenie&#8221;\"}]},{\"@type\":\"WebSite\",\"@id\":\"https:\/\/monaartaquarell.com\/#website\",\"url\":\"https:\/\/monaartaquarell.com\/\",\"name\":\"Monaartaquarell\",\"description\":\"Einzigartige Aquarellkunst von Monika Bargie\u0142 \u2013 inspiriert von Natur und Emotion.\",\"publisher\":{\"@id\":\"https:\/\/monaartaquarell.com\/#\/schema\/person\/c6dac180cb6eaf85a262e9055c5d5b63\"},\"potentialAction\":[{\"@type\":\"SearchAction\",\"target\":{\"@type\":\"EntryPoint\",\"urlTemplate\":\"https:\/\/monaartaquarell.com\/?s={search_term_string}\"},\"query-input\":{\"@type\":\"PropertyValueSpecification\",\"valueRequired\":true,\"valueName\":\"search_term_string\"}}],\"inLanguage\":\"pl-PL\"},{\"@type\":[\"Person\",\"Organization\"],\"@id\":\"https:\/\/monaartaquarell.com\/#\/schema\/person\/c6dac180cb6eaf85a262e9055c5d5b63\",\"name\":\"admin-Vp5qLTVF\",\"image\":{\"@type\":\"ImageObject\",\"inLanguage\":\"pl-PL\",\"@id\":\"https:\/\/monaartaquarell.com\/#\/schema\/person\/image\/\",\"url\":\"https:\/\/monaartaquarell.com\/wp-content\/uploads\/2025\/06\/logo_hase_monaartaquarell-2-e1751009755296.png\",\"contentUrl\":\"https:\/\/monaartaquarell.com\/wp-content\/uploads\/2025\/06\/logo_hase_monaartaquarell-2-e1751009755296.png\",\"width\":376,\"height\":331,\"caption\":\"admin-Vp5qLTVF\"},\"logo\":{\"@id\":\"https:\/\/monaartaquarell.com\/#\/schema\/person\/image\/\"},\"sameAs\":[\"https:\/\/monaartaquarell.com\"]}]}<\/script>\n<!-- \/ Yoast SEO plugin. -->","yoast_head_json":{"title":"Akwarela \u201eSpojrzenie\u201d | Monika Bargie\u0142","description":"Delikatna akwarela z sikork\u0105 \u2013 \u201eSpojrzenie\u201d to obraz o uwa\u017cno\u015bci, spokoju i subtelnej blisko\u015bci z natur\u0105.","robots":{"index":"index","follow":"follow","max-snippet":"max-snippet:-1","max-image-preview":"max-image-preview:large","max-video-preview":"max-video-preview:-1"},"canonical":"https:\/\/monaartaquarell.com\/pl\/produkt\/sikorka-spojrzenie\/","og_locale":"pl_PL","og_type":"article","og_title":"Akwarela \u201eSpojrzenie\u201d | Monika Bargie\u0142","og_description":"Delikatna akwarela z sikork\u0105 \u2013 \u201eSpojrzenie\u201d to obraz o uwa\u017cno\u015bci, spokoju i subtelnej blisko\u015bci z natur\u0105.","og_url":"https:\/\/monaartaquarell.com\/pl\/produkt\/sikorka-spojrzenie\/","og_site_name":"Monaartaquarell","article_modified_time":"2025-06-20T10:18:11+00:00","og_image":[{"width":1600,"height":1116,"url":"https:\/\/monaartaquarell.com\/wp-content\/uploads\/2025\/05\/monaartaquarell_bild_6-scaled.jpg","type":"image\/jpeg"}],"twitter_card":"summary_large_image","twitter_misc":{"Szacowany czas czytania":"1 minuta"},"schema":{"@context":"https:\/\/schema.org","@graph":[{"@type":"WebPage","@id":"https:\/\/monaartaquarell.com\/pl\/produkt\/sikorka-spojrzenie\/","url":"https:\/\/monaartaquarell.com\/pl\/produkt\/sikorka-spojrzenie\/","name":"Akwarela \u201eSpojrzenie\u201d | Monika Bargie\u0142","isPartOf":{"@id":"https:\/\/monaartaquarell.com\/#website"},"primaryImageOfPage":{"@id":"https:\/\/monaartaquarell.com\/pl\/produkt\/sikorka-spojrzenie\/#primaryimage"},"image":{"@id":"https:\/\/monaartaquarell.com\/pl\/produkt\/sikorka-spojrzenie\/#primaryimage"},"thumbnailUrl":"https:\/\/monaartaquarell.com\/wp-content\/uploads\/2025\/05\/monaartaquarell_bild_6-scaled.jpg","datePublished":"2025-06-04T12:33:21+00:00","dateModified":"2025-06-20T10:18:11+00:00","description":"Delikatna akwarela z sikork\u0105 \u2013 \u201eSpojrzenie\u201d to obraz o uwa\u017cno\u015bci, spokoju i subtelnej blisko\u015bci z natur\u0105.","breadcrumb":{"@id":"https:\/\/monaartaquarell.com\/pl\/produkt\/sikorka-spojrzenie\/#breadcrumb"},"inLanguage":"pl-PL","potentialAction":[{"@type":"ReadAction","target":["https:\/\/monaartaquarell.com\/pl\/produkt\/sikorka-spojrzenie\/"]}]},{"@type":"ImageObject","inLanguage":"pl-PL","@id":"https:\/\/monaartaquarell.com\/pl\/produkt\/sikorka-spojrzenie\/#primaryimage","url":"https:\/\/monaartaquarell.com\/wp-content\/uploads\/2025\/05\/monaartaquarell_bild_6-scaled.jpg","contentUrl":"https:\/\/monaartaquarell.com\/wp-content\/uploads\/2025\/05\/monaartaquarell_bild_6-scaled.jpg","width":1600,"height":1116,"caption":"Nastrojowa akwarela przedstawiaj\u0105ca sikork\u0119 na tle intensywnie kolorowego, strukturalnego t\u0142a \u2013 dzie\u0142o Moniki Bargie\u0142."},{"@type":"BreadcrumbList","@id":"https:\/\/monaartaquarell.com\/pl\/produkt\/sikorka-spojrzenie\/#breadcrumb","itemListElement":[{"@type":"ListItem","position":1,"name":"Strona g\u0142\u00f3wna","item":"https:\/\/monaartaquarell.com\/"},{"@type":"ListItem","position":2,"name":"Shop","item":"https:\/\/monaartaquarell.com\/shop\/"},{"@type":"ListItem","position":3,"name":"Sikorka &#8211; &#8222;Spojrzenie&#8221;"}]},{"@type":"WebSite","@id":"https:\/\/monaartaquarell.com\/#website","url":"https:\/\/monaartaquarell.com\/","name":"Monaartaquarell","description":"Einzigartige Aquarellkunst von Monika Bargie\u0142 \u2013 inspiriert von Natur und Emotion.","publisher":{"@id":"https:\/\/monaartaquarell.com\/#\/schema\/person\/c6dac180cb6eaf85a262e9055c5d5b63"},"potentialAction":[{"@type":"SearchAction","target":{"@type":"EntryPoint","urlTemplate":"https:\/\/monaartaquarell.com\/?s={search_term_string}"},"query-input":{"@type":"PropertyValueSpecification","valueRequired":true,"valueName":"search_term_string"}}],"inLanguage":"pl-PL"},{"@type":["Person","Organization"],"@id":"https:\/\/monaartaquarell.com\/#\/schema\/person\/c6dac180cb6eaf85a262e9055c5d5b63","name":"admin-Vp5qLTVF","image":{"@type":"ImageObject","inLanguage":"pl-PL","@id":"https:\/\/monaartaquarell.com\/#\/schema\/person\/image\/","url":"https:\/\/monaartaquarell.com\/wp-content\/uploads\/2025\/06\/logo_hase_monaartaquarell-2-e1751009755296.png","contentUrl":"https:\/\/monaartaquarell.com\/wp-content\/uploads\/2025\/06\/logo_hase_monaartaquarell-2-e1751009755296.png","width":376,"height":331,"caption":"admin-Vp5qLTVF"},"logo":{"@id":"https:\/\/monaartaquarell.com\/#\/schema\/person\/image\/"},"sameAs":["https:\/\/monaartaquarell.com"]}]}},"_links":{"self":[{"href":"https:\/\/monaartaquarell.com\/pl\/wp-json\/wp\/v2\/product\/830","targetHints":{"allow":["GET"]}}],"collection":[{"href":"https:\/\/monaartaquarell.com\/pl\/wp-json\/wp\/v2\/product"}],"about":[{"href":"https:\/\/monaartaquarell.com\/pl\/wp-json\/wp\/v2\/types\/product"}],"replies":[{"embeddable":true,"href":"https:\/\/monaartaquarell.com\/pl\/wp-json\/wp\/v2\/comments?post=830"}],"wp:featuredmedia":[{"embeddable":true,"href":"https:\/\/monaartaquarell.com\/pl\/wp-json\/wp\/v2\/media\/689"}],"wp:attachment":[{"href":"https:\/\/monaartaquarell.com\/pl\/wp-json\/wp\/v2\/media?parent=830"}],"wp:term":[{"taxonomy":"product_brand","embeddable":true,"href":"https:\/\/monaartaquarell.com\/pl\/wp-json\/wp\/v2\/product_brand?post=830"},{"taxonomy":"product_cat","embeddable":true,"href":"https:\/\/monaartaquarell.com\/pl\/wp-json\/wp\/v2\/product_cat?post=830"},{"taxonomy":"product_tag","embeddable":true,"href":"https:\/\/monaartaquarell.com\/pl\/wp-json\/wp\/v2\/product_tag?post=830"}],"curies":[{"name":"wp","href":"https:\/\/api.w.org\/{rel}","templated":true}]}}