{"id":826,"date":"2025-06-04T14:16:25","date_gmt":"2025-06-04T12:16:25","guid":{"rendered":"https:\/\/monaartaquarell.com\/produkt\/lodka-w-chorwacji-sjesta\/"},"modified":"2025-06-20T13:05:17","modified_gmt":"2025-06-20T11:05:17","slug":"lodka-w-chorwacji-sjesta","status":"publish","type":"product","link":"https:\/\/monaartaquarell.com\/pl\/produkt\/lodka-w-chorwacji-sjesta\/","title":{"rendered":"\u0141\u00f3dka w Chorwacji &#8211; &#8222;Sjesta&#8221;"},"content":{"rendered":"<p><em>akwarela na papierze, 22,5 \u00d7 30 cm, 2024<\/em><\/p>\n","protected":false},"excerpt":{"rendered":"<p><em>akwarela na papierze, 22,5 \u00d7 30 cm, 2024<\/em><\/p>\n<p data-start=\"250\" data-end=\"571\">Spokojna \u0142\u00f3d\u017a rybacka spoczywa na przejrzystej wodzie ma\u0142ego chorwackiego portu \u2013 \u015bwiat\u0142o po\u0142udnia, kolory lata i moment absolutnej ciszy.<br data-start=\"408\" data-end=\"411\" \/>Akwarela \u201e<strong data-start=\"424\" data-end=\"436\">Sjesta<\/strong>\u201d zosta\u0142a namalowana w 2024 roku z wyczuciem \u015bwiat\u0142a i refleks\u00f3w, oddaj\u0105c z lekko\u015bci\u0105 \u015br\u00f3dziemnomorski klimat \u017cycia.<\/p>\n<p data-start=\"573\" data-end=\"659\">Wymiary: 22,5 \u00d7 30 cm<br data-start=\"593\" data-end=\"596\" \/>Technika: akwarela na papierze<br data-start=\"624\" data-end=\"627\" \/>Rok: 2024<\/p>\n<p data-start=\"573\" data-end=\"659\"><strong data-start=\"179\" data-end=\"191\">Uwaga<\/strong>:<br data-start=\"191\" data-end=\"194\" \/><em>Kolory orygina\u0142u mog\u0105 si\u0119 nieznacznie r\u00f3\u017cni\u0107 od zdj\u0119cia w zale\u017cno\u015bci od ustawie\u0144 ekranu.<\/em><\/p>\n<p>&nbsp;<\/p>\n","protected":false},"featured_media":683,"comment_status":"open","ping_status":"closed","template":"","meta":[],"product_brand":[],"product_cat":[39],"product_tag":[],"class_list":{"0":"post-826","1":"product","2":"type-product","3":"status-publish","4":"has-post-thumbnail","6":"product_cat-bez-kategorii","8":"first","9":"instock","10":"sold-individually","11":"shipping-taxable","12":"purchasable","13":"product-type-simple"},"yoast_head":"<!-- This site is optimized with the Yoast SEO plugin v26.5 - https:\/\/yoast.com\/wordpress\/plugins\/seo\/ -->\n<title>Akwarela \u201eSiesta\u201d | Monika Bargie\u0142<\/title>\n<meta name=\"description\" content=\"\u201eSiesta\u201d to akwarela ukazuj\u0105ca cisz\u0119 i \u015bwiat\u0142o po\u0142udnia \u2013 spokojna \u0142\u00f3d\u017a, turkusowa woda i magia letniego dnia nad Adriatykiem.\" \/>\n<meta name=\"robots\" content=\"index, follow, max-snippet:-1, max-image-preview:large, max-video-preview:-1\" \/>\n<link rel=\"canonical\" href=\"https:\/\/monaartaquarell.com\/pl\/produkt\/lodka-w-chorwacji-sjesta\/\" \/>\n<meta property=\"og:locale\" content=\"pl_PL\" \/>\n<meta property=\"og:type\" content=\"article\" \/>\n<meta property=\"og:title\" content=\"Akwarela \u201eSiesta\u201d | Monika Bargie\u0142\" \/>\n<meta property=\"og:description\" content=\"\u201eSiesta\u201d to akwarela ukazuj\u0105ca cisz\u0119 i \u015bwiat\u0142o po\u0142udnia \u2013 spokojna \u0142\u00f3d\u017a, turkusowa woda i magia letniego dnia nad Adriatykiem.\" \/>\n<meta property=\"og:url\" content=\"https:\/\/monaartaquarell.com\/pl\/produkt\/lodka-w-chorwacji-sjesta\/\" \/>\n<meta property=\"og:site_name\" content=\"Monaartaquarell\" \/>\n<meta property=\"article:modified_time\" content=\"2025-06-20T11:05:17+00:00\" \/>\n<meta property=\"og:image\" content=\"https:\/\/monaartaquarell.com\/wp-content\/uploads\/2025\/05\/monaartaquarell_bild_3.jpg\" \/>\n\t<meta property=\"og:image:width\" content=\"1196\" \/>\n\t<meta property=\"og:image:height\" content=\"1600\" \/>\n\t<meta property=\"og:image:type\" content=\"image\/jpeg\" \/>\n<meta name=\"twitter:card\" content=\"summary_large_image\" \/>\n<meta name=\"twitter:label1\" content=\"Szacowany czas czytania\" \/>\n\t<meta name=\"twitter:data1\" content=\"1 minuta\" \/>\n<script type=\"application\/ld+json\" class=\"yoast-schema-graph\">{\"@context\":\"https:\/\/schema.org\",\"@graph\":[{\"@type\":\"WebPage\",\"@id\":\"https:\/\/monaartaquarell.com\/pl\/produkt\/lodka-w-chorwacji-sjesta\/\",\"url\":\"https:\/\/monaartaquarell.com\/pl\/produkt\/lodka-w-chorwacji-sjesta\/\",\"name\":\"Akwarela \u201eSiesta\u201d | Monika Bargie\u0142\",\"isPartOf\":{\"@id\":\"https:\/\/monaartaquarell.com\/#website\"},\"primaryImageOfPage\":{\"@id\":\"https:\/\/monaartaquarell.com\/pl\/produkt\/lodka-w-chorwacji-sjesta\/#primaryimage\"},\"image\":{\"@id\":\"https:\/\/monaartaquarell.com\/pl\/produkt\/lodka-w-chorwacji-sjesta\/#primaryimage\"},\"thumbnailUrl\":\"https:\/\/monaartaquarell.com\/wp-content\/uploads\/2025\/05\/monaartaquarell_bild_3.jpg\",\"datePublished\":\"2025-06-04T12:16:25+00:00\",\"dateModified\":\"2025-06-20T11:05:17+00:00\",\"description\":\"\u201eSiesta\u201d to akwarela ukazuj\u0105ca cisz\u0119 i \u015bwiat\u0142o po\u0142udnia \u2013 spokojna \u0142\u00f3d\u017a, turkusowa woda i magia letniego dnia nad Adriatykiem.\",\"breadcrumb\":{\"@id\":\"https:\/\/monaartaquarell.com\/pl\/produkt\/lodka-w-chorwacji-sjesta\/#breadcrumb\"},\"inLanguage\":\"pl-PL\",\"potentialAction\":[{\"@type\":\"ReadAction\",\"target\":[\"https:\/\/monaartaquarell.com\/pl\/produkt\/lodka-w-chorwacji-sjesta\/\"]}]},{\"@type\":\"ImageObject\",\"inLanguage\":\"pl-PL\",\"@id\":\"https:\/\/monaartaquarell.com\/pl\/produkt\/lodka-w-chorwacji-sjesta\/#primaryimage\",\"url\":\"https:\/\/monaartaquarell.com\/wp-content\/uploads\/2025\/05\/monaartaquarell_bild_3.jpg\",\"contentUrl\":\"https:\/\/monaartaquarell.com\/wp-content\/uploads\/2025\/05\/monaartaquarell_bild_3.jpg\",\"width\":1196,\"height\":1600,\"caption\":\"Akwarela spokojnej nadmorskiej sceny z \u0142odziami przy nabrze\u017cu i przejrzyst\u0105, turkusow\u0105 wod\u0105 \u2013 morskie malarstwo Moniki Bargie\u0142.\"},{\"@type\":\"BreadcrumbList\",\"@id\":\"https:\/\/monaartaquarell.com\/pl\/produkt\/lodka-w-chorwacji-sjesta\/#breadcrumb\",\"itemListElement\":[{\"@type\":\"ListItem\",\"position\":1,\"name\":\"Strona g\u0142\u00f3wna\",\"item\":\"https:\/\/monaartaquarell.com\/\"},{\"@type\":\"ListItem\",\"position\":2,\"name\":\"Shop\",\"item\":\"https:\/\/monaartaquarell.com\/shop\/\"},{\"@type\":\"ListItem\",\"position\":3,\"name\":\"\u0141\u00f3dka w Chorwacji &#8211; &#8222;Sjesta&#8221;\"}]},{\"@type\":\"WebSite\",\"@id\":\"https:\/\/monaartaquarell.com\/#website\",\"url\":\"https:\/\/monaartaquarell.com\/\",\"name\":\"Monaartaquarell\",\"description\":\"Einzigartige Aquarellkunst von Monika Bargie\u0142 \u2013 inspiriert von Natur und Emotion.\",\"publisher\":{\"@id\":\"https:\/\/monaartaquarell.com\/#\/schema\/person\/c6dac180cb6eaf85a262e9055c5d5b63\"},\"potentialAction\":[{\"@type\":\"SearchAction\",\"target\":{\"@type\":\"EntryPoint\",\"urlTemplate\":\"https:\/\/monaartaquarell.com\/?s={search_term_string}\"},\"query-input\":{\"@type\":\"PropertyValueSpecification\",\"valueRequired\":true,\"valueName\":\"search_term_string\"}}],\"inLanguage\":\"pl-PL\"},{\"@type\":[\"Person\",\"Organization\"],\"@id\":\"https:\/\/monaartaquarell.com\/#\/schema\/person\/c6dac180cb6eaf85a262e9055c5d5b63\",\"name\":\"admin-Vp5qLTVF\",\"image\":{\"@type\":\"ImageObject\",\"inLanguage\":\"pl-PL\",\"@id\":\"https:\/\/monaartaquarell.com\/#\/schema\/person\/image\/\",\"url\":\"https:\/\/monaartaquarell.com\/wp-content\/uploads\/2025\/06\/logo_hase_monaartaquarell-2-e1751009755296.png\",\"contentUrl\":\"https:\/\/monaartaquarell.com\/wp-content\/uploads\/2025\/06\/logo_hase_monaartaquarell-2-e1751009755296.png\",\"width\":376,\"height\":331,\"caption\":\"admin-Vp5qLTVF\"},\"logo\":{\"@id\":\"https:\/\/monaartaquarell.com\/#\/schema\/person\/image\/\"},\"sameAs\":[\"https:\/\/monaartaquarell.com\"]}]}<\/script>\n<!-- \/ Yoast SEO plugin. -->","yoast_head_json":{"title":"Akwarela \u201eSiesta\u201d | Monika Bargie\u0142","description":"\u201eSiesta\u201d to akwarela ukazuj\u0105ca cisz\u0119 i \u015bwiat\u0142o po\u0142udnia \u2013 spokojna \u0142\u00f3d\u017a, turkusowa woda i magia letniego dnia nad Adriatykiem.","robots":{"index":"index","follow":"follow","max-snippet":"max-snippet:-1","max-image-preview":"max-image-preview:large","max-video-preview":"max-video-preview:-1"},"canonical":"https:\/\/monaartaquarell.com\/pl\/produkt\/lodka-w-chorwacji-sjesta\/","og_locale":"pl_PL","og_type":"article","og_title":"Akwarela \u201eSiesta\u201d | Monika Bargie\u0142","og_description":"\u201eSiesta\u201d to akwarela ukazuj\u0105ca cisz\u0119 i \u015bwiat\u0142o po\u0142udnia \u2013 spokojna \u0142\u00f3d\u017a, turkusowa woda i magia letniego dnia nad Adriatykiem.","og_url":"https:\/\/monaartaquarell.com\/pl\/produkt\/lodka-w-chorwacji-sjesta\/","og_site_name":"Monaartaquarell","article_modified_time":"2025-06-20T11:05:17+00:00","og_image":[{"width":1196,"height":1600,"url":"https:\/\/monaartaquarell.com\/wp-content\/uploads\/2025\/05\/monaartaquarell_bild_3.jpg","type":"image\/jpeg"}],"twitter_card":"summary_large_image","twitter_misc":{"Szacowany czas czytania":"1 minuta"},"schema":{"@context":"https:\/\/schema.org","@graph":[{"@type":"WebPage","@id":"https:\/\/monaartaquarell.com\/pl\/produkt\/lodka-w-chorwacji-sjesta\/","url":"https:\/\/monaartaquarell.com\/pl\/produkt\/lodka-w-chorwacji-sjesta\/","name":"Akwarela \u201eSiesta\u201d | Monika Bargie\u0142","isPartOf":{"@id":"https:\/\/monaartaquarell.com\/#website"},"primaryImageOfPage":{"@id":"https:\/\/monaartaquarell.com\/pl\/produkt\/lodka-w-chorwacji-sjesta\/#primaryimage"},"image":{"@id":"https:\/\/monaartaquarell.com\/pl\/produkt\/lodka-w-chorwacji-sjesta\/#primaryimage"},"thumbnailUrl":"https:\/\/monaartaquarell.com\/wp-content\/uploads\/2025\/05\/monaartaquarell_bild_3.jpg","datePublished":"2025-06-04T12:16:25+00:00","dateModified":"2025-06-20T11:05:17+00:00","description":"\u201eSiesta\u201d to akwarela ukazuj\u0105ca cisz\u0119 i \u015bwiat\u0142o po\u0142udnia \u2013 spokojna \u0142\u00f3d\u017a, turkusowa woda i magia letniego dnia nad Adriatykiem.","breadcrumb":{"@id":"https:\/\/monaartaquarell.com\/pl\/produkt\/lodka-w-chorwacji-sjesta\/#breadcrumb"},"inLanguage":"pl-PL","potentialAction":[{"@type":"ReadAction","target":["https:\/\/monaartaquarell.com\/pl\/produkt\/lodka-w-chorwacji-sjesta\/"]}]},{"@type":"ImageObject","inLanguage":"pl-PL","@id":"https:\/\/monaartaquarell.com\/pl\/produkt\/lodka-w-chorwacji-sjesta\/#primaryimage","url":"https:\/\/monaartaquarell.com\/wp-content\/uploads\/2025\/05\/monaartaquarell_bild_3.jpg","contentUrl":"https:\/\/monaartaquarell.com\/wp-content\/uploads\/2025\/05\/monaartaquarell_bild_3.jpg","width":1196,"height":1600,"caption":"Akwarela spokojnej nadmorskiej sceny z \u0142odziami przy nabrze\u017cu i przejrzyst\u0105, turkusow\u0105 wod\u0105 \u2013 morskie malarstwo Moniki Bargie\u0142."},{"@type":"BreadcrumbList","@id":"https:\/\/monaartaquarell.com\/pl\/produkt\/lodka-w-chorwacji-sjesta\/#breadcrumb","itemListElement":[{"@type":"ListItem","position":1,"name":"Strona g\u0142\u00f3wna","item":"https:\/\/monaartaquarell.com\/"},{"@type":"ListItem","position":2,"name":"Shop","item":"https:\/\/monaartaquarell.com\/shop\/"},{"@type":"ListItem","position":3,"name":"\u0141\u00f3dka w Chorwacji &#8211; &#8222;Sjesta&#8221;"}]},{"@type":"WebSite","@id":"https:\/\/monaartaquarell.com\/#website","url":"https:\/\/monaartaquarell.com\/","name":"Monaartaquarell","description":"Einzigartige Aquarellkunst von Monika Bargie\u0142 \u2013 inspiriert von Natur und Emotion.","publisher":{"@id":"https:\/\/monaartaquarell.com\/#\/schema\/person\/c6dac180cb6eaf85a262e9055c5d5b63"},"potentialAction":[{"@type":"SearchAction","target":{"@type":"EntryPoint","urlTemplate":"https:\/\/monaartaquarell.com\/?s={search_term_string}"},"query-input":{"@type":"PropertyValueSpecification","valueRequired":true,"valueName":"search_term_string"}}],"inLanguage":"pl-PL"},{"@type":["Person","Organization"],"@id":"https:\/\/monaartaquarell.com\/#\/schema\/person\/c6dac180cb6eaf85a262e9055c5d5b63","name":"admin-Vp5qLTVF","image":{"@type":"ImageObject","inLanguage":"pl-PL","@id":"https:\/\/monaartaquarell.com\/#\/schema\/person\/image\/","url":"https:\/\/monaartaquarell.com\/wp-content\/uploads\/2025\/06\/logo_hase_monaartaquarell-2-e1751009755296.png","contentUrl":"https:\/\/monaartaquarell.com\/wp-content\/uploads\/2025\/06\/logo_hase_monaartaquarell-2-e1751009755296.png","width":376,"height":331,"caption":"admin-Vp5qLTVF"},"logo":{"@id":"https:\/\/monaartaquarell.com\/#\/schema\/person\/image\/"},"sameAs":["https:\/\/monaartaquarell.com"]}]}},"_links":{"self":[{"href":"https:\/\/monaartaquarell.com\/pl\/wp-json\/wp\/v2\/product\/826","targetHints":{"allow":["GET"]}}],"collection":[{"href":"https:\/\/monaartaquarell.com\/pl\/wp-json\/wp\/v2\/product"}],"about":[{"href":"https:\/\/monaartaquarell.com\/pl\/wp-json\/wp\/v2\/types\/product"}],"replies":[{"embeddable":true,"href":"https:\/\/monaartaquarell.com\/pl\/wp-json\/wp\/v2\/comments?post=826"}],"wp:featuredmedia":[{"embeddable":true,"href":"https:\/\/monaartaquarell.com\/pl\/wp-json\/wp\/v2\/media\/683"}],"wp:attachment":[{"href":"https:\/\/monaartaquarell.com\/pl\/wp-json\/wp\/v2\/media?parent=826"}],"wp:term":[{"taxonomy":"product_brand","embeddable":true,"href":"https:\/\/monaartaquarell.com\/pl\/wp-json\/wp\/v2\/product_brand?post=826"},{"taxonomy":"product_cat","embeddable":true,"href":"https:\/\/monaartaquarell.com\/pl\/wp-json\/wp\/v2\/product_cat?post=826"},{"taxonomy":"product_tag","embeddable":true,"href":"https:\/\/monaartaquarell.com\/pl\/wp-json\/wp\/v2\/product_tag?post=826"}],"curies":[{"name":"wp","href":"https:\/\/api.w.org\/{rel}","templated":true}]}}