{"id":825,"date":"2025-06-04T14:06:46","date_gmt":"2025-06-04T12:06:46","guid":{"rendered":"https:\/\/monaartaquarell.com\/produkt\/droga-polna-droga-do\/"},"modified":"2025-06-20T13:11:22","modified_gmt":"2025-06-20T11:11:22","slug":"droga-polna-droga-do","status":"publish","type":"product","link":"https:\/\/monaartaquarell.com\/pl\/produkt\/droga-polna-droga-do\/","title":{"rendered":"Droga polna &#8211; &#8222;Droga do&#8230;&#8221;"},"content":{"rendered":"<p><em>akwarela na papierze, 24 \u00d7 30 cm, 2025<\/em><\/p>\n","protected":false},"excerpt":{"rendered":"<p><em>akwarela na papierze, 24 \u00d7 30 cm, 2025<\/em><\/p>\n<p data-start=\"292\" data-end=\"618\">Szeroka polna droga, wij\u0105ca si\u0119 przez \u0142agodny, pag\u00f3rkowaty krajobraz pod dramatycznie poruszonym niebem \u2013 to dzie\u0142o zaprasza do zatrzymania si\u0119.<br data-start=\"444\" data-end=\"447\" \/>Akwarela powsta\u0142a w 2025 roku w ramach warsztat\u00f3w z renomowanym artyst\u0105 <strong data-start=\"530\" data-end=\"560\">Ily\u0105 Ibryaevem (Drawing Dog)<\/strong>. Harmonijna kompozycja \u015bwiat\u0142a, przestrzeni i ciszy.<\/p>\n<p data-start=\"620\" data-end=\"704\">Wymiary: 24 \u00d7 30 cm<br data-start=\"638\" data-end=\"641\" \/>Technika: akwarela na papierze<br data-start=\"669\" data-end=\"672\" \/>Rok: 2025<\/p>\n<p data-start=\"620\" data-end=\"704\"><strong data-start=\"179\" data-end=\"191\">Uwaga<\/strong>:<br data-start=\"191\" data-end=\"194\" \/><em>Kolory orygina\u0142u mog\u0105 si\u0119 nieznacznie r\u00f3\u017cni\u0107 od zdj\u0119cia w zale\u017cno\u015bci od ustawie\u0144 ekranu.<\/em><\/p>\n<p>&nbsp;<\/p>\n","protected":false},"featured_media":707,"comment_status":"open","ping_status":"closed","template":"","meta":[],"product_brand":[],"product_cat":[39],"product_tag":[],"class_list":{"0":"post-825","1":"product","2":"type-product","3":"status-publish","4":"has-post-thumbnail","6":"product_cat-bez-kategorii","8":"first","9":"instock","10":"sold-individually","11":"shipping-taxable","12":"purchasable","13":"product-type-simple"},"yoast_head":"<!-- This site is optimized with the Yoast SEO plugin v26.5 - https:\/\/yoast.com\/wordpress\/plugins\/seo\/ -->\n<title>\u201eDroga do\u2026\u201d | Monika Bargie\u0142<\/title>\n<meta name=\"description\" content=\"Akwarela zainspirowana warsztatem z Ily\u0105 Ibryaevem \u2013 polna droga wij\u0105ca si\u0119 przez wzg\u00f3rza pod burzowym niebem. Nastrojowy krajobraz z g\u0142\u0119bi\u0105 i spokojem.\" \/>\n<meta name=\"robots\" content=\"index, follow, max-snippet:-1, max-image-preview:large, max-video-preview:-1\" \/>\n<link rel=\"canonical\" href=\"https:\/\/monaartaquarell.com\/pl\/produkt\/droga-polna-droga-do\/\" \/>\n<meta property=\"og:locale\" content=\"pl_PL\" \/>\n<meta property=\"og:type\" content=\"article\" \/>\n<meta property=\"og:title\" content=\"\u201eDroga do\u2026\u201d | Monika Bargie\u0142\" \/>\n<meta property=\"og:description\" content=\"Akwarela zainspirowana warsztatem z Ily\u0105 Ibryaevem \u2013 polna droga wij\u0105ca si\u0119 przez wzg\u00f3rza pod burzowym niebem. Nastrojowy krajobraz z g\u0142\u0119bi\u0105 i spokojem.\" \/>\n<meta property=\"og:url\" content=\"https:\/\/monaartaquarell.com\/pl\/produkt\/droga-polna-droga-do\/\" \/>\n<meta property=\"og:site_name\" content=\"Monaartaquarell\" \/>\n<meta property=\"article:modified_time\" content=\"2025-06-20T11:11:22+00:00\" \/>\n<meta property=\"og:image\" content=\"https:\/\/monaartaquarell.com\/wp-content\/uploads\/2025\/05\/monaartaquarell_bild1-1.jpg\" \/>\n\t<meta property=\"og:image:width\" content=\"1600\" \/>\n\t<meta property=\"og:image:height\" content=\"1293\" \/>\n\t<meta property=\"og:image:type\" content=\"image\/jpeg\" \/>\n<meta name=\"twitter:card\" content=\"summary_large_image\" \/>\n<meta name=\"twitter:label1\" content=\"Szacowany czas czytania\" \/>\n\t<meta name=\"twitter:data1\" content=\"1 minuta\" \/>\n<script type=\"application\/ld+json\" class=\"yoast-schema-graph\">{\"@context\":\"https:\/\/schema.org\",\"@graph\":[{\"@type\":\"WebPage\",\"@id\":\"https:\/\/monaartaquarell.com\/pl\/produkt\/droga-polna-droga-do\/\",\"url\":\"https:\/\/monaartaquarell.com\/pl\/produkt\/droga-polna-droga-do\/\",\"name\":\"\u201eDroga do\u2026\u201d | Monika Bargie\u0142\",\"isPartOf\":{\"@id\":\"https:\/\/monaartaquarell.com\/#website\"},\"primaryImageOfPage\":{\"@id\":\"https:\/\/monaartaquarell.com\/pl\/produkt\/droga-polna-droga-do\/#primaryimage\"},\"image\":{\"@id\":\"https:\/\/monaartaquarell.com\/pl\/produkt\/droga-polna-droga-do\/#primaryimage\"},\"thumbnailUrl\":\"https:\/\/monaartaquarell.com\/wp-content\/uploads\/2025\/05\/monaartaquarell_bild1-1.jpg\",\"datePublished\":\"2025-06-04T12:06:46+00:00\",\"dateModified\":\"2025-06-20T11:11:22+00:00\",\"description\":\"Akwarela zainspirowana warsztatem z Ily\u0105 Ibryaevem \u2013 polna droga wij\u0105ca si\u0119 przez wzg\u00f3rza pod burzowym niebem. Nastrojowy krajobraz z g\u0142\u0119bi\u0105 i spokojem.\",\"breadcrumb\":{\"@id\":\"https:\/\/monaartaquarell.com\/pl\/produkt\/droga-polna-droga-do\/#breadcrumb\"},\"inLanguage\":\"pl-PL\",\"potentialAction\":[{\"@type\":\"ReadAction\",\"target\":[\"https:\/\/monaartaquarell.com\/pl\/produkt\/droga-polna-droga-do\/\"]}]},{\"@type\":\"ImageObject\",\"inLanguage\":\"pl-PL\",\"@id\":\"https:\/\/monaartaquarell.com\/pl\/produkt\/droga-polna-droga-do\/#primaryimage\",\"url\":\"https:\/\/monaartaquarell.com\/wp-content\/uploads\/2025\/05\/monaartaquarell_bild1-1.jpg\",\"contentUrl\":\"https:\/\/monaartaquarell.com\/wp-content\/uploads\/2025\/05\/monaartaquarell_bild1-1.jpg\",\"width\":1600,\"height\":1293,\"caption\":\"Akwarela przedstawiaj\u0105ca pag\u00f3rkowaty krajobraz z poln\u0105 drog\u0105 i dramatycznym niebem \u2013 pejza\u017c natury autorstwa Moniki Bargie\u0142.\"},{\"@type\":\"BreadcrumbList\",\"@id\":\"https:\/\/monaartaquarell.com\/pl\/produkt\/droga-polna-droga-do\/#breadcrumb\",\"itemListElement\":[{\"@type\":\"ListItem\",\"position\":1,\"name\":\"Strona g\u0142\u00f3wna\",\"item\":\"https:\/\/monaartaquarell.com\/\"},{\"@type\":\"ListItem\",\"position\":2,\"name\":\"Shop\",\"item\":\"https:\/\/monaartaquarell.com\/shop\/\"},{\"@type\":\"ListItem\",\"position\":3,\"name\":\"Droga polna &#8211; &#8222;Droga do&#8230;&#8221;\"}]},{\"@type\":\"WebSite\",\"@id\":\"https:\/\/monaartaquarell.com\/#website\",\"url\":\"https:\/\/monaartaquarell.com\/\",\"name\":\"Monaartaquarell\",\"description\":\"Einzigartige Aquarellkunst von Monika Bargie\u0142 \u2013 inspiriert von Natur und Emotion.\",\"publisher\":{\"@id\":\"https:\/\/monaartaquarell.com\/#\/schema\/person\/c6dac180cb6eaf85a262e9055c5d5b63\"},\"potentialAction\":[{\"@type\":\"SearchAction\",\"target\":{\"@type\":\"EntryPoint\",\"urlTemplate\":\"https:\/\/monaartaquarell.com\/?s={search_term_string}\"},\"query-input\":{\"@type\":\"PropertyValueSpecification\",\"valueRequired\":true,\"valueName\":\"search_term_string\"}}],\"inLanguage\":\"pl-PL\"},{\"@type\":[\"Person\",\"Organization\"],\"@id\":\"https:\/\/monaartaquarell.com\/#\/schema\/person\/c6dac180cb6eaf85a262e9055c5d5b63\",\"name\":\"admin-Vp5qLTVF\",\"image\":{\"@type\":\"ImageObject\",\"inLanguage\":\"pl-PL\",\"@id\":\"https:\/\/monaartaquarell.com\/#\/schema\/person\/image\/\",\"url\":\"https:\/\/monaartaquarell.com\/wp-content\/uploads\/2025\/06\/logo_hase_monaartaquarell-2-e1751009755296.png\",\"contentUrl\":\"https:\/\/monaartaquarell.com\/wp-content\/uploads\/2025\/06\/logo_hase_monaartaquarell-2-e1751009755296.png\",\"width\":376,\"height\":331,\"caption\":\"admin-Vp5qLTVF\"},\"logo\":{\"@id\":\"https:\/\/monaartaquarell.com\/#\/schema\/person\/image\/\"},\"sameAs\":[\"https:\/\/monaartaquarell.com\"]}]}<\/script>\n<!-- \/ Yoast SEO plugin. -->","yoast_head_json":{"title":"\u201eDroga do\u2026\u201d | Monika Bargie\u0142","description":"Akwarela zainspirowana warsztatem z Ily\u0105 Ibryaevem \u2013 polna droga wij\u0105ca si\u0119 przez wzg\u00f3rza pod burzowym niebem. Nastrojowy krajobraz z g\u0142\u0119bi\u0105 i spokojem.","robots":{"index":"index","follow":"follow","max-snippet":"max-snippet:-1","max-image-preview":"max-image-preview:large","max-video-preview":"max-video-preview:-1"},"canonical":"https:\/\/monaartaquarell.com\/pl\/produkt\/droga-polna-droga-do\/","og_locale":"pl_PL","og_type":"article","og_title":"\u201eDroga do\u2026\u201d | Monika Bargie\u0142","og_description":"Akwarela zainspirowana warsztatem z Ily\u0105 Ibryaevem \u2013 polna droga wij\u0105ca si\u0119 przez wzg\u00f3rza pod burzowym niebem. Nastrojowy krajobraz z g\u0142\u0119bi\u0105 i spokojem.","og_url":"https:\/\/monaartaquarell.com\/pl\/produkt\/droga-polna-droga-do\/","og_site_name":"Monaartaquarell","article_modified_time":"2025-06-20T11:11:22+00:00","og_image":[{"width":1600,"height":1293,"url":"https:\/\/monaartaquarell.com\/wp-content\/uploads\/2025\/05\/monaartaquarell_bild1-1.jpg","type":"image\/jpeg"}],"twitter_card":"summary_large_image","twitter_misc":{"Szacowany czas czytania":"1 minuta"},"schema":{"@context":"https:\/\/schema.org","@graph":[{"@type":"WebPage","@id":"https:\/\/monaartaquarell.com\/pl\/produkt\/droga-polna-droga-do\/","url":"https:\/\/monaartaquarell.com\/pl\/produkt\/droga-polna-droga-do\/","name":"\u201eDroga do\u2026\u201d | Monika Bargie\u0142","isPartOf":{"@id":"https:\/\/monaartaquarell.com\/#website"},"primaryImageOfPage":{"@id":"https:\/\/monaartaquarell.com\/pl\/produkt\/droga-polna-droga-do\/#primaryimage"},"image":{"@id":"https:\/\/monaartaquarell.com\/pl\/produkt\/droga-polna-droga-do\/#primaryimage"},"thumbnailUrl":"https:\/\/monaartaquarell.com\/wp-content\/uploads\/2025\/05\/monaartaquarell_bild1-1.jpg","datePublished":"2025-06-04T12:06:46+00:00","dateModified":"2025-06-20T11:11:22+00:00","description":"Akwarela zainspirowana warsztatem z Ily\u0105 Ibryaevem \u2013 polna droga wij\u0105ca si\u0119 przez wzg\u00f3rza pod burzowym niebem. Nastrojowy krajobraz z g\u0142\u0119bi\u0105 i spokojem.","breadcrumb":{"@id":"https:\/\/monaartaquarell.com\/pl\/produkt\/droga-polna-droga-do\/#breadcrumb"},"inLanguage":"pl-PL","potentialAction":[{"@type":"ReadAction","target":["https:\/\/monaartaquarell.com\/pl\/produkt\/droga-polna-droga-do\/"]}]},{"@type":"ImageObject","inLanguage":"pl-PL","@id":"https:\/\/monaartaquarell.com\/pl\/produkt\/droga-polna-droga-do\/#primaryimage","url":"https:\/\/monaartaquarell.com\/wp-content\/uploads\/2025\/05\/monaartaquarell_bild1-1.jpg","contentUrl":"https:\/\/monaartaquarell.com\/wp-content\/uploads\/2025\/05\/monaartaquarell_bild1-1.jpg","width":1600,"height":1293,"caption":"Akwarela przedstawiaj\u0105ca pag\u00f3rkowaty krajobraz z poln\u0105 drog\u0105 i dramatycznym niebem \u2013 pejza\u017c natury autorstwa Moniki Bargie\u0142."},{"@type":"BreadcrumbList","@id":"https:\/\/monaartaquarell.com\/pl\/produkt\/droga-polna-droga-do\/#breadcrumb","itemListElement":[{"@type":"ListItem","position":1,"name":"Strona g\u0142\u00f3wna","item":"https:\/\/monaartaquarell.com\/"},{"@type":"ListItem","position":2,"name":"Shop","item":"https:\/\/monaartaquarell.com\/shop\/"},{"@type":"ListItem","position":3,"name":"Droga polna &#8211; &#8222;Droga do&#8230;&#8221;"}]},{"@type":"WebSite","@id":"https:\/\/monaartaquarell.com\/#website","url":"https:\/\/monaartaquarell.com\/","name":"Monaartaquarell","description":"Einzigartige Aquarellkunst von Monika Bargie\u0142 \u2013 inspiriert von Natur und Emotion.","publisher":{"@id":"https:\/\/monaartaquarell.com\/#\/schema\/person\/c6dac180cb6eaf85a262e9055c5d5b63"},"potentialAction":[{"@type":"SearchAction","target":{"@type":"EntryPoint","urlTemplate":"https:\/\/monaartaquarell.com\/?s={search_term_string}"},"query-input":{"@type":"PropertyValueSpecification","valueRequired":true,"valueName":"search_term_string"}}],"inLanguage":"pl-PL"},{"@type":["Person","Organization"],"@id":"https:\/\/monaartaquarell.com\/#\/schema\/person\/c6dac180cb6eaf85a262e9055c5d5b63","name":"admin-Vp5qLTVF","image":{"@type":"ImageObject","inLanguage":"pl-PL","@id":"https:\/\/monaartaquarell.com\/#\/schema\/person\/image\/","url":"https:\/\/monaartaquarell.com\/wp-content\/uploads\/2025\/06\/logo_hase_monaartaquarell-2-e1751009755296.png","contentUrl":"https:\/\/monaartaquarell.com\/wp-content\/uploads\/2025\/06\/logo_hase_monaartaquarell-2-e1751009755296.png","width":376,"height":331,"caption":"admin-Vp5qLTVF"},"logo":{"@id":"https:\/\/monaartaquarell.com\/#\/schema\/person\/image\/"},"sameAs":["https:\/\/monaartaquarell.com"]}]}},"_links":{"self":[{"href":"https:\/\/monaartaquarell.com\/pl\/wp-json\/wp\/v2\/product\/825","targetHints":{"allow":["GET"]}}],"collection":[{"href":"https:\/\/monaartaquarell.com\/pl\/wp-json\/wp\/v2\/product"}],"about":[{"href":"https:\/\/monaartaquarell.com\/pl\/wp-json\/wp\/v2\/types\/product"}],"replies":[{"embeddable":true,"href":"https:\/\/monaartaquarell.com\/pl\/wp-json\/wp\/v2\/comments?post=825"}],"wp:featuredmedia":[{"embeddable":true,"href":"https:\/\/monaartaquarell.com\/pl\/wp-json\/wp\/v2\/media\/707"}],"wp:attachment":[{"href":"https:\/\/monaartaquarell.com\/pl\/wp-json\/wp\/v2\/media?parent=825"}],"wp:term":[{"taxonomy":"product_brand","embeddable":true,"href":"https:\/\/monaartaquarell.com\/pl\/wp-json\/wp\/v2\/product_brand?post=825"},{"taxonomy":"product_cat","embeddable":true,"href":"https:\/\/monaartaquarell.com\/pl\/wp-json\/wp\/v2\/product_cat?post=825"},{"taxonomy":"product_tag","embeddable":true,"href":"https:\/\/monaartaquarell.com\/pl\/wp-json\/wp\/v2\/product_tag?post=825"}],"curies":[{"name":"wp","href":"https:\/\/api.w.org\/{rel}","templated":true}]}}