{"id":822,"date":"2025-06-02T21:54:19","date_gmt":"2025-06-02T19:54:19","guid":{"rendered":"https:\/\/monaartaquarell.com\/produkt\/muchomorek-dar-lasu\/"},"modified":"2025-06-20T13:20:50","modified_gmt":"2025-06-20T11:20:50","slug":"muchomorek-dar-lasu","status":"publish","type":"product","link":"https:\/\/monaartaquarell.com\/pl\/produkt\/muchomorek-dar-lasu\/","title":{"rendered":"Muchomorek &#8211; &#8222;Dar lasu&#8221;"},"content":{"rendered":"<p><em>akwarela na papierze, 13 \u00d7 18 cm, 2024<\/em><\/p>\n","protected":false},"excerpt":{"rendered":"<p><em>akwarela na papierze, 13 \u00d7 18 cm, 2024<\/em><\/p>\n<p data-start=\"262\" data-end=\"526\">Muchomor, l\u015bni\u0105cy w\u015br\u00f3d runa le\u015bnego jesiennymi barwami \u2013 ho\u0142d dla ma\u0142ych cud\u00f3w natury.<br data-start=\"395\" data-end=\"398\" \/>To oryginalne akwarelowe dzie\u0142o zosta\u0142o namalowane z dba\u0142o\u015bci\u0105 o szczeg\u00f3\u0142y na wysokiej jako\u015bci papierze i nosi tytu\u0142 \u201e<strong data-start=\"500\" data-end=\"525\">Dar lasu<\/strong>\u201d.<\/p>\n<p data-start=\"528\" data-end=\"611\">Wymiary: 13 \u00d7 18 cm<br data-start=\"546\" data-end=\"549\" \/>Technika: Akwarela na papierze<br data-start=\"577\" data-end=\"580\" \/>Rok: 2024<\/p>\n<p data-start=\"528\" data-end=\"611\"><strong data-start=\"179\" data-end=\"191\">Uwaga<\/strong>:<br data-start=\"191\" data-end=\"194\" \/><em>Kolory orygina\u0142u mog\u0105 si\u0119 nieznacznie r\u00f3\u017cni\u0107 od zdj\u0119cia w zale\u017cno\u015bci od ustawie\u0144 ekranu.<\/em><\/p>\n","protected":false},"featured_media":697,"comment_status":"open","ping_status":"closed","template":"","meta":[],"product_brand":[],"product_cat":[39],"product_tag":[],"class_list":{"0":"post-822","1":"product","2":"type-product","3":"status-publish","4":"has-post-thumbnail","6":"product_cat-bez-kategorii","8":"first","9":"instock","10":"sold-individually","11":"shipping-taxable","12":"purchasable","13":"product-type-simple"},"yoast_head":"<!-- This site is optimized with the Yoast SEO plugin v26.5 - https:\/\/yoast.com\/wordpress\/plugins\/seo\/ -->\n<title>Akwarela \u201eDar lasu\u201d | Monika Bargie\u0142<\/title>\n<meta name=\"description\" content=\"L\u015bni\u0105cy muchomor w jesiennym runie le\u015bnym \u2013 obraz \u201eDar lasu\u201d oddaje magi\u0119 ma\u0142ych cud\u00f3w natury w akwareli.\" \/>\n<meta name=\"robots\" content=\"index, follow, max-snippet:-1, max-image-preview:large, max-video-preview:-1\" \/>\n<link rel=\"canonical\" href=\"https:\/\/monaartaquarell.com\/pl\/produkt\/muchomorek-dar-lasu\/\" \/>\n<meta property=\"og:locale\" content=\"pl_PL\" \/>\n<meta property=\"og:type\" content=\"article\" \/>\n<meta property=\"og:title\" content=\"Akwarela \u201eDar lasu\u201d | Monika Bargie\u0142\" \/>\n<meta property=\"og:description\" content=\"L\u015bni\u0105cy muchomor w jesiennym runie le\u015bnym \u2013 obraz \u201eDar lasu\u201d oddaje magi\u0119 ma\u0142ych cud\u00f3w natury w akwareli.\" \/>\n<meta property=\"og:url\" content=\"https:\/\/monaartaquarell.com\/pl\/produkt\/muchomorek-dar-lasu\/\" \/>\n<meta property=\"og:site_name\" content=\"Monaartaquarell\" \/>\n<meta property=\"article:modified_time\" content=\"2025-06-20T11:20:50+00:00\" \/>\n<meta property=\"og:image\" content=\"https:\/\/monaartaquarell.com\/wp-content\/uploads\/2025\/05\/monaartaquarell_bild_10.jpg\" \/>\n\t<meta property=\"og:image:width\" content=\"1099\" \/>\n\t<meta property=\"og:image:height\" content=\"1600\" \/>\n\t<meta property=\"og:image:type\" content=\"image\/jpeg\" \/>\n<meta name=\"twitter:card\" content=\"summary_large_image\" \/>\n<meta name=\"twitter:label1\" content=\"Szacowany czas czytania\" \/>\n\t<meta name=\"twitter:data1\" content=\"1 minuta\" \/>\n<script type=\"application\/ld+json\" class=\"yoast-schema-graph\">{\"@context\":\"https:\/\/schema.org\",\"@graph\":[{\"@type\":\"WebPage\",\"@id\":\"https:\/\/monaartaquarell.com\/pl\/produkt\/muchomorek-dar-lasu\/\",\"url\":\"https:\/\/monaartaquarell.com\/pl\/produkt\/muchomorek-dar-lasu\/\",\"name\":\"Akwarela \u201eDar lasu\u201d | Monika Bargie\u0142\",\"isPartOf\":{\"@id\":\"https:\/\/monaartaquarell.com\/#website\"},\"primaryImageOfPage\":{\"@id\":\"https:\/\/monaartaquarell.com\/pl\/produkt\/muchomorek-dar-lasu\/#primaryimage\"},\"image\":{\"@id\":\"https:\/\/monaartaquarell.com\/pl\/produkt\/muchomorek-dar-lasu\/#primaryimage\"},\"thumbnailUrl\":\"https:\/\/monaartaquarell.com\/wp-content\/uploads\/2025\/05\/monaartaquarell_bild_10.jpg\",\"datePublished\":\"2025-06-02T19:54:19+00:00\",\"dateModified\":\"2025-06-20T11:20:50+00:00\",\"description\":\"L\u015bni\u0105cy muchomor w jesiennym runie le\u015bnym \u2013 obraz \u201eDar lasu\u201d oddaje magi\u0119 ma\u0142ych cud\u00f3w natury w akwareli.\",\"breadcrumb\":{\"@id\":\"https:\/\/monaartaquarell.com\/pl\/produkt\/muchomorek-dar-lasu\/#breadcrumb\"},\"inLanguage\":\"pl-PL\",\"potentialAction\":[{\"@type\":\"ReadAction\",\"target\":[\"https:\/\/monaartaquarell.com\/pl\/produkt\/muchomorek-dar-lasu\/\"]}]},{\"@type\":\"ImageObject\",\"inLanguage\":\"pl-PL\",\"@id\":\"https:\/\/monaartaquarell.com\/pl\/produkt\/muchomorek-dar-lasu\/#primaryimage\",\"url\":\"https:\/\/monaartaquarell.com\/wp-content\/uploads\/2025\/05\/monaartaquarell_bild_10.jpg\",\"contentUrl\":\"https:\/\/monaartaquarell.com\/wp-content\/uploads\/2025\/05\/monaartaquarell_bild_10.jpg\",\"width\":1099,\"height\":1600,\"caption\":\"Akwarela muchomora na poro\u015bni\u0119tym mchem le\u015bnym pod\u0142o\u017cu, mi\u0119dzy drzewami \u2013 studium natury autorstwa Moniki Bargie\u0142.\"},{\"@type\":\"BreadcrumbList\",\"@id\":\"https:\/\/monaartaquarell.com\/pl\/produkt\/muchomorek-dar-lasu\/#breadcrumb\",\"itemListElement\":[{\"@type\":\"ListItem\",\"position\":1,\"name\":\"Strona g\u0142\u00f3wna\",\"item\":\"https:\/\/monaartaquarell.com\/\"},{\"@type\":\"ListItem\",\"position\":2,\"name\":\"Shop\",\"item\":\"https:\/\/monaartaquarell.com\/shop\/\"},{\"@type\":\"ListItem\",\"position\":3,\"name\":\"Muchomorek &#8211; &#8222;Dar lasu&#8221;\"}]},{\"@type\":\"WebSite\",\"@id\":\"https:\/\/monaartaquarell.com\/#website\",\"url\":\"https:\/\/monaartaquarell.com\/\",\"name\":\"Monaartaquarell\",\"description\":\"Einzigartige Aquarellkunst von Monika Bargie\u0142 \u2013 inspiriert von Natur und Emotion.\",\"publisher\":{\"@id\":\"https:\/\/monaartaquarell.com\/#\/schema\/person\/c6dac180cb6eaf85a262e9055c5d5b63\"},\"potentialAction\":[{\"@type\":\"SearchAction\",\"target\":{\"@type\":\"EntryPoint\",\"urlTemplate\":\"https:\/\/monaartaquarell.com\/?s={search_term_string}\"},\"query-input\":{\"@type\":\"PropertyValueSpecification\",\"valueRequired\":true,\"valueName\":\"search_term_string\"}}],\"inLanguage\":\"pl-PL\"},{\"@type\":[\"Person\",\"Organization\"],\"@id\":\"https:\/\/monaartaquarell.com\/#\/schema\/person\/c6dac180cb6eaf85a262e9055c5d5b63\",\"name\":\"admin-Vp5qLTVF\",\"image\":{\"@type\":\"ImageObject\",\"inLanguage\":\"pl-PL\",\"@id\":\"https:\/\/monaartaquarell.com\/#\/schema\/person\/image\/\",\"url\":\"https:\/\/monaartaquarell.com\/wp-content\/uploads\/2025\/06\/logo_hase_monaartaquarell-2-e1751009755296.png\",\"contentUrl\":\"https:\/\/monaartaquarell.com\/wp-content\/uploads\/2025\/06\/logo_hase_monaartaquarell-2-e1751009755296.png\",\"width\":376,\"height\":331,\"caption\":\"admin-Vp5qLTVF\"},\"logo\":{\"@id\":\"https:\/\/monaartaquarell.com\/#\/schema\/person\/image\/\"},\"sameAs\":[\"https:\/\/monaartaquarell.com\"]}]}<\/script>\n<!-- \/ Yoast SEO plugin. -->","yoast_head_json":{"title":"Akwarela \u201eDar lasu\u201d | Monika Bargie\u0142","description":"L\u015bni\u0105cy muchomor w jesiennym runie le\u015bnym \u2013 obraz \u201eDar lasu\u201d oddaje magi\u0119 ma\u0142ych cud\u00f3w natury w akwareli.","robots":{"index":"index","follow":"follow","max-snippet":"max-snippet:-1","max-image-preview":"max-image-preview:large","max-video-preview":"max-video-preview:-1"},"canonical":"https:\/\/monaartaquarell.com\/pl\/produkt\/muchomorek-dar-lasu\/","og_locale":"pl_PL","og_type":"article","og_title":"Akwarela \u201eDar lasu\u201d | Monika Bargie\u0142","og_description":"L\u015bni\u0105cy muchomor w jesiennym runie le\u015bnym \u2013 obraz \u201eDar lasu\u201d oddaje magi\u0119 ma\u0142ych cud\u00f3w natury w akwareli.","og_url":"https:\/\/monaartaquarell.com\/pl\/produkt\/muchomorek-dar-lasu\/","og_site_name":"Monaartaquarell","article_modified_time":"2025-06-20T11:20:50+00:00","og_image":[{"width":1099,"height":1600,"url":"https:\/\/monaartaquarell.com\/wp-content\/uploads\/2025\/05\/monaartaquarell_bild_10.jpg","type":"image\/jpeg"}],"twitter_card":"summary_large_image","twitter_misc":{"Szacowany czas czytania":"1 minuta"},"schema":{"@context":"https:\/\/schema.org","@graph":[{"@type":"WebPage","@id":"https:\/\/monaartaquarell.com\/pl\/produkt\/muchomorek-dar-lasu\/","url":"https:\/\/monaartaquarell.com\/pl\/produkt\/muchomorek-dar-lasu\/","name":"Akwarela \u201eDar lasu\u201d | Monika Bargie\u0142","isPartOf":{"@id":"https:\/\/monaartaquarell.com\/#website"},"primaryImageOfPage":{"@id":"https:\/\/monaartaquarell.com\/pl\/produkt\/muchomorek-dar-lasu\/#primaryimage"},"image":{"@id":"https:\/\/monaartaquarell.com\/pl\/produkt\/muchomorek-dar-lasu\/#primaryimage"},"thumbnailUrl":"https:\/\/monaartaquarell.com\/wp-content\/uploads\/2025\/05\/monaartaquarell_bild_10.jpg","datePublished":"2025-06-02T19:54:19+00:00","dateModified":"2025-06-20T11:20:50+00:00","description":"L\u015bni\u0105cy muchomor w jesiennym runie le\u015bnym \u2013 obraz \u201eDar lasu\u201d oddaje magi\u0119 ma\u0142ych cud\u00f3w natury w akwareli.","breadcrumb":{"@id":"https:\/\/monaartaquarell.com\/pl\/produkt\/muchomorek-dar-lasu\/#breadcrumb"},"inLanguage":"pl-PL","potentialAction":[{"@type":"ReadAction","target":["https:\/\/monaartaquarell.com\/pl\/produkt\/muchomorek-dar-lasu\/"]}]},{"@type":"ImageObject","inLanguage":"pl-PL","@id":"https:\/\/monaartaquarell.com\/pl\/produkt\/muchomorek-dar-lasu\/#primaryimage","url":"https:\/\/monaartaquarell.com\/wp-content\/uploads\/2025\/05\/monaartaquarell_bild_10.jpg","contentUrl":"https:\/\/monaartaquarell.com\/wp-content\/uploads\/2025\/05\/monaartaquarell_bild_10.jpg","width":1099,"height":1600,"caption":"Akwarela muchomora na poro\u015bni\u0119tym mchem le\u015bnym pod\u0142o\u017cu, mi\u0119dzy drzewami \u2013 studium natury autorstwa Moniki Bargie\u0142."},{"@type":"BreadcrumbList","@id":"https:\/\/monaartaquarell.com\/pl\/produkt\/muchomorek-dar-lasu\/#breadcrumb","itemListElement":[{"@type":"ListItem","position":1,"name":"Strona g\u0142\u00f3wna","item":"https:\/\/monaartaquarell.com\/"},{"@type":"ListItem","position":2,"name":"Shop","item":"https:\/\/monaartaquarell.com\/shop\/"},{"@type":"ListItem","position":3,"name":"Muchomorek &#8211; &#8222;Dar lasu&#8221;"}]},{"@type":"WebSite","@id":"https:\/\/monaartaquarell.com\/#website","url":"https:\/\/monaartaquarell.com\/","name":"Monaartaquarell","description":"Einzigartige Aquarellkunst von Monika Bargie\u0142 \u2013 inspiriert von Natur und Emotion.","publisher":{"@id":"https:\/\/monaartaquarell.com\/#\/schema\/person\/c6dac180cb6eaf85a262e9055c5d5b63"},"potentialAction":[{"@type":"SearchAction","target":{"@type":"EntryPoint","urlTemplate":"https:\/\/monaartaquarell.com\/?s={search_term_string}"},"query-input":{"@type":"PropertyValueSpecification","valueRequired":true,"valueName":"search_term_string"}}],"inLanguage":"pl-PL"},{"@type":["Person","Organization"],"@id":"https:\/\/monaartaquarell.com\/#\/schema\/person\/c6dac180cb6eaf85a262e9055c5d5b63","name":"admin-Vp5qLTVF","image":{"@type":"ImageObject","inLanguage":"pl-PL","@id":"https:\/\/monaartaquarell.com\/#\/schema\/person\/image\/","url":"https:\/\/monaartaquarell.com\/wp-content\/uploads\/2025\/06\/logo_hase_monaartaquarell-2-e1751009755296.png","contentUrl":"https:\/\/monaartaquarell.com\/wp-content\/uploads\/2025\/06\/logo_hase_monaartaquarell-2-e1751009755296.png","width":376,"height":331,"caption":"admin-Vp5qLTVF"},"logo":{"@id":"https:\/\/monaartaquarell.com\/#\/schema\/person\/image\/"},"sameAs":["https:\/\/monaartaquarell.com"]}]}},"_links":{"self":[{"href":"https:\/\/monaartaquarell.com\/pl\/wp-json\/wp\/v2\/product\/822","targetHints":{"allow":["GET"]}}],"collection":[{"href":"https:\/\/monaartaquarell.com\/pl\/wp-json\/wp\/v2\/product"}],"about":[{"href":"https:\/\/monaartaquarell.com\/pl\/wp-json\/wp\/v2\/types\/product"}],"replies":[{"embeddable":true,"href":"https:\/\/monaartaquarell.com\/pl\/wp-json\/wp\/v2\/comments?post=822"}],"wp:featuredmedia":[{"embeddable":true,"href":"https:\/\/monaartaquarell.com\/pl\/wp-json\/wp\/v2\/media\/697"}],"wp:attachment":[{"href":"https:\/\/monaartaquarell.com\/pl\/wp-json\/wp\/v2\/media?parent=822"}],"wp:term":[{"taxonomy":"product_brand","embeddable":true,"href":"https:\/\/monaartaquarell.com\/pl\/wp-json\/wp\/v2\/product_brand?post=822"},{"taxonomy":"product_cat","embeddable":true,"href":"https:\/\/monaartaquarell.com\/pl\/wp-json\/wp\/v2\/product_cat?post=822"},{"taxonomy":"product_tag","embeddable":true,"href":"https:\/\/monaartaquarell.com\/pl\/wp-json\/wp\/v2\/product_tag?post=822"}],"curies":[{"name":"wp","href":"https:\/\/api.w.org\/{rel}","templated":true}]}}