{"id":791,"date":"2025-06-05T13:30:58","date_gmt":"2025-06-05T11:30:58","guid":{"rendered":"https:\/\/monaartaquarell.com\/produkt\/alpy-jesienia-zaduma\/"},"modified":"2025-06-30T21:05:22","modified_gmt":"2025-06-30T19:05:22","slug":"alpy-jesienia-zaduma","status":"publish","type":"product","link":"https:\/\/monaartaquarell.com\/pl\/produkt\/alpy-jesienia-zaduma\/","title":{"rendered":"Alpy jesieni\u0105 &#8211; &#8222;Zaduma&#8221;"},"content":{"rendered":"<p><em>akwarela na papierze, 22 \u00d7 30 cm, 2025<\/em><\/p>\n","protected":false},"excerpt":{"rendered":"<p><em>akwarela na papierze, 22 \u00d7 30 cm, 2025<\/em><\/p>\n<p data-start=\"258\" data-end=\"581\">Majestatyczny szczyt wznosi si\u0119 ku b\u0142\u0119kitnemu niebu, otoczony z\u0142otymi lasami modrzewiowymi \u2013 cichy widok na bezkres alpejskiego krajobrazu.<br data-start=\"392\" data-end=\"395\" \/>Akwarela<strong data-start=\"408\" data-end=\"421\"> \u201eZaduma\u201d <\/strong>\u0142\u0105czy klarowno\u015b\u0107 g\u00f3rskiej scenerii z ciep\u0142\u0105 melancholi\u0105 jesieni. Zach\u0119ca, by pozwoli\u0107 my\u015blom swobodnie p\u0142yn\u0105\u0107 i zatrzyma\u0107 si\u0119 w chwili obecnej.<\/p>\n<p data-start=\"583\" data-end=\"667\">Wymiary: 22 \u00d7 30 cm<br data-start=\"601\" data-end=\"604\" \/>Technika: akwarela na papierze<br data-start=\"632\" data-end=\"635\" \/>Rok: 2025<\/p>\n<p data-start=\"681\" data-end=\"809\"><strong data-start=\"681\" data-end=\"693\">Uwaga:<\/strong><br data-start=\"693\" data-end=\"696\" \/><em>Kolory orygina\u0142u mog\u0105 si\u0119 nieznacznie r\u00f3\u017cni\u0107 od zdj\u0119cia w zale\u017cno\u015bci od ustawie\u0144 ekranu.<\/em><\/p>\n","protected":false},"featured_media":693,"comment_status":"open","ping_status":"closed","template":"","meta":[],"product_brand":[],"product_cat":[39],"product_tag":[],"class_list":{"0":"post-791","1":"product","2":"type-product","3":"status-publish","4":"has-post-thumbnail","6":"product_cat-bez-kategorii","8":"first","9":"instock","10":"sold-individually","11":"shipping-taxable","12":"purchasable","13":"product-type-simple"},"yoast_head":"<!-- This site is optimized with the Yoast SEO plugin v26.5 - https:\/\/yoast.com\/wordpress\/plugins\/seo\/ -->\n<title>Obraz akwarelowy \u201eZaduma\u201d | Monika Bargie\u0142<\/title>\n<meta name=\"description\" content=\"Jesienna panorama g\u00f3r z majestatycznym szczytem i z\u0142otym modrzewiem \u2013 akwarela \u201eZaduma\u201d oddaje cisz\u0119 i pi\u0119kno alpejskiej przyrody.\" \/>\n<meta name=\"robots\" content=\"index, follow, max-snippet:-1, max-image-preview:large, max-video-preview:-1\" \/>\n<link rel=\"canonical\" href=\"https:\/\/monaartaquarell.com\/pl\/produkt\/alpy-jesienia-zaduma\/\" \/>\n<meta property=\"og:locale\" content=\"pl_PL\" \/>\n<meta property=\"og:type\" content=\"article\" \/>\n<meta property=\"og:title\" content=\"Obraz akwarelowy \u201eZaduma\u201d | Monika Bargie\u0142\" \/>\n<meta property=\"og:description\" content=\"Jesienna panorama g\u00f3r z majestatycznym szczytem i z\u0142otym modrzewiem \u2013 akwarela \u201eZaduma\u201d oddaje cisz\u0119 i pi\u0119kno alpejskiej przyrody.\" \/>\n<meta property=\"og:url\" content=\"https:\/\/monaartaquarell.com\/pl\/produkt\/alpy-jesienia-zaduma\/\" \/>\n<meta property=\"og:site_name\" content=\"Monaartaquarell\" \/>\n<meta property=\"article:modified_time\" content=\"2025-06-30T19:05:22+00:00\" \/>\n<meta property=\"og:image\" content=\"https:\/\/monaartaquarell.com\/wp-content\/uploads\/2025\/05\/monaartaquarell_bild_8-scaled.jpg\" \/>\n\t<meta property=\"og:image:width\" content=\"1600\" \/>\n\t<meta property=\"og:image:height\" content=\"1124\" \/>\n\t<meta property=\"og:image:type\" content=\"image\/jpeg\" \/>\n<meta name=\"twitter:card\" content=\"summary_large_image\" \/>\n<meta name=\"twitter:label1\" content=\"Szacowany czas czytania\" \/>\n\t<meta name=\"twitter:data1\" content=\"1 minuta\" \/>\n<script type=\"application\/ld+json\" class=\"yoast-schema-graph\">{\"@context\":\"https:\/\/schema.org\",\"@graph\":[{\"@type\":\"WebPage\",\"@id\":\"https:\/\/monaartaquarell.com\/pl\/produkt\/alpy-jesienia-zaduma\/\",\"url\":\"https:\/\/monaartaquarell.com\/pl\/produkt\/alpy-jesienia-zaduma\/\",\"name\":\"Obraz akwarelowy \u201eZaduma\u201d | Monika Bargie\u0142\",\"isPartOf\":{\"@id\":\"https:\/\/monaartaquarell.com\/#website\"},\"primaryImageOfPage\":{\"@id\":\"https:\/\/monaartaquarell.com\/pl\/produkt\/alpy-jesienia-zaduma\/#primaryimage\"},\"image\":{\"@id\":\"https:\/\/monaartaquarell.com\/pl\/produkt\/alpy-jesienia-zaduma\/#primaryimage\"},\"thumbnailUrl\":\"https:\/\/monaartaquarell.com\/wp-content\/uploads\/2025\/05\/monaartaquarell_bild_8-scaled.jpg\",\"datePublished\":\"2025-06-05T11:30:58+00:00\",\"dateModified\":\"2025-06-30T19:05:22+00:00\",\"description\":\"Jesienna panorama g\u00f3r z majestatycznym szczytem i z\u0142otym modrzewiem \u2013 akwarela \u201eZaduma\u201d oddaje cisz\u0119 i pi\u0119kno alpejskiej przyrody.\",\"breadcrumb\":{\"@id\":\"https:\/\/monaartaquarell.com\/pl\/produkt\/alpy-jesienia-zaduma\/#breadcrumb\"},\"inLanguage\":\"pl-PL\",\"potentialAction\":[{\"@type\":\"ReadAction\",\"target\":[\"https:\/\/monaartaquarell.com\/pl\/produkt\/alpy-jesienia-zaduma\/\"]}]},{\"@type\":\"ImageObject\",\"inLanguage\":\"pl-PL\",\"@id\":\"https:\/\/monaartaquarell.com\/pl\/produkt\/alpy-jesienia-zaduma\/#primaryimage\",\"url\":\"https:\/\/monaartaquarell.com\/wp-content\/uploads\/2025\/05\/monaartaquarell_bild_8-scaled.jpg\",\"contentUrl\":\"https:\/\/monaartaquarell.com\/wp-content\/uploads\/2025\/05\/monaartaquarell_bild_8-scaled.jpg\",\"width\":1600,\"height\":1124,\"caption\":\"Akwarela z alpejskim krajobrazem: z\u0142ocisty jesienny las i o\u015bnie\u017cony szczyt pod b\u0142\u0119kitnym niebem.\"},{\"@type\":\"BreadcrumbList\",\"@id\":\"https:\/\/monaartaquarell.com\/pl\/produkt\/alpy-jesienia-zaduma\/#breadcrumb\",\"itemListElement\":[{\"@type\":\"ListItem\",\"position\":1,\"name\":\"Strona g\u0142\u00f3wna\",\"item\":\"https:\/\/monaartaquarell.com\/\"},{\"@type\":\"ListItem\",\"position\":2,\"name\":\"Shop\",\"item\":\"https:\/\/monaartaquarell.com\/shop\/\"},{\"@type\":\"ListItem\",\"position\":3,\"name\":\"Alpy jesieni\u0105 &#8211; &#8222;Zaduma&#8221;\"}]},{\"@type\":\"WebSite\",\"@id\":\"https:\/\/monaartaquarell.com\/#website\",\"url\":\"https:\/\/monaartaquarell.com\/\",\"name\":\"Monaartaquarell\",\"description\":\"Einzigartige Aquarellkunst von Monika Bargie\u0142 \u2013 inspiriert von Natur und Emotion.\",\"publisher\":{\"@id\":\"https:\/\/monaartaquarell.com\/#\/schema\/person\/c6dac180cb6eaf85a262e9055c5d5b63\"},\"potentialAction\":[{\"@type\":\"SearchAction\",\"target\":{\"@type\":\"EntryPoint\",\"urlTemplate\":\"https:\/\/monaartaquarell.com\/?s={search_term_string}\"},\"query-input\":{\"@type\":\"PropertyValueSpecification\",\"valueRequired\":true,\"valueName\":\"search_term_string\"}}],\"inLanguage\":\"pl-PL\"},{\"@type\":[\"Person\",\"Organization\"],\"@id\":\"https:\/\/monaartaquarell.com\/#\/schema\/person\/c6dac180cb6eaf85a262e9055c5d5b63\",\"name\":\"admin-Vp5qLTVF\",\"image\":{\"@type\":\"ImageObject\",\"inLanguage\":\"pl-PL\",\"@id\":\"https:\/\/monaartaquarell.com\/#\/schema\/person\/image\/\",\"url\":\"https:\/\/monaartaquarell.com\/wp-content\/uploads\/2025\/06\/logo_hase_monaartaquarell-2-e1751009755296.png\",\"contentUrl\":\"https:\/\/monaartaquarell.com\/wp-content\/uploads\/2025\/06\/logo_hase_monaartaquarell-2-e1751009755296.png\",\"width\":376,\"height\":331,\"caption\":\"admin-Vp5qLTVF\"},\"logo\":{\"@id\":\"https:\/\/monaartaquarell.com\/#\/schema\/person\/image\/\"},\"sameAs\":[\"https:\/\/monaartaquarell.com\"]}]}<\/script>\n<!-- \/ Yoast SEO plugin. -->","yoast_head_json":{"title":"Obraz akwarelowy \u201eZaduma\u201d | Monika Bargie\u0142","description":"Jesienna panorama g\u00f3r z majestatycznym szczytem i z\u0142otym modrzewiem \u2013 akwarela \u201eZaduma\u201d oddaje cisz\u0119 i pi\u0119kno alpejskiej przyrody.","robots":{"index":"index","follow":"follow","max-snippet":"max-snippet:-1","max-image-preview":"max-image-preview:large","max-video-preview":"max-video-preview:-1"},"canonical":"https:\/\/monaartaquarell.com\/pl\/produkt\/alpy-jesienia-zaduma\/","og_locale":"pl_PL","og_type":"article","og_title":"Obraz akwarelowy \u201eZaduma\u201d | Monika Bargie\u0142","og_description":"Jesienna panorama g\u00f3r z majestatycznym szczytem i z\u0142otym modrzewiem \u2013 akwarela \u201eZaduma\u201d oddaje cisz\u0119 i pi\u0119kno alpejskiej przyrody.","og_url":"https:\/\/monaartaquarell.com\/pl\/produkt\/alpy-jesienia-zaduma\/","og_site_name":"Monaartaquarell","article_modified_time":"2025-06-30T19:05:22+00:00","og_image":[{"width":1600,"height":1124,"url":"https:\/\/monaartaquarell.com\/wp-content\/uploads\/2025\/05\/monaartaquarell_bild_8-scaled.jpg","type":"image\/jpeg"}],"twitter_card":"summary_large_image","twitter_misc":{"Szacowany czas czytania":"1 minuta"},"schema":{"@context":"https:\/\/schema.org","@graph":[{"@type":"WebPage","@id":"https:\/\/monaartaquarell.com\/pl\/produkt\/alpy-jesienia-zaduma\/","url":"https:\/\/monaartaquarell.com\/pl\/produkt\/alpy-jesienia-zaduma\/","name":"Obraz akwarelowy \u201eZaduma\u201d | Monika Bargie\u0142","isPartOf":{"@id":"https:\/\/monaartaquarell.com\/#website"},"primaryImageOfPage":{"@id":"https:\/\/monaartaquarell.com\/pl\/produkt\/alpy-jesienia-zaduma\/#primaryimage"},"image":{"@id":"https:\/\/monaartaquarell.com\/pl\/produkt\/alpy-jesienia-zaduma\/#primaryimage"},"thumbnailUrl":"https:\/\/monaartaquarell.com\/wp-content\/uploads\/2025\/05\/monaartaquarell_bild_8-scaled.jpg","datePublished":"2025-06-05T11:30:58+00:00","dateModified":"2025-06-30T19:05:22+00:00","description":"Jesienna panorama g\u00f3r z majestatycznym szczytem i z\u0142otym modrzewiem \u2013 akwarela \u201eZaduma\u201d oddaje cisz\u0119 i pi\u0119kno alpejskiej przyrody.","breadcrumb":{"@id":"https:\/\/monaartaquarell.com\/pl\/produkt\/alpy-jesienia-zaduma\/#breadcrumb"},"inLanguage":"pl-PL","potentialAction":[{"@type":"ReadAction","target":["https:\/\/monaartaquarell.com\/pl\/produkt\/alpy-jesienia-zaduma\/"]}]},{"@type":"ImageObject","inLanguage":"pl-PL","@id":"https:\/\/monaartaquarell.com\/pl\/produkt\/alpy-jesienia-zaduma\/#primaryimage","url":"https:\/\/monaartaquarell.com\/wp-content\/uploads\/2025\/05\/monaartaquarell_bild_8-scaled.jpg","contentUrl":"https:\/\/monaartaquarell.com\/wp-content\/uploads\/2025\/05\/monaartaquarell_bild_8-scaled.jpg","width":1600,"height":1124,"caption":"Akwarela z alpejskim krajobrazem: z\u0142ocisty jesienny las i o\u015bnie\u017cony szczyt pod b\u0142\u0119kitnym niebem."},{"@type":"BreadcrumbList","@id":"https:\/\/monaartaquarell.com\/pl\/produkt\/alpy-jesienia-zaduma\/#breadcrumb","itemListElement":[{"@type":"ListItem","position":1,"name":"Strona g\u0142\u00f3wna","item":"https:\/\/monaartaquarell.com\/"},{"@type":"ListItem","position":2,"name":"Shop","item":"https:\/\/monaartaquarell.com\/shop\/"},{"@type":"ListItem","position":3,"name":"Alpy jesieni\u0105 &#8211; &#8222;Zaduma&#8221;"}]},{"@type":"WebSite","@id":"https:\/\/monaartaquarell.com\/#website","url":"https:\/\/monaartaquarell.com\/","name":"Monaartaquarell","description":"Einzigartige Aquarellkunst von Monika Bargie\u0142 \u2013 inspiriert von Natur und Emotion.","publisher":{"@id":"https:\/\/monaartaquarell.com\/#\/schema\/person\/c6dac180cb6eaf85a262e9055c5d5b63"},"potentialAction":[{"@type":"SearchAction","target":{"@type":"EntryPoint","urlTemplate":"https:\/\/monaartaquarell.com\/?s={search_term_string}"},"query-input":{"@type":"PropertyValueSpecification","valueRequired":true,"valueName":"search_term_string"}}],"inLanguage":"pl-PL"},{"@type":["Person","Organization"],"@id":"https:\/\/monaartaquarell.com\/#\/schema\/person\/c6dac180cb6eaf85a262e9055c5d5b63","name":"admin-Vp5qLTVF","image":{"@type":"ImageObject","inLanguage":"pl-PL","@id":"https:\/\/monaartaquarell.com\/#\/schema\/person\/image\/","url":"https:\/\/monaartaquarell.com\/wp-content\/uploads\/2025\/06\/logo_hase_monaartaquarell-2-e1751009755296.png","contentUrl":"https:\/\/monaartaquarell.com\/wp-content\/uploads\/2025\/06\/logo_hase_monaartaquarell-2-e1751009755296.png","width":376,"height":331,"caption":"admin-Vp5qLTVF"},"logo":{"@id":"https:\/\/monaartaquarell.com\/#\/schema\/person\/image\/"},"sameAs":["https:\/\/monaartaquarell.com"]}]}},"_links":{"self":[{"href":"https:\/\/monaartaquarell.com\/pl\/wp-json\/wp\/v2\/product\/791","targetHints":{"allow":["GET"]}}],"collection":[{"href":"https:\/\/monaartaquarell.com\/pl\/wp-json\/wp\/v2\/product"}],"about":[{"href":"https:\/\/monaartaquarell.com\/pl\/wp-json\/wp\/v2\/types\/product"}],"replies":[{"embeddable":true,"href":"https:\/\/monaartaquarell.com\/pl\/wp-json\/wp\/v2\/comments?post=791"}],"wp:featuredmedia":[{"embeddable":true,"href":"https:\/\/monaartaquarell.com\/pl\/wp-json\/wp\/v2\/media\/693"}],"wp:attachment":[{"href":"https:\/\/monaartaquarell.com\/pl\/wp-json\/wp\/v2\/media?parent=791"}],"wp:term":[{"taxonomy":"product_brand","embeddable":true,"href":"https:\/\/monaartaquarell.com\/pl\/wp-json\/wp\/v2\/product_brand?post=791"},{"taxonomy":"product_cat","embeddable":true,"href":"https:\/\/monaartaquarell.com\/pl\/wp-json\/wp\/v2\/product_cat?post=791"},{"taxonomy":"product_tag","embeddable":true,"href":"https:\/\/monaartaquarell.com\/pl\/wp-json\/wp\/v2\/product_tag?post=791"}],"curies":[{"name":"wp","href":"https:\/\/api.w.org\/{rel}","templated":true}]}}