{"id":817,"date":"2025-05-27T19:14:42","date_gmt":"2025-05-27T17:14:42","guid":{"rendered":"https:\/\/monaartaquarell.com\/o-mnie\/"},"modified":"2025-06-19T10:22:20","modified_gmt":"2025-06-19T08:22:20","slug":"o-mnie","status":"publish","type":"page","link":"https:\/\/monaartaquarell.com\/pl\/o-mnie\/","title":{"rendered":"O mnie"},"content":{"rendered":"\t\t<div data-elementor-type=\"wp-page\" data-elementor-id=\"817\" class=\"elementor elementor-817 elementor-94\">\n\t\t\t\t<div class=\"elementor-element elementor-element-2ec9d630 e-con-full e-flex e-con e-parent\" data-id=\"2ec9d630\" data-element_type=\"container\">\n\t\t<div class=\"elementor-element elementor-element-496edb39 e-con-full e-flex e-con e-child\" data-id=\"496edb39\" data-element_type=\"container\">\n\t\t\t\t<div class=\"elementor-element elementor-element-3353e39a elementor-widget elementor-widget-heading\" data-id=\"3353e39a\" data-element_type=\"widget\" data-widget_type=\"heading.default\">\n\t\t\t\t<div class=\"elementor-widget-container\">\n\t\t\t\t\t<h1 class=\"elementor-heading-title elementor-size-default\">O mnie<\/h1>\t\t\t\t<\/div>\n\t\t\t\t<\/div>\n\t\t\t\t<div class=\"elementor-element elementor-element-21d3c373 elementor-widget-divider--view-line elementor-widget elementor-widget-divider\" data-id=\"21d3c373\" data-element_type=\"widget\" data-widget_type=\"divider.default\">\n\t\t\t\t<div class=\"elementor-widget-container\">\n\t\t\t\t\t\t\t<div class=\"elementor-divider\">\n\t\t\t<span class=\"elementor-divider-separator\">\n\t\t\t\t\t\t<\/span>\n\t\t<\/div>\n\t\t\t\t\t\t<\/div>\n\t\t\t\t<\/div>\n\t\t\t\t<div class=\"elementor-element elementor-element-4a2fa918 elementor-widget__width-initial elementor-widget elementor-widget-text-editor\" data-id=\"4a2fa918\" data-element_type=\"widget\" data-widget_type=\"text-editor.default\">\n\t\t\t\t<div class=\"elementor-widget-container\">\n\t\t\t\t\t\t\t\t\t<div class=\"elementor-element elementor-element-4e6ca81a elementor-widget__width-initial elementor-widget elementor-widget-text-editor\" data-id=\"4e6ca81a\" data-element_type=\"widget\" data-widget_type=\"text-editor.default\"><div class=\"elementor-widget-container\"><p class=\"\" data-start=\"188\" data-end=\"534\">Nazywam si\u0119 Monika Bargie\u0142. Urodzi\u0142am si\u0119 w 1969 roku w malowniczym Zwierzy\u0144cu na Roztoczu &#8211; regionie, w kt\u00f3rym natura i historia w wyj\u0105tkowy spos\u00f3b si\u0119 przenikaj\u0105. Obecnie mieszkam w Badenii-Wirtembergii, gdzie znajduj\u0119 spok\u00f3j, inspiracj\u0119 i mo\u017cliwo\u015b\u0107 codziennego oddawania si\u0119 mojej pasji &#8211; malarstwu.  <\/p><p class=\"\" data-start=\"536\" data-end=\"1007\">Sztuka nigdy nie by\u0142a dla mnie tylko hobby, lecz cichym marzeniem \u017cycia, kt\u00f3re towarzyszy\u0142o mi przez wiele lat. Od wczesnych lat fascynowa\u0142y mnie naturalne formy, architektura i stare meble &#8211; ich historie, ich cisza, ich estetyka. Rysowa\u0142am cz\u0119sto, ale zawsze gdzie\u015b przy okazji &#8211; a\u017c do momentu, gdy pandemia zatrzyma\u0142a mnie na chwil\u0119. Wtedy ponownie si\u0119gn\u0119\u0142am po p\u0119dzel i akwarele. Od tego czasu z oddaniem po\u015bwi\u0119cam si\u0119 malarstwu i nieustannie rozwijam swoje umiej\u0119tno\u015bci.    <\/p><p class=\"\" data-start=\"1009\" data-end=\"1363\">Akwarela sta\u0142a si\u0119 moim ulubionym \u015brodkiem wyrazu &#8211; pozwala mi w wyj\u0105tkowy spos\u00f3b uchwyci\u0107 \u015bwiat\u0142o, nastr\u00f3j i ulotno\u015b\u0107 chwili. Jej przejrzysto\u015b\u0107, lekko\u015b\u0107 i g\u0142\u0119bia przypominaj\u0105 mi dzie\u0142a impresjonist\u00f3w -zw\u0142aszcza Claude\u2019a Moneta. Inspiruj\u0105 mnie tak\u017ce wsp\u00f3\u0142cze\u015bni arty\u015bci, tacy jak Andre Cano czy Ilya Ibrejev.  <\/p><p class=\"\" data-start=\"1365\" data-end=\"1667\">Moje obrazy nie opowiadaj\u0105 g\u0142o\u015bnych historii. Zapraszaj\u0105 do zatrzymania si\u0119, budz\u0105 wspomnienia i poruszaj\u0105 cz\u0119sto w cichy, osobisty spos\u00f3b. Je\u015bli moja sztuka wywo\u0142a u\u015bmiech, uchwyci nastr\u00f3j lub podaruje chwil\u0119 spokoju to znaczy, \u017ce uda\u0142o mi si\u0119 osi\u0105gn\u0105\u0107 to, co dla mnie najwa\u017cniejsze.  <\/p><p class=\"\" data-start=\"1669\" data-end=\"1772\">Kocham to, co robi\u0119 i ciesz\u0119 si\u0119, gdy moje prace poruszaj\u0105 ludzi i sprawiaj\u0105 im rado\u015b\u0107.<\/p><\/div><\/div>\t\t\t\t\t\t\t\t<\/div>\n\t\t\t\t<\/div>\n\t\t\t\t<\/div>\n\t\t<div class=\"elementor-element elementor-element-2ca5d2c0 e-con-full e-flex e-con e-child\" data-id=\"2ca5d2c0\" data-element_type=\"container\" data-settings=\"{&quot;background_background&quot;:&quot;classic&quot;}\">\n\t\t\t\t<\/div>\n\t\t\t\t<\/div>\n\t\t<div class=\"elementor-element elementor-element-c1638a6 e-flex e-con-boxed e-con e-parent\" data-id=\"c1638a6\" data-element_type=\"container\">\n\t\t\t\t\t<div class=\"e-con-inner\">\n\t\t\t\t<div class=\"elementor-element elementor-element-6a5ba7bc elementor-widget__width-initial elementor-widget elementor-widget-heading\" data-id=\"6a5ba7bc\" data-element_type=\"widget\" data-widget_type=\"heading.default\">\n\t\t\t\t<div class=\"elementor-widget-container\">\n\t\t\t\t\t<h2 class=\"elementor-heading-title elementor-size-default\">Moja wystawa<\/h2>\t\t\t\t<\/div>\n\t\t\t\t<\/div>\n\t\t\t\t<div class=\"elementor-element elementor-element-6c13adc elementor-widget elementor-widget-text-editor\" data-id=\"6c13adc\" data-element_type=\"widget\" data-widget_type=\"text-editor.default\">\n\t\t\t\t<div class=\"elementor-widget-container\">\n\t\t\t\t\t\t\t\t\t<p>Zesp\u00f3\u0142 Szk\u00f3\u0142 am Limes w Osterburken<br><br><\/p>\t\t\t\t\t\t\t\t<\/div>\n\t\t\t\t<\/div>\n\t\t\t\t\t<\/div>\n\t\t\t\t<\/div>\n\t\t<div class=\"elementor-element elementor-element-761672d3 e-con-full e-flex e-con e-parent\" data-id=\"761672d3\" data-element_type=\"container\">\n\t\t<div class=\"elementor-element elementor-element-1798d1c1 e-con-full e-flex e-con e-child\" data-id=\"1798d1c1\" data-element_type=\"container\">\n\t\t<div class=\"elementor-element elementor-element-594d98bf e-con-full e-flex e-con e-child\" data-id=\"594d98bf\" data-element_type=\"container\">\n\t\t\t\t<div class=\"elementor-element elementor-element-7d3fd17e elementor-position-top elementor-widget elementor-widget-image-box\" data-id=\"7d3fd17e\" data-element_type=\"widget\" data-widget_type=\"image-box.default\">\n\t\t\t\t<div class=\"elementor-widget-container\">\n\t\t\t\t\t<div class=\"elementor-image-box-wrapper\"><figure class=\"elementor-image-box-img\"><img fetchpriority=\"high\" decoding=\"async\" width=\"1200\" height=\"1600\" src=\"https:\/\/monaartaquarell.com\/wp-content\/uploads\/2025\/05\/monaartaquarell_austellung.jpeg\" class=\"attachment-full size-full wp-image-123\" alt=\"Monika Bargie\u0142 bei ihrer Kunstausstellung, stehend neben einer Auswahl ihrer Aquarellwerke\" srcset=\"https:\/\/monaartaquarell.com\/wp-content\/uploads\/2025\/05\/monaartaquarell_austellung.jpeg 1200w, https:\/\/monaartaquarell.com\/wp-content\/uploads\/2025\/05\/monaartaquarell_austellung-600x800.jpeg 600w, https:\/\/monaartaquarell.com\/wp-content\/uploads\/2025\/05\/monaartaquarell_austellung-225x300.jpeg 225w, https:\/\/monaartaquarell.com\/wp-content\/uploads\/2025\/05\/monaartaquarell_austellung-768x1024.jpeg 768w, https:\/\/monaartaquarell.com\/wp-content\/uploads\/2025\/05\/monaartaquarell_austellung-1152x1536.jpeg 1152w\" sizes=\"(max-width: 1200px) 100vw, 1200px\" \/><\/figure><\/div>\t\t\t\t<\/div>\n\t\t\t\t<\/div>\n\t\t\t\t<\/div>\n\t\t<div class=\"elementor-element elementor-element-378792f1 e-con-full e-flex e-con e-child\" data-id=\"378792f1\" data-element_type=\"container\">\n\t\t\t\t<div class=\"elementor-element elementor-element-3093b7d7 elementor-position-top elementor-widget elementor-widget-image-box\" data-id=\"3093b7d7\" data-element_type=\"widget\" data-widget_type=\"image-box.default\">\n\t\t\t\t<div class=\"elementor-widget-container\">\n\t\t\t\t\t<div class=\"elementor-image-box-wrapper\"><figure class=\"elementor-image-box-img\"><img decoding=\"async\" width=\"2736\" height=\"3648\" src=\"https:\/\/monaartaquarell.com\/wp-content\/uploads\/2025\/06\/monaartaquarell_austellung-3.jpg\" class=\"attachment-full size-full wp-image-313\" alt=\"\" srcset=\"https:\/\/monaartaquarell.com\/wp-content\/uploads\/2025\/06\/monaartaquarell_austellung-3.jpg 2736w, https:\/\/monaartaquarell.com\/wp-content\/uploads\/2025\/06\/monaartaquarell_austellung-3-225x300.jpg 225w, https:\/\/monaartaquarell.com\/wp-content\/uploads\/2025\/06\/monaartaquarell_austellung-3-768x1024.jpg 768w, https:\/\/monaartaquarell.com\/wp-content\/uploads\/2025\/06\/monaartaquarell_austellung-3-1152x1536.jpg 1152w, https:\/\/monaartaquarell.com\/wp-content\/uploads\/2025\/06\/monaartaquarell_austellung-3-1536x2048.jpg 1536w, https:\/\/monaartaquarell.com\/wp-content\/uploads\/2025\/06\/monaartaquarell_austellung-3-600x800.jpg 600w\" sizes=\"(max-width: 2736px) 100vw, 2736px\" \/><\/figure><\/div>\t\t\t\t<\/div>\n\t\t\t\t<\/div>\n\t\t\t\t<\/div>\n\t\t<div class=\"elementor-element elementor-element-2c8107eb e-con-full e-flex e-con e-child\" data-id=\"2c8107eb\" data-element_type=\"container\">\n\t\t\t\t<div class=\"elementor-element elementor-element-2c5cdcb2 elementor-position-top elementor-widget elementor-widget-image-box\" data-id=\"2c5cdcb2\" data-element_type=\"widget\" data-widget_type=\"image-box.default\">\n\t\t\t\t<div class=\"elementor-widget-container\">\n\t\t\t\t\t<div class=\"elementor-image-box-wrapper\"><figure class=\"elementor-image-box-img\"><img decoding=\"async\" width=\"2736\" height=\"3648\" src=\"https:\/\/monaartaquarell.com\/wp-content\/uploads\/2025\/06\/monaartaquarell_austellung-2.jpg\" class=\"attachment-full size-full wp-image-312\" alt=\"Kunstausstellung von Monika Bargie\u0142 in einer Schule.\" srcset=\"https:\/\/monaartaquarell.com\/wp-content\/uploads\/2025\/06\/monaartaquarell_austellung-2.jpg 2736w, https:\/\/monaartaquarell.com\/wp-content\/uploads\/2025\/06\/monaartaquarell_austellung-2-225x300.jpg 225w, https:\/\/monaartaquarell.com\/wp-content\/uploads\/2025\/06\/monaartaquarell_austellung-2-768x1024.jpg 768w, https:\/\/monaartaquarell.com\/wp-content\/uploads\/2025\/06\/monaartaquarell_austellung-2-1152x1536.jpg 1152w, https:\/\/monaartaquarell.com\/wp-content\/uploads\/2025\/06\/monaartaquarell_austellung-2-1536x2048.jpg 1536w, https:\/\/monaartaquarell.com\/wp-content\/uploads\/2025\/06\/monaartaquarell_austellung-2-600x800.jpg 600w\" sizes=\"(max-width: 2736px) 100vw, 2736px\" \/><\/figure><\/div>\t\t\t\t<\/div>\n\t\t\t\t<\/div>\n\t\t\t\t<\/div>\n\t\t\t\t<\/div>\n\t\t\t\t<\/div>\n\t\t<div class=\"elementor-element elementor-element-7bd6c27 e-flex e-con-boxed e-con e-parent\" data-id=\"7bd6c27\" data-element_type=\"container\">\n\t\t\t\t\t<div class=\"e-con-inner\">\n\t\t\t\t<div class=\"elementor-element elementor-element-3334389 elementor-widget elementor-widget-text-editor\" data-id=\"3334389\" data-element_type=\"widget\" data-widget_type=\"text-editor.default\">\n\t\t\t\t<div class=\"elementor-widget-container\">\n\t\t\t\t\t\t\t\t\t<p>Od 7 do 26 wrze\u015bnia 2024 roku mia\u0142am przyjemno\u015b\u0107 zaprezentowa\u0107 moje akwarele w Zespole Szk\u00f3\u0142 w Osterburken.<br>Wystawa odby\u0142a si\u0119 dzi\u0119ki ogromnemu wsparciu i serdeczno\u015bci dyrektora szko\u0142y Bernharda Klenka &#8211; to jego osobiste zaanga\u017cowanie umo\u017cliwi\u0142o realizacj\u0119 tego projektu.<br>Dzi\u0119kuj\u0119 ca\u0142ej spo\u0142eczno\u015bci szkolnej za zainteresowanie, spotkania i wspania\u0142\u0105 atmosfer\u0119.<\/p>\t\t\t\t\t\t\t\t<\/div>\n\t\t\t\t<\/div>\n\t\t\t\t\t<\/div>\n\t\t\t\t<\/div>\n\t\t<div class=\"elementor-element elementor-element-6dc50d90 e-flex e-con-boxed e-con e-parent\" data-id=\"6dc50d90\" data-element_type=\"container\">\n\t\t\t\t\t<div class=\"e-con-inner\">\n\t\t\t\t<div class=\"elementor-element elementor-element-459095c elementor-widget elementor-widget-heading\" data-id=\"459095c\" data-element_type=\"widget\" data-widget_type=\"heading.default\">\n\t\t\t\t<div class=\"elementor-widget-container\">\n\t\t\t\t\t<h2 class=\"elementor-heading-title elementor-size-default\">Sztuka \u0142\u0105czy <\/h2>\t\t\t\t<\/div>\n\t\t\t\t<\/div>\n\t\t\t\t<div class=\"elementor-element elementor-element-312f1318 elementor-widget elementor-widget-text-editor\" data-id=\"312f1318\" data-element_type=\"widget\" data-widget_type=\"text-editor.default\">\n\t\t\t\t<div class=\"elementor-widget-container\">\n\t\t\t\t\t\t\t\t\t<p>Napisz do mnie<\/p>\t\t\t\t\t\t\t\t<\/div>\n\t\t\t\t<\/div>\n\t\t\t\t<div class=\"elementor-element elementor-element-3913940f elementor-align-center elementor-invisible elementor-widget elementor-widget-button\" data-id=\"3913940f\" data-element_type=\"widget\" data-settings=\"{&quot;_animation&quot;:&quot;fadeInDown&quot;}\" data-widget_type=\"button.default\">\n\t\t\t\t<div class=\"elementor-widget-container\">\n\t\t\t\t\t\t\t\t\t<div class=\"elementor-button-wrapper\">\n\t\t\t\t\t<a class=\"elementor-button elementor-size-sm\" role=\"button\">\n\t\t\t\t\t\t<span class=\"elementor-button-content-wrapper\">\n\t\t\t\t\t\t\t\t\t<span class=\"elementor-button-text\">Wy\u015blij wiadomo\u015b\u0107<\/span>\n\t\t\t\t\t<\/span>\n\t\t\t\t\t<\/a>\n\t\t\t\t<\/div>\n\t\t\t\t\t\t\t\t<\/div>\n\t\t\t\t<\/div>\n\t\t\t\t\t<\/div>\n\t\t\t\t<\/div>\n\t\t\t\t<\/div>\n\t\t","protected":false},"excerpt":{"rendered":"<p>O mnie Nazywam si\u0119 Monika Bargie\u0142. Urodzi\u0142am si\u0119 w 1969 roku w malowniczym Zwierzy\u0144cu na Roztoczu &#8211; regionie, w kt\u00f3rym natura i historia w wyj\u0105tkowy spos\u00f3b si\u0119 przenikaj\u0105. Obecnie mieszkam w Badenii-Wirtembergii, gdzie znajduj\u0119 spok\u00f3j, inspiracj\u0119 i mo\u017cliwo\u015b\u0107 codziennego oddawania si\u0119 mojej pasji &#8211; malarstwu. Sztuka nigdy nie by\u0142a dla mnie tylko hobby, lecz cichym [&hellip;]<\/p>\n","protected":false},"author":1,"featured_media":0,"parent":0,"menu_order":0,"comment_status":"closed","ping_status":"closed","template":"elementor_header_footer","meta":{"footnotes":""},"class_list":["post-817","page","type-page","status-publish","hentry"],"yoast_head":"<!-- This site is optimized with the Yoast SEO plugin v26.5 - https:\/\/yoast.com\/wordpress\/plugins\/seo\/ -->\n<title>Monika Bargie\u0142 \u2013 artystka akwarelowa<\/title>\n<meta name=\"description\" content=\"Poznaj histori\u0119 Moniki Bargie\u0142 \u2013 artystki, kt\u00f3rej obrazy rodz\u0105 si\u0119 z emocji i zachwytu nad natur\u0105. Sztuka, kt\u00f3ra dotyka duszy.\" \/>\n<meta name=\"robots\" content=\"index, follow, max-snippet:-1, max-image-preview:large, max-video-preview:-1\" \/>\n<link rel=\"canonical\" href=\"https:\/\/monaartaquarell.com\/uber-mich\/\" \/>\n<meta property=\"og:locale\" content=\"pl_PL\" \/>\n<meta property=\"og:type\" content=\"article\" \/>\n<meta property=\"og:title\" content=\"Monika Bargie\u0142 \u2013 artystka akwarelowa\" \/>\n<meta property=\"og:description\" content=\"Poznaj histori\u0119 Moniki Bargie\u0142 \u2013 artystki, kt\u00f3rej obrazy rodz\u0105 si\u0119 z emocji i zachwytu nad natur\u0105. Sztuka, kt\u00f3ra dotyka duszy.\" \/>\n<meta property=\"og:url\" content=\"https:\/\/monaartaquarell.com\/uber-mich\/\" \/>\n<meta property=\"og:site_name\" content=\"Monaartaquarell\" \/>\n<meta property=\"article:modified_time\" content=\"2025-06-19T08:22:20+00:00\" \/>\n<meta property=\"og:image\" content=\"https:\/\/monaartaquarell.com\/wp-content\/uploads\/2025\/05\/monaartaquarell_austellung.jpeg\" \/>\n<meta name=\"twitter:card\" content=\"summary_large_image\" \/>\n<meta name=\"twitter:label1\" content=\"Szacowany czas czytania\" \/>\n\t<meta name=\"twitter:data1\" content=\"3 minuty\" \/>\n<script type=\"application\/ld+json\" class=\"yoast-schema-graph\">{\"@context\":\"https:\/\/schema.org\",\"@graph\":[{\"@type\":\"WebPage\",\"@id\":\"https:\/\/monaartaquarell.com\/uber-mich\/\",\"url\":\"https:\/\/monaartaquarell.com\/uber-mich\/\",\"name\":\"Monika Bargie\u0142 \u2013 artystka akwarelowa\",\"isPartOf\":{\"@id\":\"https:\/\/monaartaquarell.com\/#website\"},\"primaryImageOfPage\":{\"@id\":\"https:\/\/monaartaquarell.com\/uber-mich\/#primaryimage\"},\"image\":{\"@id\":\"https:\/\/monaartaquarell.com\/uber-mich\/#primaryimage\"},\"thumbnailUrl\":\"https:\/\/monaartaquarell.com\/wp-content\/uploads\/2025\/05\/monaartaquarell_austellung.jpeg\",\"datePublished\":\"2025-05-27T17:14:42+00:00\",\"dateModified\":\"2025-06-19T08:22:20+00:00\",\"description\":\"Poznaj histori\u0119 Moniki Bargie\u0142 \u2013 artystki, kt\u00f3rej obrazy rodz\u0105 si\u0119 z emocji i zachwytu nad natur\u0105. Sztuka, kt\u00f3ra dotyka duszy.\",\"breadcrumb\":{\"@id\":\"https:\/\/monaartaquarell.com\/uber-mich\/#breadcrumb\"},\"inLanguage\":\"pl-PL\",\"potentialAction\":[{\"@type\":\"ReadAction\",\"target\":[\"https:\/\/monaartaquarell.com\/uber-mich\/\"]}]},{\"@type\":\"ImageObject\",\"inLanguage\":\"pl-PL\",\"@id\":\"https:\/\/monaartaquarell.com\/uber-mich\/#primaryimage\",\"url\":\"https:\/\/monaartaquarell.com\/wp-content\/uploads\/2025\/05\/monaartaquarell_austellung.jpeg\",\"contentUrl\":\"https:\/\/monaartaquarell.com\/wp-content\/uploads\/2025\/05\/monaartaquarell_austellung.jpeg\"},{\"@type\":\"BreadcrumbList\",\"@id\":\"https:\/\/monaartaquarell.com\/uber-mich\/#breadcrumb\",\"itemListElement\":[{\"@type\":\"ListItem\",\"position\":1,\"name\":\"Strona g\u0142\u00f3wna\",\"item\":\"https:\/\/monaartaquarell.com\/\"},{\"@type\":\"ListItem\",\"position\":2,\"name\":\"O mnie\"}]},{\"@type\":\"WebSite\",\"@id\":\"https:\/\/monaartaquarell.com\/#website\",\"url\":\"https:\/\/monaartaquarell.com\/\",\"name\":\"Monaartaquarell\",\"description\":\"Einzigartige Aquarellkunst von Monika Bargie\u0142 \u2013 inspiriert von Natur und Emotion.\",\"publisher\":{\"@id\":\"https:\/\/monaartaquarell.com\/#\/schema\/person\/c6dac180cb6eaf85a262e9055c5d5b63\"},\"potentialAction\":[{\"@type\":\"SearchAction\",\"target\":{\"@type\":\"EntryPoint\",\"urlTemplate\":\"https:\/\/monaartaquarell.com\/?s={search_term_string}\"},\"query-input\":{\"@type\":\"PropertyValueSpecification\",\"valueRequired\":true,\"valueName\":\"search_term_string\"}}],\"inLanguage\":\"pl-PL\"},{\"@type\":[\"Person\",\"Organization\"],\"@id\":\"https:\/\/monaartaquarell.com\/#\/schema\/person\/c6dac180cb6eaf85a262e9055c5d5b63\",\"name\":\"admin-Vp5qLTVF\",\"image\":{\"@type\":\"ImageObject\",\"inLanguage\":\"pl-PL\",\"@id\":\"https:\/\/monaartaquarell.com\/#\/schema\/person\/image\/\",\"url\":\"https:\/\/monaartaquarell.com\/wp-content\/uploads\/2025\/06\/logo_hase_monaartaquarell-2-e1751009755296.png\",\"contentUrl\":\"https:\/\/monaartaquarell.com\/wp-content\/uploads\/2025\/06\/logo_hase_monaartaquarell-2-e1751009755296.png\",\"width\":376,\"height\":331,\"caption\":\"admin-Vp5qLTVF\"},\"logo\":{\"@id\":\"https:\/\/monaartaquarell.com\/#\/schema\/person\/image\/\"},\"sameAs\":[\"https:\/\/monaartaquarell.com\"]}]}<\/script>\n<!-- \/ Yoast SEO plugin. -->","yoast_head_json":{"title":"Monika Bargie\u0142 \u2013 artystka akwarelowa","description":"Poznaj histori\u0119 Moniki Bargie\u0142 \u2013 artystki, kt\u00f3rej obrazy rodz\u0105 si\u0119 z emocji i zachwytu nad natur\u0105. Sztuka, kt\u00f3ra dotyka duszy.","robots":{"index":"index","follow":"follow","max-snippet":"max-snippet:-1","max-image-preview":"max-image-preview:large","max-video-preview":"max-video-preview:-1"},"canonical":"https:\/\/monaartaquarell.com\/uber-mich\/","og_locale":"pl_PL","og_type":"article","og_title":"Monika Bargie\u0142 \u2013 artystka akwarelowa","og_description":"Poznaj histori\u0119 Moniki Bargie\u0142 \u2013 artystki, kt\u00f3rej obrazy rodz\u0105 si\u0119 z emocji i zachwytu nad natur\u0105. Sztuka, kt\u00f3ra dotyka duszy.","og_url":"https:\/\/monaartaquarell.com\/uber-mich\/","og_site_name":"Monaartaquarell","article_modified_time":"2025-06-19T08:22:20+00:00","og_image":[{"url":"https:\/\/monaartaquarell.com\/wp-content\/uploads\/2025\/05\/monaartaquarell_austellung.jpeg","type":"","width":"","height":""}],"twitter_card":"summary_large_image","twitter_misc":{"Szacowany czas czytania":"3 minuty"},"schema":{"@context":"https:\/\/schema.org","@graph":[{"@type":"WebPage","@id":"https:\/\/monaartaquarell.com\/uber-mich\/","url":"https:\/\/monaartaquarell.com\/uber-mich\/","name":"Monika Bargie\u0142 \u2013 artystka akwarelowa","isPartOf":{"@id":"https:\/\/monaartaquarell.com\/#website"},"primaryImageOfPage":{"@id":"https:\/\/monaartaquarell.com\/uber-mich\/#primaryimage"},"image":{"@id":"https:\/\/monaartaquarell.com\/uber-mich\/#primaryimage"},"thumbnailUrl":"https:\/\/monaartaquarell.com\/wp-content\/uploads\/2025\/05\/monaartaquarell_austellung.jpeg","datePublished":"2025-05-27T17:14:42+00:00","dateModified":"2025-06-19T08:22:20+00:00","description":"Poznaj histori\u0119 Moniki Bargie\u0142 \u2013 artystki, kt\u00f3rej obrazy rodz\u0105 si\u0119 z emocji i zachwytu nad natur\u0105. Sztuka, kt\u00f3ra dotyka duszy.","breadcrumb":{"@id":"https:\/\/monaartaquarell.com\/uber-mich\/#breadcrumb"},"inLanguage":"pl-PL","potentialAction":[{"@type":"ReadAction","target":["https:\/\/monaartaquarell.com\/uber-mich\/"]}]},{"@type":"ImageObject","inLanguage":"pl-PL","@id":"https:\/\/monaartaquarell.com\/uber-mich\/#primaryimage","url":"https:\/\/monaartaquarell.com\/wp-content\/uploads\/2025\/05\/monaartaquarell_austellung.jpeg","contentUrl":"https:\/\/monaartaquarell.com\/wp-content\/uploads\/2025\/05\/monaartaquarell_austellung.jpeg"},{"@type":"BreadcrumbList","@id":"https:\/\/monaartaquarell.com\/uber-mich\/#breadcrumb","itemListElement":[{"@type":"ListItem","position":1,"name":"Strona g\u0142\u00f3wna","item":"https:\/\/monaartaquarell.com\/"},{"@type":"ListItem","position":2,"name":"O mnie"}]},{"@type":"WebSite","@id":"https:\/\/monaartaquarell.com\/#website","url":"https:\/\/monaartaquarell.com\/","name":"Monaartaquarell","description":"Einzigartige Aquarellkunst von Monika Bargie\u0142 \u2013 inspiriert von Natur und Emotion.","publisher":{"@id":"https:\/\/monaartaquarell.com\/#\/schema\/person\/c6dac180cb6eaf85a262e9055c5d5b63"},"potentialAction":[{"@type":"SearchAction","target":{"@type":"EntryPoint","urlTemplate":"https:\/\/monaartaquarell.com\/?s={search_term_string}"},"query-input":{"@type":"PropertyValueSpecification","valueRequired":true,"valueName":"search_term_string"}}],"inLanguage":"pl-PL"},{"@type":["Person","Organization"],"@id":"https:\/\/monaartaquarell.com\/#\/schema\/person\/c6dac180cb6eaf85a262e9055c5d5b63","name":"admin-Vp5qLTVF","image":{"@type":"ImageObject","inLanguage":"pl-PL","@id":"https:\/\/monaartaquarell.com\/#\/schema\/person\/image\/","url":"https:\/\/monaartaquarell.com\/wp-content\/uploads\/2025\/06\/logo_hase_monaartaquarell-2-e1751009755296.png","contentUrl":"https:\/\/monaartaquarell.com\/wp-content\/uploads\/2025\/06\/logo_hase_monaartaquarell-2-e1751009755296.png","width":376,"height":331,"caption":"admin-Vp5qLTVF"},"logo":{"@id":"https:\/\/monaartaquarell.com\/#\/schema\/person\/image\/"},"sameAs":["https:\/\/monaartaquarell.com"]}]}},"_links":{"self":[{"href":"https:\/\/monaartaquarell.com\/pl\/wp-json\/wp\/v2\/pages\/817","targetHints":{"allow":["GET"]}}],"collection":[{"href":"https:\/\/monaartaquarell.com\/pl\/wp-json\/wp\/v2\/pages"}],"about":[{"href":"https:\/\/monaartaquarell.com\/pl\/wp-json\/wp\/v2\/types\/page"}],"author":[{"embeddable":true,"href":"https:\/\/monaartaquarell.com\/pl\/wp-json\/wp\/v2\/users\/1"}],"replies":[{"embeddable":true,"href":"https:\/\/monaartaquarell.com\/pl\/wp-json\/wp\/v2\/comments?post=817"}],"version-history":[{"count":2,"href":"https:\/\/monaartaquarell.com\/pl\/wp-json\/wp\/v2\/pages\/817\/revisions"}],"predecessor-version":[{"id":936,"href":"https:\/\/monaartaquarell.com\/pl\/wp-json\/wp\/v2\/pages\/817\/revisions\/936"}],"wp:attachment":[{"href":"https:\/\/monaartaquarell.com\/pl\/wp-json\/wp\/v2\/media?parent=817"}],"curies":[{"name":"wp","href":"https:\/\/api.w.org\/{rel}","templated":true}]}}