{"id":785,"date":"2025-05-28T13:54:46","date_gmt":"2025-05-28T11:54:46","guid":{"rendered":"https:\/\/monaartaquarell.com\/sklep\/"},"modified":"2025-06-20T09:42:50","modified_gmt":"2025-06-20T07:42:50","slug":"sklep","status":"publish","type":"page","link":"https:\/\/monaartaquarell.com\/pl\/sklep\/","title":{"rendered":"Sklep"},"content":{"rendered":"","protected":false},"excerpt":{"rendered":"","protected":false},"author":1,"featured_media":0,"parent":0,"menu_order":0,"comment_status":"closed","ping_status":"closed","template":"","meta":{"footnotes":""},"class_list":["post-785","page","type-page","status-publish","hentry"],"yoast_head":"<!-- This site is optimized with the Yoast SEO plugin v26.5 - https:\/\/yoast.com\/wordpress\/plugins\/seo\/ -->\n<title>Obrazy akwarelowe | Sklep z akwarelami Moniki Bargie\u0142<\/title>\n<meta name=\"description\" content=\"Odkryj oryginalne akwarele Moniki Bargie\u0142 \u2013 obrazy inspirowane natur\u0105, emocjami i \u015bwiat\u0142em. Kup wyj\u0105tkow\u0105 sztuk\u0119 do swojego wn\u0119trza lub na prezent.\" \/>\n<meta name=\"robots\" content=\"index, follow, max-snippet:-1, max-image-preview:large, max-video-preview:-1\" \/>\n<link rel=\"canonical\" href=\"https:\/\/monaartaquarell.com\/pl\/sklep\/\" \/>\n<meta property=\"og:locale\" content=\"pl_PL\" \/>\n<meta property=\"og:type\" content=\"article\" \/>\n<meta property=\"og:title\" content=\"Obrazy akwarelowe | Sklep z akwarelami Moniki Bargie\u0142\" \/>\n<meta property=\"og:description\" content=\"Odkryj oryginalne akwarele Moniki Bargie\u0142 \u2013 obrazy inspirowane natur\u0105, emocjami i \u015bwiat\u0142em. Kup wyj\u0105tkow\u0105 sztuk\u0119 do swojego wn\u0119trza lub na prezent.\" \/>\n<meta property=\"og:url\" content=\"https:\/\/monaartaquarell.com\/pl\/sklep\/\" \/>\n<meta property=\"og:site_name\" content=\"Monaartaquarell\" \/>\n<meta property=\"article:modified_time\" content=\"2025-06-20T07:42:50+00:00\" \/>\n<meta name=\"twitter:card\" content=\"summary_large_image\" \/>\n<script type=\"application\/ld+json\" class=\"yoast-schema-graph\">{\"@context\":\"https:\/\/schema.org\",\"@graph\":[{\"@type\":\"WebPage\",\"@id\":\"https:\/\/monaartaquarell.com\/pl\/sklep\/\",\"url\":\"https:\/\/monaartaquarell.com\/pl\/sklep\/\",\"name\":\"Obrazy akwarelowe | Sklep z akwarelami Moniki Bargie\u0142\",\"isPartOf\":{\"@id\":\"https:\/\/monaartaquarell.com\/#website\"},\"datePublished\":\"2025-05-28T11:54:46+00:00\",\"dateModified\":\"2025-06-20T07:42:50+00:00\",\"description\":\"Odkryj oryginalne akwarele Moniki Bargie\u0142 \u2013 obrazy inspirowane natur\u0105, emocjami i \u015bwiat\u0142em. Kup wyj\u0105tkow\u0105 sztuk\u0119 do swojego wn\u0119trza lub na prezent.\",\"breadcrumb\":{\"@id\":\"https:\/\/monaartaquarell.com\/pl\/sklep\/#breadcrumb\"},\"inLanguage\":\"pl-PL\",\"potentialAction\":[{\"@type\":\"ReadAction\",\"target\":[\"https:\/\/monaartaquarell.com\/pl\/sklep\/\"]}]},{\"@type\":\"BreadcrumbList\",\"@id\":\"https:\/\/monaartaquarell.com\/pl\/sklep\/#breadcrumb\",\"itemListElement\":[{\"@type\":\"ListItem\",\"position\":1,\"name\":\"Strona g\u0142\u00f3wna\",\"item\":\"https:\/\/monaartaquarell.com\/\"},{\"@type\":\"ListItem\",\"position\":2,\"name\":\"Sklep\"}]},{\"@type\":\"WebSite\",\"@id\":\"https:\/\/monaartaquarell.com\/#website\",\"url\":\"https:\/\/monaartaquarell.com\/\",\"name\":\"Monaartaquarell\",\"description\":\"Einzigartige Aquarellkunst von Monika Bargie\u0142 \u2013 inspiriert von Natur und Emotion.\",\"publisher\":{\"@id\":\"https:\/\/monaartaquarell.com\/#\/schema\/person\/c6dac180cb6eaf85a262e9055c5d5b63\"},\"potentialAction\":[{\"@type\":\"SearchAction\",\"target\":{\"@type\":\"EntryPoint\",\"urlTemplate\":\"https:\/\/monaartaquarell.com\/?s={search_term_string}\"},\"query-input\":{\"@type\":\"PropertyValueSpecification\",\"valueRequired\":true,\"valueName\":\"search_term_string\"}}],\"inLanguage\":\"pl-PL\"},{\"@type\":[\"Person\",\"Organization\"],\"@id\":\"https:\/\/monaartaquarell.com\/#\/schema\/person\/c6dac180cb6eaf85a262e9055c5d5b63\",\"name\":\"admin-Vp5qLTVF\",\"image\":{\"@type\":\"ImageObject\",\"inLanguage\":\"pl-PL\",\"@id\":\"https:\/\/monaartaquarell.com\/#\/schema\/person\/image\/\",\"url\":\"https:\/\/monaartaquarell.com\/wp-content\/uploads\/2025\/06\/logo_hase_monaartaquarell-2-e1751009755296.png\",\"contentUrl\":\"https:\/\/monaartaquarell.com\/wp-content\/uploads\/2025\/06\/logo_hase_monaartaquarell-2-e1751009755296.png\",\"width\":376,\"height\":331,\"caption\":\"admin-Vp5qLTVF\"},\"logo\":{\"@id\":\"https:\/\/monaartaquarell.com\/#\/schema\/person\/image\/\"},\"sameAs\":[\"https:\/\/monaartaquarell.com\"]}]}<\/script>\n<!-- \/ Yoast SEO plugin. -->","yoast_head_json":{"title":"Obrazy akwarelowe | Sklep z akwarelami Moniki Bargie\u0142","description":"Odkryj oryginalne akwarele Moniki Bargie\u0142 \u2013 obrazy inspirowane natur\u0105, emocjami i \u015bwiat\u0142em. Kup wyj\u0105tkow\u0105 sztuk\u0119 do swojego wn\u0119trza lub na prezent.","robots":{"index":"index","follow":"follow","max-snippet":"max-snippet:-1","max-image-preview":"max-image-preview:large","max-video-preview":"max-video-preview:-1"},"canonical":"https:\/\/monaartaquarell.com\/pl\/sklep\/","og_locale":"pl_PL","og_type":"article","og_title":"Obrazy akwarelowe | Sklep z akwarelami Moniki Bargie\u0142","og_description":"Odkryj oryginalne akwarele Moniki Bargie\u0142 \u2013 obrazy inspirowane natur\u0105, emocjami i \u015bwiat\u0142em. Kup wyj\u0105tkow\u0105 sztuk\u0119 do swojego wn\u0119trza lub na prezent.","og_url":"https:\/\/monaartaquarell.com\/pl\/sklep\/","og_site_name":"Monaartaquarell","article_modified_time":"2025-06-20T07:42:50+00:00","twitter_card":"summary_large_image","schema":{"@context":"https:\/\/schema.org","@graph":[{"@type":"WebPage","@id":"https:\/\/monaartaquarell.com\/pl\/sklep\/","url":"https:\/\/monaartaquarell.com\/pl\/sklep\/","name":"Obrazy akwarelowe | Sklep z akwarelami Moniki Bargie\u0142","isPartOf":{"@id":"https:\/\/monaartaquarell.com\/#website"},"datePublished":"2025-05-28T11:54:46+00:00","dateModified":"2025-06-20T07:42:50+00:00","description":"Odkryj oryginalne akwarele Moniki Bargie\u0142 \u2013 obrazy inspirowane natur\u0105, emocjami i \u015bwiat\u0142em. Kup wyj\u0105tkow\u0105 sztuk\u0119 do swojego wn\u0119trza lub na prezent.","breadcrumb":{"@id":"https:\/\/monaartaquarell.com\/pl\/sklep\/#breadcrumb"},"inLanguage":"pl-PL","potentialAction":[{"@type":"ReadAction","target":["https:\/\/monaartaquarell.com\/pl\/sklep\/"]}]},{"@type":"BreadcrumbList","@id":"https:\/\/monaartaquarell.com\/pl\/sklep\/#breadcrumb","itemListElement":[{"@type":"ListItem","position":1,"name":"Strona g\u0142\u00f3wna","item":"https:\/\/monaartaquarell.com\/"},{"@type":"ListItem","position":2,"name":"Sklep"}]},{"@type":"WebSite","@id":"https:\/\/monaartaquarell.com\/#website","url":"https:\/\/monaartaquarell.com\/","name":"Monaartaquarell","description":"Einzigartige Aquarellkunst von Monika Bargie\u0142 \u2013 inspiriert von Natur und Emotion.","publisher":{"@id":"https:\/\/monaartaquarell.com\/#\/schema\/person\/c6dac180cb6eaf85a262e9055c5d5b63"},"potentialAction":[{"@type":"SearchAction","target":{"@type":"EntryPoint","urlTemplate":"https:\/\/monaartaquarell.com\/?s={search_term_string}"},"query-input":{"@type":"PropertyValueSpecification","valueRequired":true,"valueName":"search_term_string"}}],"inLanguage":"pl-PL"},{"@type":["Person","Organization"],"@id":"https:\/\/monaartaquarell.com\/#\/schema\/person\/c6dac180cb6eaf85a262e9055c5d5b63","name":"admin-Vp5qLTVF","image":{"@type":"ImageObject","inLanguage":"pl-PL","@id":"https:\/\/monaartaquarell.com\/#\/schema\/person\/image\/","url":"https:\/\/monaartaquarell.com\/wp-content\/uploads\/2025\/06\/logo_hase_monaartaquarell-2-e1751009755296.png","contentUrl":"https:\/\/monaartaquarell.com\/wp-content\/uploads\/2025\/06\/logo_hase_monaartaquarell-2-e1751009755296.png","width":376,"height":331,"caption":"admin-Vp5qLTVF"},"logo":{"@id":"https:\/\/monaartaquarell.com\/#\/schema\/person\/image\/"},"sameAs":["https:\/\/monaartaquarell.com"]}]}},"_links":{"self":[{"href":"https:\/\/monaartaquarell.com\/pl\/wp-json\/wp\/v2\/pages\/785","targetHints":{"allow":["GET"]}}],"collection":[{"href":"https:\/\/monaartaquarell.com\/pl\/wp-json\/wp\/v2\/pages"}],"about":[{"href":"https:\/\/monaartaquarell.com\/pl\/wp-json\/wp\/v2\/types\/page"}],"author":[{"embeddable":true,"href":"https:\/\/monaartaquarell.com\/pl\/wp-json\/wp\/v2\/users\/1"}],"replies":[{"embeddable":true,"href":"https:\/\/monaartaquarell.com\/pl\/wp-json\/wp\/v2\/comments?post=785"}],"version-history":[{"count":1,"href":"https:\/\/monaartaquarell.com\/pl\/wp-json\/wp\/v2\/pages\/785\/revisions"}],"predecessor-version":[{"id":821,"href":"https:\/\/monaartaquarell.com\/pl\/wp-json\/wp\/v2\/pages\/785\/revisions\/821"}],"wp:attachment":[{"href":"https:\/\/monaartaquarell.com\/pl\/wp-json\/wp\/v2\/media?parent=785"}],"curies":[{"name":"wp","href":"https:\/\/api.w.org\/{rel}","templated":true}]}}