{"id":1266,"date":"2025-06-03T17:07:08","date_gmt":"2025-06-03T15:07:08","guid":{"rendered":"https:\/\/monaartaquarell.com\/nota-prawna\/"},"modified":"2025-07-01T22:19:19","modified_gmt":"2025-07-01T20:19:19","slug":"nota-prawna","status":"publish","type":"page","link":"https:\/\/monaartaquarell.com\/pl\/nota-prawna\/","title":{"rendered":"Nota prawna"},"content":{"rendered":"\t\t<div data-elementor-type=\"wp-page\" data-elementor-id=\"1266\" class=\"elementor elementor-1266 elementor-332\">\n\t\t\t\t<div class=\"elementor-element elementor-element-6d052474 e-con-full e-flex e-con e-parent\" data-id=\"6d052474\" data-element_type=\"container\">\n\t\t<div class=\"elementor-element elementor-element-453afc61 e-con-full e-flex e-con e-child\" data-id=\"453afc61\" data-element_type=\"container\">\n\t\t\t\t<div class=\"elementor-element elementor-element-5d10f65e elementor-widget elementor-widget-heading\" data-id=\"5d10f65e\" data-element_type=\"widget\" data-widget_type=\"heading.default\">\n\t\t\t\t<div class=\"elementor-widget-container\">\n\t\t\t\t\t<h1 class=\"elementor-heading-title elementor-size-default\">Nota prawna<\/h1>\t\t\t\t<\/div>\n\t\t\t\t<\/div>\n\t\t\t\t<div class=\"elementor-element elementor-element-3e52a42d elementor-widget elementor-widget-heading\" data-id=\"3e52a42d\" data-element_type=\"widget\" data-widget_type=\"heading.default\">\n\t\t\t\t<div class=\"elementor-widget-container\">\n\t\t\t\t\t<h2 class=\"elementor-heading-title elementor-size-default\">MONIKA BARGIE\u0141 <br>Leharstra\u00dfe 10 <br>74747 Ravenstein Deutschland <br>Telefon: +491725163639 <br>Mail: kontakt@monaartaquarell.com <br><br>\nMa\u0142y przedsi\u0119biorca (zwolniony z VAT) \u00a7 19 UStG <br><br>\nKomisja Europejska udost\u0119pnia platform\u0119 do internetowego rozstrzygania spor\u00f3w (ODR), kt\u00f3ra znajduje si\u0119 tutaj: https:\/\/ec.europa.eu\/consumers\/odr\/. <br><br>Wa\u017cna informacja: Platforma do internetowego rozstrzygania spor\u00f3w (ODR) zostanie ostatecznie zamkni\u0119ta z dniem 20.07.2025. Sk\u0142adanie skarg na platformie ODR zostanie zatem wstrzymane ju\u017c z dniem 20.03.2025. Jestem gotowa wzi\u0105\u0107 udzia\u0142 w pozas\u0105dowym post\u0119powaniu mediacyjnym przed organem ds. rozstrzygania spor\u00f3w konsumenckich. W\u0142a\u015bciwym organem jest Universalschlichtungsstelle des Bundes am Zentrum f\u00fcr Schlichtung e.V., Stra\u00dfburger Stra\u00dfe 8, 77694 Kehl am Rhein, Niemcy, https:\/\/www.universalschlichtungsstelle.de\/. <br><br>Moja firma jest zgodnie z przepisami prawnymi wy\u0142\u0105czona z zakresu stosowania wymaga\u0144 dotycz\u0105cych dost\u0119pno\u015bci cyfrowej, a tym samym z obowi\u0105zku sporz\u0105dzenia i udost\u0119pnienia o\u015bwiadczenia o dost\u0119pno\u015bci. <br><br>Dane zgodne z \u00a7 5 TMG<\/h2>\t\t\t\t<\/div>\n\t\t\t\t<\/div>\n\t\t\t\t<div class=\"elementor-element elementor-element-531005e5 elementor-widget-divider--view-line elementor-widget elementor-widget-divider\" data-id=\"531005e5\" data-element_type=\"widget\" data-widget_type=\"divider.default\">\n\t\t\t\t<div class=\"elementor-widget-container\">\n\t\t\t\t\t\t\t<div class=\"elementor-divider\">\n\t\t\t<span class=\"elementor-divider-separator\">\n\t\t\t\t\t\t<\/span>\n\t\t<\/div>\n\t\t\t\t\t\t<\/div>\n\t\t\t\t<\/div>\n\t\t\t\t<\/div>\n\t\t<div class=\"elementor-element elementor-element-614a4d66 e-con-full e-flex e-con e-child\" data-id=\"614a4d66\" data-element_type=\"container\" data-settings=\"{&quot;background_background&quot;:&quot;classic&quot;}\">\n\t\t\t\t<\/div>\n\t\t\t\t<\/div>\n\t\t<div class=\"elementor-element elementor-element-1650e4f e-flex e-con-boxed e-con e-parent\" data-id=\"1650e4f\" data-element_type=\"container\">\n\t\t\t\t\t<div class=\"e-con-inner\">\n\t\t\t\t\t<\/div>\n\t\t\t\t<\/div>\n\t\t\t\t<\/div>\n\t\t","protected":false},"excerpt":{"rendered":"<p>Nota prawna MONIKA BARGIE\u0141 Leharstra\u00dfe 10 74747 Ravenstein Deutschland Telefon: +491725163639 Mail: kontakt@monaartaquarell.com Ma\u0142y przedsi\u0119biorca (zwolniony z VAT) \u00a7 19 UStG Komisja Europejska udost\u0119pnia platform\u0119 do internetowego rozstrzygania spor\u00f3w (ODR), kt\u00f3ra znajduje si\u0119 tutaj: https:\/\/ec.europa.eu\/consumers\/odr\/. Wa\u017cna informacja: Platforma do internetowego rozstrzygania spor\u00f3w (ODR) zostanie ostatecznie zamkni\u0119ta z dniem 20.07.2025. Sk\u0142adanie skarg na platformie ODR zostanie [&hellip;]<\/p>\n","protected":false},"author":1,"featured_media":0,"parent":0,"menu_order":0,"comment_status":"closed","ping_status":"closed","template":"elementor_header_footer","meta":{"footnotes":""},"class_list":["post-1266","page","type-page","status-publish","hentry"],"yoast_head":"<!-- This site is optimized with the Yoast SEO plugin v26.5 - https:\/\/yoast.com\/wordpress\/plugins\/seo\/ -->\n<title>Nota prawna - Monaartaquarell<\/title>\n<meta name=\"robots\" content=\"index, follow, max-snippet:-1, max-image-preview:large, max-video-preview:-1\" \/>\n<link rel=\"canonical\" href=\"https:\/\/monaartaquarell.com\/pl\/nota-prawna\/\" \/>\n<meta property=\"og:locale\" content=\"pl_PL\" \/>\n<meta property=\"og:type\" content=\"article\" \/>\n<meta property=\"og:title\" content=\"Nota prawna - Monaartaquarell\" \/>\n<meta property=\"og:description\" content=\"Nota prawna MONIKA BARGIE\u0141 Leharstra\u00dfe 10 74747 Ravenstein Deutschland Telefon: +491725163639 Mail: kontakt@monaartaquarell.com Ma\u0142y przedsi\u0119biorca (zwolniony z VAT) \u00a7 19 UStG Komisja Europejska udost\u0119pnia platform\u0119 do internetowego rozstrzygania spor\u00f3w (ODR), kt\u00f3ra znajduje si\u0119 tutaj: https:\/\/ec.europa.eu\/consumers\/odr\/. Wa\u017cna informacja: Platforma do internetowego rozstrzygania spor\u00f3w (ODR) zostanie ostatecznie zamkni\u0119ta z dniem 20.07.2025. Sk\u0142adanie skarg na platformie ODR zostanie [&hellip;]\" \/>\n<meta property=\"og:url\" content=\"https:\/\/monaartaquarell.com\/pl\/nota-prawna\/\" \/>\n<meta property=\"og:site_name\" content=\"Monaartaquarell\" \/>\n<meta property=\"article:modified_time\" content=\"2025-07-01T20:19:19+00:00\" \/>\n<meta name=\"twitter:card\" content=\"summary_large_image\" \/>\n<meta name=\"twitter:label1\" content=\"Szacowany czas czytania\" \/>\n\t<meta name=\"twitter:data1\" content=\"1 minuta\" \/>\n<script type=\"application\/ld+json\" class=\"yoast-schema-graph\">{\"@context\":\"https:\/\/schema.org\",\"@graph\":[{\"@type\":\"WebPage\",\"@id\":\"https:\/\/monaartaquarell.com\/pl\/nota-prawna\/\",\"url\":\"https:\/\/monaartaquarell.com\/pl\/nota-prawna\/\",\"name\":\"Nota prawna - Monaartaquarell\",\"isPartOf\":{\"@id\":\"https:\/\/monaartaquarell.com\/#website\"},\"datePublished\":\"2025-06-03T15:07:08+00:00\",\"dateModified\":\"2025-07-01T20:19:19+00:00\",\"breadcrumb\":{\"@id\":\"https:\/\/monaartaquarell.com\/pl\/nota-prawna\/#breadcrumb\"},\"inLanguage\":\"pl-PL\",\"potentialAction\":[{\"@type\":\"ReadAction\",\"target\":[\"https:\/\/monaartaquarell.com\/pl\/nota-prawna\/\"]}]},{\"@type\":\"BreadcrumbList\",\"@id\":\"https:\/\/monaartaquarell.com\/pl\/nota-prawna\/#breadcrumb\",\"itemListElement\":[{\"@type\":\"ListItem\",\"position\":1,\"name\":\"Strona g\u0142\u00f3wna\",\"item\":\"https:\/\/monaartaquarell.com\/\"},{\"@type\":\"ListItem\",\"position\":2,\"name\":\"Nota prawna\"}]},{\"@type\":\"WebSite\",\"@id\":\"https:\/\/monaartaquarell.com\/#website\",\"url\":\"https:\/\/monaartaquarell.com\/\",\"name\":\"Monaartaquarell\",\"description\":\"Einzigartige Aquarellkunst von Monika Bargie\u0142 \u2013 inspiriert von Natur und Emotion.\",\"publisher\":{\"@id\":\"https:\/\/monaartaquarell.com\/#\/schema\/person\/c6dac180cb6eaf85a262e9055c5d5b63\"},\"potentialAction\":[{\"@type\":\"SearchAction\",\"target\":{\"@type\":\"EntryPoint\",\"urlTemplate\":\"https:\/\/monaartaquarell.com\/?s={search_term_string}\"},\"query-input\":{\"@type\":\"PropertyValueSpecification\",\"valueRequired\":true,\"valueName\":\"search_term_string\"}}],\"inLanguage\":\"pl-PL\"},{\"@type\":[\"Person\",\"Organization\"],\"@id\":\"https:\/\/monaartaquarell.com\/#\/schema\/person\/c6dac180cb6eaf85a262e9055c5d5b63\",\"name\":\"admin-Vp5qLTVF\",\"image\":{\"@type\":\"ImageObject\",\"inLanguage\":\"pl-PL\",\"@id\":\"https:\/\/monaartaquarell.com\/#\/schema\/person\/image\/\",\"url\":\"https:\/\/monaartaquarell.com\/wp-content\/uploads\/2025\/06\/logo_hase_monaartaquarell-2-e1751009755296.png\",\"contentUrl\":\"https:\/\/monaartaquarell.com\/wp-content\/uploads\/2025\/06\/logo_hase_monaartaquarell-2-e1751009755296.png\",\"width\":376,\"height\":331,\"caption\":\"admin-Vp5qLTVF\"},\"logo\":{\"@id\":\"https:\/\/monaartaquarell.com\/#\/schema\/person\/image\/\"},\"sameAs\":[\"https:\/\/monaartaquarell.com\"]}]}<\/script>\n<!-- \/ Yoast SEO plugin. -->","yoast_head_json":{"title":"Nota prawna - Monaartaquarell","robots":{"index":"index","follow":"follow","max-snippet":"max-snippet:-1","max-image-preview":"max-image-preview:large","max-video-preview":"max-video-preview:-1"},"canonical":"https:\/\/monaartaquarell.com\/pl\/nota-prawna\/","og_locale":"pl_PL","og_type":"article","og_title":"Nota prawna - Monaartaquarell","og_description":"Nota prawna MONIKA BARGIE\u0141 Leharstra\u00dfe 10 74747 Ravenstein Deutschland Telefon: +491725163639 Mail: kontakt@monaartaquarell.com Ma\u0142y przedsi\u0119biorca (zwolniony z VAT) \u00a7 19 UStG Komisja Europejska udost\u0119pnia platform\u0119 do internetowego rozstrzygania spor\u00f3w (ODR), kt\u00f3ra znajduje si\u0119 tutaj: https:\/\/ec.europa.eu\/consumers\/odr\/. Wa\u017cna informacja: Platforma do internetowego rozstrzygania spor\u00f3w (ODR) zostanie ostatecznie zamkni\u0119ta z dniem 20.07.2025. Sk\u0142adanie skarg na platformie ODR zostanie [&hellip;]","og_url":"https:\/\/monaartaquarell.com\/pl\/nota-prawna\/","og_site_name":"Monaartaquarell","article_modified_time":"2025-07-01T20:19:19+00:00","twitter_card":"summary_large_image","twitter_misc":{"Szacowany czas czytania":"1 minuta"},"schema":{"@context":"https:\/\/schema.org","@graph":[{"@type":"WebPage","@id":"https:\/\/monaartaquarell.com\/pl\/nota-prawna\/","url":"https:\/\/monaartaquarell.com\/pl\/nota-prawna\/","name":"Nota prawna - Monaartaquarell","isPartOf":{"@id":"https:\/\/monaartaquarell.com\/#website"},"datePublished":"2025-06-03T15:07:08+00:00","dateModified":"2025-07-01T20:19:19+00:00","breadcrumb":{"@id":"https:\/\/monaartaquarell.com\/pl\/nota-prawna\/#breadcrumb"},"inLanguage":"pl-PL","potentialAction":[{"@type":"ReadAction","target":["https:\/\/monaartaquarell.com\/pl\/nota-prawna\/"]}]},{"@type":"BreadcrumbList","@id":"https:\/\/monaartaquarell.com\/pl\/nota-prawna\/#breadcrumb","itemListElement":[{"@type":"ListItem","position":1,"name":"Strona g\u0142\u00f3wna","item":"https:\/\/monaartaquarell.com\/"},{"@type":"ListItem","position":2,"name":"Nota prawna"}]},{"@type":"WebSite","@id":"https:\/\/monaartaquarell.com\/#website","url":"https:\/\/monaartaquarell.com\/","name":"Monaartaquarell","description":"Einzigartige Aquarellkunst von Monika Bargie\u0142 \u2013 inspiriert von Natur und Emotion.","publisher":{"@id":"https:\/\/monaartaquarell.com\/#\/schema\/person\/c6dac180cb6eaf85a262e9055c5d5b63"},"potentialAction":[{"@type":"SearchAction","target":{"@type":"EntryPoint","urlTemplate":"https:\/\/monaartaquarell.com\/?s={search_term_string}"},"query-input":{"@type":"PropertyValueSpecification","valueRequired":true,"valueName":"search_term_string"}}],"inLanguage":"pl-PL"},{"@type":["Person","Organization"],"@id":"https:\/\/monaartaquarell.com\/#\/schema\/person\/c6dac180cb6eaf85a262e9055c5d5b63","name":"admin-Vp5qLTVF","image":{"@type":"ImageObject","inLanguage":"pl-PL","@id":"https:\/\/monaartaquarell.com\/#\/schema\/person\/image\/","url":"https:\/\/monaartaquarell.com\/wp-content\/uploads\/2025\/06\/logo_hase_monaartaquarell-2-e1751009755296.png","contentUrl":"https:\/\/monaartaquarell.com\/wp-content\/uploads\/2025\/06\/logo_hase_monaartaquarell-2-e1751009755296.png","width":376,"height":331,"caption":"admin-Vp5qLTVF"},"logo":{"@id":"https:\/\/monaartaquarell.com\/#\/schema\/person\/image\/"},"sameAs":["https:\/\/monaartaquarell.com"]}]}},"_links":{"self":[{"href":"https:\/\/monaartaquarell.com\/pl\/wp-json\/wp\/v2\/pages\/1266","targetHints":{"allow":["GET"]}}],"collection":[{"href":"https:\/\/monaartaquarell.com\/pl\/wp-json\/wp\/v2\/pages"}],"about":[{"href":"https:\/\/monaartaquarell.com\/pl\/wp-json\/wp\/v2\/types\/page"}],"author":[{"embeddable":true,"href":"https:\/\/monaartaquarell.com\/pl\/wp-json\/wp\/v2\/users\/1"}],"replies":[{"embeddable":true,"href":"https:\/\/monaartaquarell.com\/pl\/wp-json\/wp\/v2\/comments?post=1266"}],"version-history":[{"count":3,"href":"https:\/\/monaartaquarell.com\/pl\/wp-json\/wp\/v2\/pages\/1266\/revisions"}],"predecessor-version":[{"id":1272,"href":"https:\/\/monaartaquarell.com\/pl\/wp-json\/wp\/v2\/pages\/1266\/revisions\/1272"}],"wp:attachment":[{"href":"https:\/\/monaartaquarell.com\/pl\/wp-json\/wp\/v2\/media?parent=1266"}],"curies":[{"name":"wp","href":"https:\/\/api.w.org\/{rel}","templated":true}]}}