{"id":1230,"date":"2025-06-05T13:38:04","date_gmt":"2025-06-05T11:38:04","guid":{"rendered":"https:\/\/monaartaquarell.com\/regulamin\/"},"modified":"2025-07-02T20:41:00","modified_gmt":"2025-07-02T18:41:00","slug":"regulamin","status":"publish","type":"page","link":"https:\/\/monaartaquarell.com\/pl\/regulamin\/","title":{"rendered":"Regulamin"},"content":{"rendered":"\n<p class=\"has-medium-font-size\"><br\/><br\/><br\/>Regulamin<br\/><br\/> Spis tre\u015bci<br\/>1. Zakres obowi\u0105zywania<br\/>2. Strony umowy, zawarcie umowy, mo\u017cliwo\u015bci korekty<br\/>3. J\u0119zyk umowy, przechowywanie tekstu umowy<br\/>4. Warunki dostawy<br\/>5. P\u0142atno\u015b\u0107<br\/>6. R\u0119kojmia i gwarancje<br\/>7. Rozstrzyganie spor\u00f3w<br\/> <br\/>1. Zakres obowi\u0105zywania<br\/>Dla wszystkich zam\u00f3wie\u0144 sk\u0142adanych za po\u015brednictwem mojego sklepu internetowego obowi\u0105zuje niniejszy Regulamin. M\u00f3j sklep internetowy skierowany jest wy\u0142\u0105cznie do konsument\u00f3w. Konsumentem jest ka\u017cda osoba fizyczna, kt\u00f3ra dokonuje czynno\u015bci prawnej w celach, kt\u00f3re w przewa\u017caj\u0105cej mierze nie s\u0105 zwi\u0105zane z jej dzia\u0142alno\u015bci\u0105 gospodarcz\u0105 ani z wykonywaniem samodzielnej dzia\u0142alno\u015bci zawodowej. Przedsi\u0119biorc\u0105 jest osoba fizyczna lub prawna albo sp\u00f3\u0142ka osobowa posiadaj\u0105ca zdolno\u015b\u0107 prawn\u0105, kt\u00f3ra dokonuje czynno\u015bci prawnej w ramach wykonywania swojej dzia\u0142alno\u015bci gospodarczej lub samodzielnej dzia\u0142alno\u015bci zawodowej.   <br\/><br\/>2. Strony umowy, zawarcie umowy, mo\u017cliwo\u015bci korekty<br\/>Umowa sprzeda\u017cy zostaje zawarta z Monik\u0105 Bargie\u0142.<br\/>Z chwil\u0105 umieszczenia produkt\u00f3w w sklepie internetowym sk\u0142adam wi\u0105\u017c\u0105c\u0105 ofert\u0119 zawarcia umowy sprzeda\u017cy tych produkt\u00f3w. Mog\u0105 Pa\u0144stwo najpierw w\u0142o\u017cy\u0107 moje produkty do koszyka bez zobowi\u0105za\u0144 i w ka\u017cdej chwili skorygowa\u0107 swoje dane przed z\u0142o\u017ceniem wi\u0105\u017c\u0105cego zam\u00f3wienia, korzystaj\u0105c z przewidzianych w procesie zam\u00f3wienia i wyja\u015bnionych funkcji korekty. Umowa zostaje zawarta poprzez klikni\u0119cie przycisku zam\u00f3wienia, kt\u00f3rym przyjmuj\u0105 Pa\u0144stwo ofert\u0119 na produkty znajduj\u0105ce si\u0119 w koszyku. Bezpo\u015brednio po z\u0142o\u017ceniu zam\u00f3wienia otrzymaj\u0105 Pa\u0144stwo potwierdzenie drog\u0105 mailow\u0105.    <br\/><br\/>3. J\u0119zyk umowy, przechowywanie tekstu umowy<br\/>J\u0119zyki dost\u0119pne do zawarcia umowy: niemiecki, polski, angielski.<br\/>Tekst umowy nie jest przeze mnie przechowywany.<br\/><br\/>4. Warunki dostawy<br\/>4.1 Koszty wysy\u0142ki<br\/>Do podanych cen doliczane s\u0105 koszty wysy\u0142ki standardowej w wysoko\u015bci 10,49 EUR.<br\/>4.2 Opcje dostawy<br\/>Wysy\u0142am produkty na adres dostawy podany w procesie zam\u00f3wienia. Czas dostawy wynosi ok. 3-5 dni roboczych.<br\/>Maj\u0105 Pa\u0144stwo r\u00f3wnie\u017c mo\u017cliwo\u015b\u0107 osobistego odbioru u Moniki Bargie\u0142, Leharstra\u00dfe 10, 74747 Ravenstein, Niemcy w poni\u017cszych godzinach: 9-12. <br\/><\/p>\n\n<p class=\"has-medium-font-size\">5. P\u0142atno\u015b\u0107<br\/>5.1 Ceny<br\/>Obowi\u0105zuj\u0105 ceny podane w momencie sk\u0142adania zam\u00f3wienia. S\u0105 to ceny ko\u0144cowe. Nie pobieram podatku VAT.<br\/>5.2 Sposoby p\u0142atno\u015bci<br\/>W moim sklepie dost\u0119pne s\u0105 co do zasady nast\u0119puj\u0105ce sposoby p\u0142atno\u015bci:<br\/>Przedp\u0142ata \u2013 W przypadku wyboru p\u0142atno\u015bci przelewem bankowym, podaj\u0119 dane do przelewu w osobnym e-mailu i wysy\u0142am towar po zaksi\u0119gowaniu p\u0142atno\u015bci.<br\/>Karta kredytowa \u2013 W trakcie procesu zam\u00f3wienia wprowadzasz dane swojej karty kredytowej. Karta zostaje obci\u0105\u017cona bezpo\u015brednio po z\u0142o\u017ceniu zam\u00f3wienia.<br\/><br\/>6. R\u0119kojmia i gwarancje<br\/>6.1 Prawo do r\u0119kojmi za wady<br\/>Obowi\u0105zuje ustawowe prawo do r\u0119kojmi za wady.<br\/>6.2 Gwarancje i obs\u0142uga klienta<br\/>Informacje o ewentualnych dodatkowych gwarancjach oraz ich szczeg\u00f3\u0142owych warunkach znajduj\u0105 si\u0119 przy danym produkcie oraz na specjalnych stronach informacyjnych w sklepie internetowym.   <br\/><br\/>7. Rozstrzyganie spor\u00f3w<br\/>Komisja Europejska udost\u0119pnia platform\u0119 do internetowego rozstrzygania spor\u00f3w (ODR), kt\u00f3r\u0105 mo\u017cna znale\u017a\u0107 tutaj. Wa\u017cna informacja: Platforma do internetowego rozstrzygania spor\u00f3w (ODR) zostanie ostatecznie zamkni\u0119ta z dniem 20.07.2025. Sk\u0142adanie skarg na platformie ODR zostanie zatem wstrzymane ju\u017c z dniem 20.03.2025. Jestem gotowa wzi\u0105\u0107 udzia\u0142 w pozas\u0105dowym post\u0119powaniu mediacyjnym przed organem ds. rozstrzygania spor\u00f3w konsumenckich. <br\/>W\u0142a\u015bciwym organem jest Universalschlichtungsstelle des Bundes am Zentrum f\u00fcr Schlichtung e.V., Stra\u00dfburger Stra\u00dfe 8, 77694 Kehl am Rhein, Niemcy, https:\/\/www.universalschlichtungsstelle.de\/.<br\/><br\/><br\/><\/p>\n","protected":false},"excerpt":{"rendered":"<p>Regulamin Spis tre\u015bci1. Zakres obowi\u0105zywania2. Strony umowy, zawarcie umowy, mo\u017cliwo\u015bci korekty3. J\u0119zyk umowy, przechowywanie tekstu umowy4. Warunki dostawy5. P\u0142atno\u015b\u01076. R\u0119kojmia i gwarancje7. Rozstrzyganie spor\u00f3w 1. Zakres obowi\u0105zywaniaDla wszystkich zam\u00f3wie\u0144 sk\u0142adanych za po\u015brednictwem mojego sklepu internetowego obowi\u0105zuje niniejszy Regulamin. M\u00f3j sklep internetowy skierowany jest wy\u0142\u0105cznie do konsument\u00f3w. Konsumentem jest ka\u017cda osoba fizyczna, kt\u00f3ra dokonuje czynno\u015bci prawnej [&hellip;]<\/p>\n","protected":false},"author":1,"featured_media":0,"parent":0,"menu_order":0,"comment_status":"closed","ping_status":"closed","template":"","meta":{"footnotes":""},"class_list":["post-1230","page","type-page","status-publish","hentry"],"yoast_head":"<!-- This site is optimized with the Yoast SEO plugin v26.5 - https:\/\/yoast.com\/wordpress\/plugins\/seo\/ -->\n<title>Regulamin - Monaartaquarell<\/title>\n<meta name=\"robots\" content=\"index, follow, max-snippet:-1, max-image-preview:large, max-video-preview:-1\" \/>\n<link rel=\"canonical\" href=\"https:\/\/monaartaquarell.com\/pl\/regulamin\/\" \/>\n<meta property=\"og:locale\" content=\"pl_PL\" \/>\n<meta property=\"og:type\" content=\"article\" \/>\n<meta property=\"og:title\" content=\"Regulamin - Monaartaquarell\" \/>\n<meta property=\"og:description\" content=\"Regulamin Spis tre\u015bci1. Zakres obowi\u0105zywania2. Strony umowy, zawarcie umowy, mo\u017cliwo\u015bci korekty3. J\u0119zyk umowy, przechowywanie tekstu umowy4. Warunki dostawy5. P\u0142atno\u015b\u01076. R\u0119kojmia i gwarancje7. Rozstrzyganie spor\u00f3w 1. Zakres obowi\u0105zywaniaDla wszystkich zam\u00f3wie\u0144 sk\u0142adanych za po\u015brednictwem mojego sklepu internetowego obowi\u0105zuje niniejszy Regulamin. M\u00f3j sklep internetowy skierowany jest wy\u0142\u0105cznie do konsument\u00f3w. Konsumentem jest ka\u017cda osoba fizyczna, kt\u00f3ra dokonuje czynno\u015bci prawnej [&hellip;]\" \/>\n<meta property=\"og:url\" content=\"https:\/\/monaartaquarell.com\/pl\/regulamin\/\" \/>\n<meta property=\"og:site_name\" content=\"Monaartaquarell\" \/>\n<meta property=\"article:modified_time\" content=\"2025-07-02T18:41:00+00:00\" \/>\n<meta name=\"twitter:card\" content=\"summary_large_image\" \/>\n<meta name=\"twitter:label1\" content=\"Szacowany czas czytania\" \/>\n\t<meta name=\"twitter:data1\" content=\"3 minuty\" \/>\n<script type=\"application\/ld+json\" class=\"yoast-schema-graph\">{\"@context\":\"https:\/\/schema.org\",\"@graph\":[{\"@type\":\"WebPage\",\"@id\":\"https:\/\/monaartaquarell.com\/pl\/regulamin\/\",\"url\":\"https:\/\/monaartaquarell.com\/pl\/regulamin\/\",\"name\":\"Regulamin - Monaartaquarell\",\"isPartOf\":{\"@id\":\"https:\/\/monaartaquarell.com\/#website\"},\"datePublished\":\"2025-06-05T11:38:04+00:00\",\"dateModified\":\"2025-07-02T18:41:00+00:00\",\"breadcrumb\":{\"@id\":\"https:\/\/monaartaquarell.com\/pl\/regulamin\/#breadcrumb\"},\"inLanguage\":\"pl-PL\",\"potentialAction\":[{\"@type\":\"ReadAction\",\"target\":[\"https:\/\/monaartaquarell.com\/pl\/regulamin\/\"]}]},{\"@type\":\"BreadcrumbList\",\"@id\":\"https:\/\/monaartaquarell.com\/pl\/regulamin\/#breadcrumb\",\"itemListElement\":[{\"@type\":\"ListItem\",\"position\":1,\"name\":\"Strona g\u0142\u00f3wna\",\"item\":\"https:\/\/monaartaquarell.com\/\"},{\"@type\":\"ListItem\",\"position\":2,\"name\":\"Regulamin\"}]},{\"@type\":\"WebSite\",\"@id\":\"https:\/\/monaartaquarell.com\/#website\",\"url\":\"https:\/\/monaartaquarell.com\/\",\"name\":\"Monaartaquarell\",\"description\":\"Einzigartige Aquarellkunst von Monika Bargie\u0142 \u2013 inspiriert von Natur und Emotion.\",\"publisher\":{\"@id\":\"https:\/\/monaartaquarell.com\/#\/schema\/person\/c6dac180cb6eaf85a262e9055c5d5b63\"},\"potentialAction\":[{\"@type\":\"SearchAction\",\"target\":{\"@type\":\"EntryPoint\",\"urlTemplate\":\"https:\/\/monaartaquarell.com\/?s={search_term_string}\"},\"query-input\":{\"@type\":\"PropertyValueSpecification\",\"valueRequired\":true,\"valueName\":\"search_term_string\"}}],\"inLanguage\":\"pl-PL\"},{\"@type\":[\"Person\",\"Organization\"],\"@id\":\"https:\/\/monaartaquarell.com\/#\/schema\/person\/c6dac180cb6eaf85a262e9055c5d5b63\",\"name\":\"admin-Vp5qLTVF\",\"image\":{\"@type\":\"ImageObject\",\"inLanguage\":\"pl-PL\",\"@id\":\"https:\/\/monaartaquarell.com\/#\/schema\/person\/image\/\",\"url\":\"https:\/\/monaartaquarell.com\/wp-content\/uploads\/2025\/06\/logo_hase_monaartaquarell-2-e1751009755296.png\",\"contentUrl\":\"https:\/\/monaartaquarell.com\/wp-content\/uploads\/2025\/06\/logo_hase_monaartaquarell-2-e1751009755296.png\",\"width\":376,\"height\":331,\"caption\":\"admin-Vp5qLTVF\"},\"logo\":{\"@id\":\"https:\/\/monaartaquarell.com\/#\/schema\/person\/image\/\"},\"sameAs\":[\"https:\/\/monaartaquarell.com\"]}]}<\/script>\n<!-- \/ Yoast SEO plugin. -->","yoast_head_json":{"title":"Regulamin - Monaartaquarell","robots":{"index":"index","follow":"follow","max-snippet":"max-snippet:-1","max-image-preview":"max-image-preview:large","max-video-preview":"max-video-preview:-1"},"canonical":"https:\/\/monaartaquarell.com\/pl\/regulamin\/","og_locale":"pl_PL","og_type":"article","og_title":"Regulamin - Monaartaquarell","og_description":"Regulamin Spis tre\u015bci1. Zakres obowi\u0105zywania2. Strony umowy, zawarcie umowy, mo\u017cliwo\u015bci korekty3. J\u0119zyk umowy, przechowywanie tekstu umowy4. Warunki dostawy5. P\u0142atno\u015b\u01076. R\u0119kojmia i gwarancje7. Rozstrzyganie spor\u00f3w 1. Zakres obowi\u0105zywaniaDla wszystkich zam\u00f3wie\u0144 sk\u0142adanych za po\u015brednictwem mojego sklepu internetowego obowi\u0105zuje niniejszy Regulamin. M\u00f3j sklep internetowy skierowany jest wy\u0142\u0105cznie do konsument\u00f3w. Konsumentem jest ka\u017cda osoba fizyczna, kt\u00f3ra dokonuje czynno\u015bci prawnej [&hellip;]","og_url":"https:\/\/monaartaquarell.com\/pl\/regulamin\/","og_site_name":"Monaartaquarell","article_modified_time":"2025-07-02T18:41:00+00:00","twitter_card":"summary_large_image","twitter_misc":{"Szacowany czas czytania":"3 minuty"},"schema":{"@context":"https:\/\/schema.org","@graph":[{"@type":"WebPage","@id":"https:\/\/monaartaquarell.com\/pl\/regulamin\/","url":"https:\/\/monaartaquarell.com\/pl\/regulamin\/","name":"Regulamin - Monaartaquarell","isPartOf":{"@id":"https:\/\/monaartaquarell.com\/#website"},"datePublished":"2025-06-05T11:38:04+00:00","dateModified":"2025-07-02T18:41:00+00:00","breadcrumb":{"@id":"https:\/\/monaartaquarell.com\/pl\/regulamin\/#breadcrumb"},"inLanguage":"pl-PL","potentialAction":[{"@type":"ReadAction","target":["https:\/\/monaartaquarell.com\/pl\/regulamin\/"]}]},{"@type":"BreadcrumbList","@id":"https:\/\/monaartaquarell.com\/pl\/regulamin\/#breadcrumb","itemListElement":[{"@type":"ListItem","position":1,"name":"Strona g\u0142\u00f3wna","item":"https:\/\/monaartaquarell.com\/"},{"@type":"ListItem","position":2,"name":"Regulamin"}]},{"@type":"WebSite","@id":"https:\/\/monaartaquarell.com\/#website","url":"https:\/\/monaartaquarell.com\/","name":"Monaartaquarell","description":"Einzigartige Aquarellkunst von Monika Bargie\u0142 \u2013 inspiriert von Natur und Emotion.","publisher":{"@id":"https:\/\/monaartaquarell.com\/#\/schema\/person\/c6dac180cb6eaf85a262e9055c5d5b63"},"potentialAction":[{"@type":"SearchAction","target":{"@type":"EntryPoint","urlTemplate":"https:\/\/monaartaquarell.com\/?s={search_term_string}"},"query-input":{"@type":"PropertyValueSpecification","valueRequired":true,"valueName":"search_term_string"}}],"inLanguage":"pl-PL"},{"@type":["Person","Organization"],"@id":"https:\/\/monaartaquarell.com\/#\/schema\/person\/c6dac180cb6eaf85a262e9055c5d5b63","name":"admin-Vp5qLTVF","image":{"@type":"ImageObject","inLanguage":"pl-PL","@id":"https:\/\/monaartaquarell.com\/#\/schema\/person\/image\/","url":"https:\/\/monaartaquarell.com\/wp-content\/uploads\/2025\/06\/logo_hase_monaartaquarell-2-e1751009755296.png","contentUrl":"https:\/\/monaartaquarell.com\/wp-content\/uploads\/2025\/06\/logo_hase_monaartaquarell-2-e1751009755296.png","width":376,"height":331,"caption":"admin-Vp5qLTVF"},"logo":{"@id":"https:\/\/monaartaquarell.com\/#\/schema\/person\/image\/"},"sameAs":["https:\/\/monaartaquarell.com"]}]}},"_links":{"self":[{"href":"https:\/\/monaartaquarell.com\/pl\/wp-json\/wp\/v2\/pages\/1230","targetHints":{"allow":["GET"]}}],"collection":[{"href":"https:\/\/monaartaquarell.com\/pl\/wp-json\/wp\/v2\/pages"}],"about":[{"href":"https:\/\/monaartaquarell.com\/pl\/wp-json\/wp\/v2\/types\/page"}],"author":[{"embeddable":true,"href":"https:\/\/monaartaquarell.com\/pl\/wp-json\/wp\/v2\/users\/1"}],"replies":[{"embeddable":true,"href":"https:\/\/monaartaquarell.com\/pl\/wp-json\/wp\/v2\/comments?post=1230"}],"version-history":[{"count":7,"href":"https:\/\/monaartaquarell.com\/pl\/wp-json\/wp\/v2\/pages\/1230\/revisions"}],"predecessor-version":[{"id":1275,"href":"https:\/\/monaartaquarell.com\/pl\/wp-json\/wp\/v2\/pages\/1230\/revisions\/1275"}],"wp:attachment":[{"href":"https:\/\/monaartaquarell.com\/pl\/wp-json\/wp\/v2\/media?parent=1230"}],"curies":[{"name":"wp","href":"https:\/\/api.w.org\/{rel}","templated":true}]}}