{"id":1216,"date":"2025-06-09T10:32:09","date_gmt":"2025-06-09T08:32:09","guid":{"rendered":"https:\/\/monaartaquarell.com\/odstapienie-od-umowy\/"},"modified":"2025-07-01T11:31:33","modified_gmt":"2025-07-01T09:31:33","slug":"odstapienie-od-umowy","status":"publish","type":"page","link":"https:\/\/monaartaquarell.com\/pl\/odstapienie-od-umowy\/","title":{"rendered":"Odst\u0105pienie od umowy"},"content":{"rendered":"\n<p class=\"has-medium-font-size\">Konsumentom przys\u0142uguje 14-dniowy termin na odst\u0105pienie od umowy.<br\/><br\/>Odst\u0105pienie od umowy<br\/><br\/>Klient b\u0119d\u0105cy konsumentem a tak\u017ce przedsi\u0119biorca na prawach konsumenta ma prawo do odst\u0105pienia od umowy bez podania przyczyny w terminie czternastu dni.<br\/>Termin do odst\u0105pienia od umowy wygasa po up\u0142ywie 14 dni od dnia, w kt\u00f3rym<br\/>weszli Pa\u0144stwo w posiadanie towaru lub w kt\u00f3rym osoba trzecia inna ni\u017c przewo\u017anik<br\/>i wskazana przez Pa\u0144stwa wesz\u0142a w posiadanie towaru.<br\/>Aby skorzysta\u0107 z prawa odst\u0105pienia od umowy nale\u017cy poinformowa\u0107 Sprzedawc\u0119 \u2013 <em>Monika Bargie\u0142, Leharstra\u00dfe 10 , 74747 Ravenstein, Deutschland, kontakt@monaartaquarell.com , Telefon: +491725163639 <\/em>o swojej decyzji o odst\u0105pieniu od niniejszej umowy w drodze jednoznacznego o\u015bwiadczenia (np. drog\u0105 elektroniczn\u0105).<br\/>Mo\u017cna skorzysta\u0107 z wzoru formularza odst\u0105pienia od umowy jednak nie jest to obowi\u0105zkowe.<br\/>Aby zachowa\u0107 termin do odst\u0105pienia od umowy, wystarczy, wys\u0142a\u0107 informacj\u0119 dotycz\u0105c\u0105 wykonania przys\u0142uguj\u0105cego prawa odst\u0105pienia od umowy przed up\u0142ywem terminu do odst\u0105pienia.<br\/>Skutki odst\u0105pienia od umowy<br\/>W przypadku odst\u0105pienia od niniejszej umowy zwracam Pa\u0144stwu wszystkie otrzymane od Pa\u0144stwa p\u0142atno\u015bci, w tym koszty dostarczenia towaru (z wyj\u0105tkiem dodatkowych koszt\u00f3w wynikaj\u0105cych z wybranego przez Pa\u0144stwa sposobu dostarczenia innego ni\u017c najta\u0144szy zwyk\u0142y spos\u00f3b dostarczenia oferowany przez nas), niezw\u0142ocznie, a w ka\u017cdym przypadku nie p\u00f3\u017aniej ni\u017c 14 dni od dnia, w kt\u00f3rym zostali\u015bmy poinformowani o Pa\u0144stwa decyzji o wykonaniu prawa odst\u0105pienia od niniejszej umowy. Zwrotu p\u0142atno\u015bci dokonam przy u\u017cyciu takich samych sposob\u00f3w p\u0142atno\u015bci, jakie zosta\u0142y przez Pa\u0144stwa u\u017cyte w pierwotnej transakcji, chyba \u017ce wyra\u017anie zgodzili\u015bcie si\u0119 Pa\u0144stwo na inne rozwi\u0105zanie; w ka\u017cdym przypadku nie ponios\u0105 Pa\u0144stwo \u017cadnych op\u0142at w zwi\u0105zku z tym zwrotem.     <br\/><br\/>Prawo odst\u0105pienia od umowy zawartej <strong>nie <\/strong>przys\u0142uguje konsumentowi w odniesieniu do<br\/>um\u00f3w:<br\/>&#8211; w kt\u00f3rej przedmiotem \u015bwiadczenia jest towar nieprefabrykowany,<br\/>wyprodukowany wed\u0142ug specyfikacji konsumenta lub s\u0142u\u017c\u0105cy zaspokojeniu jego<br\/>zindywidualizowanych potrzeb<br\/><br\/>WZ\u00d3R FORMULARZA ODST\u0104PIENIA OD UMOWY<br\/>(formularz ten nale\u017cy wype\u0142ni\u0107 i odes\u0142a\u0107 tylko w przypadku ch\u0119ci odst\u0105pienia od umowy)<br\/><br\/>\u2013 Monika Bargie\u0142, Leharstra\u00dfe 10 , 74747 Ravenstein, Deutschland, kontakt@monaartaquarell.com \u2013 <br\/><br\/>\u2013 Ja\/My() niniejszym informuj\u0119\/informujemy() o<em> moim\/naszym <\/em>odst\u0105pieniu od umowy sprzeda\u017cy nast\u0119puj\u0105cych towar\u00f3w() umowy dostawy nast\u0119puj\u0105cych towar\u00f3w() umowy o dzie\u0142o polegaj\u0105cej na wykonaniu nast\u0119puj\u0105cych towar\u00f3w()\/<em>o \u015bwiadczenie nast\u0119puj\u0105cej us\u0142ugi(<\/em>)<br\/>\u2013 <em>Data <\/em>zawarcia umowy()\/odbioru()<br\/>\u2013 Imi\u0119 i nazwisko konsumenta(-\u00f3w)<br\/>\u2013 Adres konsumenta(-\u00f3w)<br\/>\u2013 Podpis konsumenta(-\u00f3w) (tylko je\u017celi formularz jest przesy\u0142any w wersji papierowej)<br\/>\u2013 Data<br\/>(*) Niepotrzebne skre\u015bli\u0107.<\/p>\n","protected":false},"excerpt":{"rendered":"<p>Konsumentom przys\u0142uguje 14-dniowy termin na odst\u0105pienie od umowy. Odst\u0105pienie od umowy Klient b\u0119d\u0105cy konsumentem a tak\u017ce przedsi\u0119biorca na prawach konsumenta ma prawo do odst\u0105pienia od umowy bez podania przyczyny w terminie czternastu dni.Termin do odst\u0105pienia od umowy wygasa po up\u0142ywie 14 dni od dnia, w kt\u00f3rymweszli Pa\u0144stwo w posiadanie towaru lub w kt\u00f3rym osoba trzecia [&hellip;]<\/p>\n","protected":false},"author":1,"featured_media":0,"parent":0,"menu_order":0,"comment_status":"closed","ping_status":"closed","template":"","meta":{"footnotes":""},"class_list":["post-1216","page","type-page","status-publish","hentry"],"yoast_head":"<!-- This site is optimized with the Yoast SEO plugin v26.5 - https:\/\/yoast.com\/wordpress\/plugins\/seo\/ -->\n<title>Odst\u0105pienie od umowy - Monaartaquarell<\/title>\n<meta name=\"robots\" content=\"index, follow, max-snippet:-1, max-image-preview:large, max-video-preview:-1\" \/>\n<link rel=\"canonical\" href=\"https:\/\/monaartaquarell.com\/pl\/odstapienie-od-umowy\/\" \/>\n<meta property=\"og:locale\" content=\"pl_PL\" \/>\n<meta property=\"og:type\" content=\"article\" \/>\n<meta property=\"og:title\" content=\"Odst\u0105pienie od umowy - Monaartaquarell\" \/>\n<meta property=\"og:description\" content=\"Konsumentom przys\u0142uguje 14-dniowy termin na odst\u0105pienie od umowy. Odst\u0105pienie od umowy Klient b\u0119d\u0105cy konsumentem a tak\u017ce przedsi\u0119biorca na prawach konsumenta ma prawo do odst\u0105pienia od umowy bez podania przyczyny w terminie czternastu dni.Termin do odst\u0105pienia od umowy wygasa po up\u0142ywie 14 dni od dnia, w kt\u00f3rymweszli Pa\u0144stwo w posiadanie towaru lub w kt\u00f3rym osoba trzecia [&hellip;]\" \/>\n<meta property=\"og:url\" content=\"https:\/\/monaartaquarell.com\/pl\/odstapienie-od-umowy\/\" \/>\n<meta property=\"og:site_name\" content=\"Monaartaquarell\" \/>\n<meta property=\"article:modified_time\" content=\"2025-07-01T09:31:33+00:00\" \/>\n<meta name=\"twitter:card\" content=\"summary_large_image\" \/>\n<meta name=\"twitter:label1\" content=\"Szacowany czas czytania\" \/>\n\t<meta name=\"twitter:data1\" content=\"2 minuty\" \/>\n<script type=\"application\/ld+json\" class=\"yoast-schema-graph\">{\"@context\":\"https:\/\/schema.org\",\"@graph\":[{\"@type\":\"WebPage\",\"@id\":\"https:\/\/monaartaquarell.com\/pl\/odstapienie-od-umowy\/\",\"url\":\"https:\/\/monaartaquarell.com\/pl\/odstapienie-od-umowy\/\",\"name\":\"Odst\u0105pienie od umowy - Monaartaquarell\",\"isPartOf\":{\"@id\":\"https:\/\/monaartaquarell.com\/#website\"},\"datePublished\":\"2025-06-09T08:32:09+00:00\",\"dateModified\":\"2025-07-01T09:31:33+00:00\",\"breadcrumb\":{\"@id\":\"https:\/\/monaartaquarell.com\/pl\/odstapienie-od-umowy\/#breadcrumb\"},\"inLanguage\":\"pl-PL\",\"potentialAction\":[{\"@type\":\"ReadAction\",\"target\":[\"https:\/\/monaartaquarell.com\/pl\/odstapienie-od-umowy\/\"]}]},{\"@type\":\"BreadcrumbList\",\"@id\":\"https:\/\/monaartaquarell.com\/pl\/odstapienie-od-umowy\/#breadcrumb\",\"itemListElement\":[{\"@type\":\"ListItem\",\"position\":1,\"name\":\"Strona g\u0142\u00f3wna\",\"item\":\"https:\/\/monaartaquarell.com\/\"},{\"@type\":\"ListItem\",\"position\":2,\"name\":\"Odst\u0105pienie od umowy\"}]},{\"@type\":\"WebSite\",\"@id\":\"https:\/\/monaartaquarell.com\/#website\",\"url\":\"https:\/\/monaartaquarell.com\/\",\"name\":\"Monaartaquarell\",\"description\":\"Einzigartige Aquarellkunst von Monika Bargie\u0142 \u2013 inspiriert von Natur und Emotion.\",\"publisher\":{\"@id\":\"https:\/\/monaartaquarell.com\/#\/schema\/person\/c6dac180cb6eaf85a262e9055c5d5b63\"},\"potentialAction\":[{\"@type\":\"SearchAction\",\"target\":{\"@type\":\"EntryPoint\",\"urlTemplate\":\"https:\/\/monaartaquarell.com\/?s={search_term_string}\"},\"query-input\":{\"@type\":\"PropertyValueSpecification\",\"valueRequired\":true,\"valueName\":\"search_term_string\"}}],\"inLanguage\":\"pl-PL\"},{\"@type\":[\"Person\",\"Organization\"],\"@id\":\"https:\/\/monaartaquarell.com\/#\/schema\/person\/c6dac180cb6eaf85a262e9055c5d5b63\",\"name\":\"admin-Vp5qLTVF\",\"image\":{\"@type\":\"ImageObject\",\"inLanguage\":\"pl-PL\",\"@id\":\"https:\/\/monaartaquarell.com\/#\/schema\/person\/image\/\",\"url\":\"https:\/\/monaartaquarell.com\/wp-content\/uploads\/2025\/06\/logo_hase_monaartaquarell-2-e1751009755296.png\",\"contentUrl\":\"https:\/\/monaartaquarell.com\/wp-content\/uploads\/2025\/06\/logo_hase_monaartaquarell-2-e1751009755296.png\",\"width\":376,\"height\":331,\"caption\":\"admin-Vp5qLTVF\"},\"logo\":{\"@id\":\"https:\/\/monaartaquarell.com\/#\/schema\/person\/image\/\"},\"sameAs\":[\"https:\/\/monaartaquarell.com\"]}]}<\/script>\n<!-- \/ Yoast SEO plugin. -->","yoast_head_json":{"title":"Odst\u0105pienie od umowy - Monaartaquarell","robots":{"index":"index","follow":"follow","max-snippet":"max-snippet:-1","max-image-preview":"max-image-preview:large","max-video-preview":"max-video-preview:-1"},"canonical":"https:\/\/monaartaquarell.com\/pl\/odstapienie-od-umowy\/","og_locale":"pl_PL","og_type":"article","og_title":"Odst\u0105pienie od umowy - Monaartaquarell","og_description":"Konsumentom przys\u0142uguje 14-dniowy termin na odst\u0105pienie od umowy. Odst\u0105pienie od umowy Klient b\u0119d\u0105cy konsumentem a tak\u017ce przedsi\u0119biorca na prawach konsumenta ma prawo do odst\u0105pienia od umowy bez podania przyczyny w terminie czternastu dni.Termin do odst\u0105pienia od umowy wygasa po up\u0142ywie 14 dni od dnia, w kt\u00f3rymweszli Pa\u0144stwo w posiadanie towaru lub w kt\u00f3rym osoba trzecia [&hellip;]","og_url":"https:\/\/monaartaquarell.com\/pl\/odstapienie-od-umowy\/","og_site_name":"Monaartaquarell","article_modified_time":"2025-07-01T09:31:33+00:00","twitter_card":"summary_large_image","twitter_misc":{"Szacowany czas czytania":"2 minuty"},"schema":{"@context":"https:\/\/schema.org","@graph":[{"@type":"WebPage","@id":"https:\/\/monaartaquarell.com\/pl\/odstapienie-od-umowy\/","url":"https:\/\/monaartaquarell.com\/pl\/odstapienie-od-umowy\/","name":"Odst\u0105pienie od umowy - Monaartaquarell","isPartOf":{"@id":"https:\/\/monaartaquarell.com\/#website"},"datePublished":"2025-06-09T08:32:09+00:00","dateModified":"2025-07-01T09:31:33+00:00","breadcrumb":{"@id":"https:\/\/monaartaquarell.com\/pl\/odstapienie-od-umowy\/#breadcrumb"},"inLanguage":"pl-PL","potentialAction":[{"@type":"ReadAction","target":["https:\/\/monaartaquarell.com\/pl\/odstapienie-od-umowy\/"]}]},{"@type":"BreadcrumbList","@id":"https:\/\/monaartaquarell.com\/pl\/odstapienie-od-umowy\/#breadcrumb","itemListElement":[{"@type":"ListItem","position":1,"name":"Strona g\u0142\u00f3wna","item":"https:\/\/monaartaquarell.com\/"},{"@type":"ListItem","position":2,"name":"Odst\u0105pienie od umowy"}]},{"@type":"WebSite","@id":"https:\/\/monaartaquarell.com\/#website","url":"https:\/\/monaartaquarell.com\/","name":"Monaartaquarell","description":"Einzigartige Aquarellkunst von Monika Bargie\u0142 \u2013 inspiriert von Natur und Emotion.","publisher":{"@id":"https:\/\/monaartaquarell.com\/#\/schema\/person\/c6dac180cb6eaf85a262e9055c5d5b63"},"potentialAction":[{"@type":"SearchAction","target":{"@type":"EntryPoint","urlTemplate":"https:\/\/monaartaquarell.com\/?s={search_term_string}"},"query-input":{"@type":"PropertyValueSpecification","valueRequired":true,"valueName":"search_term_string"}}],"inLanguage":"pl-PL"},{"@type":["Person","Organization"],"@id":"https:\/\/monaartaquarell.com\/#\/schema\/person\/c6dac180cb6eaf85a262e9055c5d5b63","name":"admin-Vp5qLTVF","image":{"@type":"ImageObject","inLanguage":"pl-PL","@id":"https:\/\/monaartaquarell.com\/#\/schema\/person\/image\/","url":"https:\/\/monaartaquarell.com\/wp-content\/uploads\/2025\/06\/logo_hase_monaartaquarell-2-e1751009755296.png","contentUrl":"https:\/\/monaartaquarell.com\/wp-content\/uploads\/2025\/06\/logo_hase_monaartaquarell-2-e1751009755296.png","width":376,"height":331,"caption":"admin-Vp5qLTVF"},"logo":{"@id":"https:\/\/monaartaquarell.com\/#\/schema\/person\/image\/"},"sameAs":["https:\/\/monaartaquarell.com"]}]}},"_links":{"self":[{"href":"https:\/\/monaartaquarell.com\/pl\/wp-json\/wp\/v2\/pages\/1216","targetHints":{"allow":["GET"]}}],"collection":[{"href":"https:\/\/monaartaquarell.com\/pl\/wp-json\/wp\/v2\/pages"}],"about":[{"href":"https:\/\/monaartaquarell.com\/pl\/wp-json\/wp\/v2\/types\/page"}],"author":[{"embeddable":true,"href":"https:\/\/monaartaquarell.com\/pl\/wp-json\/wp\/v2\/users\/1"}],"replies":[{"embeddable":true,"href":"https:\/\/monaartaquarell.com\/pl\/wp-json\/wp\/v2\/comments?post=1216"}],"version-history":[{"count":2,"href":"https:\/\/monaartaquarell.com\/pl\/wp-json\/wp\/v2\/pages\/1216\/revisions"}],"predecessor-version":[{"id":1220,"href":"https:\/\/monaartaquarell.com\/pl\/wp-json\/wp\/v2\/pages\/1216\/revisions\/1220"}],"wp:attachment":[{"href":"https:\/\/monaartaquarell.com\/pl\/wp-json\/wp\/v2\/media?parent=1216"}],"curies":[{"name":"wp","href":"https:\/\/api.w.org\/{rel}","templated":true}]}}