{"id":1214,"date":"2025-06-09T10:32:09","date_gmt":"2025-06-09T08:32:09","guid":{"rendered":"https:\/\/monaartaquarell.com\/right-to-cancel\/"},"modified":"2025-07-01T11:29:35","modified_gmt":"2025-07-01T09:29:35","slug":"right-to-cancel","status":"publish","type":"page","link":"https:\/\/monaartaquarell.com\/en\/right-to-cancel\/","title":{"rendered":"Right to cancel"},"content":{"rendered":"\n<p class=\"has-medium-font-size\">Instructions for cancellation<br\/><br\/>Right to cancel<br\/><br\/>You have the right to cancel this contract within fourteen days without giving any reason. In order to exercise your right of withdrawal, you must inform us (<em>Monika Bargie\u0142, Leharstra\u00dfe 10 , 74747 Ravenstein, Deutschland, kontakt@monaartaquarell.com , Telefon: +491725163639<\/em>) by means of a clear declaration (e.g. a letter sent by post or an e-mail) of your decision to withdraw from this contract. You can use the attached model withdrawal form for this purpose, which is, however, not mandatory. To meet the cancellation deadline, it is sufficient for you to send your communication concerning your exercise of the right to cancel before the cancellation period has expired. Effects of cancellation <br\/>If you cancel this contract, we will reimburse to you all payments received from you, including the costs of delivery (except for the supplementary costs arising if you choose a type of delivery other than the least expensive type of standard delivery offered by us) without undue delay and not later than fourteen days after the day on which we are informed about your decision to cancel this contract. We may make a deduction from the reimbursement for loss in value of any goods supplied, if the loss is the result of unnecessary handling by you. We will make the reimbursement using the same means of payment as you used for the initial transaction, unless you have expressly agreed otherwise. We will make the reimbursement using the same means of payment as you used for the initial transaction, unless you have expressly agreed otherwise. In any event, you will not incur any fees as a result of the reimbursement. We may withhold reimbursement until we have received the goods back or you have supplied evidence of having sent back the goods, whichever is the earliest. In any event, you will not incur any fees as a result of the reimbursement. We may withhold reimbursement until we have received the goods back or you have supplied evidence of having sent back the goods, whichever is the earliest. Die Frist ist gewahrt, wenn Sie die Waren vor Ablauf der Frist von vierzehn Tagen absenden.<br\/>Sie tragen die unmittelbaren Kosten der R\u00fccksendung der Waren.<br\/>Sie m\u00fcssen f\u00fcr einen etwaigen Wertverlust der Waren nur aufkommen, wenn dieser Wertverlust auf einen zur Pr\u00fcfung der Beschaffenheit, Eigenschaften und Funktionsweise der Waren nicht notwendigen Umgang mit ihnen zur\u00fcckzuf\u00fchren ist.<br\/><br\/>The right of withdrawal does <strong>not <\/strong>apply to<br\/>&#8211; contracts for the supply of goods that are not prefabricated and for the manufacture of which an individual selection or determination by the consumer is decisive or which are clearly tailored to the consumer&#8217;s personal needs.<br\/><br\/>Cancellation form <br\/>If you wish to cancel this contract, please complete and submit this form.<br\/>\u2013 An Monika Bargie\u0142, Leharstra\u00dfe 10 , 74747 Ravenstein, Deutschland, kontakt@monaartaquarell.com \u2013 <br\/><br\/>I\/We (*) hereby give notice that I\/We (*) cancel <em>my\/our<\/em> (*) contract of sale of the following goods (*) \/<em>for the supply of the following service<\/em> (*),<br\/>&#8211; <em>Ordered on (*)\/received on (*)<\/em><br\/>&#8211; Name of the consumer (s)<br\/>&#8211; Address of the consumer(s)<br\/>&#8211; Signature of the consumer(s) (only if this form is notified on paper)<br\/>&#8211; Date<\/p>\n","protected":false},"excerpt":{"rendered":"<p>Instructions for cancellation Right to cancel You have the right to cancel this contract within fourteen days without giving any reason. In order to exercise your right of withdrawal, you must inform us (Monika Bargie\u0142, Leharstra\u00dfe 10 , 74747 Ravenstein, Deutschland, kontakt@monaartaquarell.com , Telefon: +491725163639) by means of a clear declaration (e.g. a letter sent [&hellip;]<\/p>\n","protected":false},"author":1,"featured_media":0,"parent":0,"menu_order":0,"comment_status":"closed","ping_status":"closed","template":"","meta":{"footnotes":""},"class_list":["post-1214","page","type-page","status-publish","hentry"],"yoast_head":"<!-- This site is optimized with the Yoast SEO plugin v26.5 - https:\/\/yoast.com\/wordpress\/plugins\/seo\/ -->\n<title>Right to cancel - Monaartaquarell<\/title>\n<meta name=\"robots\" content=\"index, follow, max-snippet:-1, max-image-preview:large, max-video-preview:-1\" \/>\n<link rel=\"canonical\" href=\"https:\/\/monaartaquarell.com\/en\/right-to-cancel\/\" \/>\n<meta property=\"og:locale\" content=\"en_US\" \/>\n<meta property=\"og:type\" content=\"article\" \/>\n<meta property=\"og:title\" content=\"Right to cancel - Monaartaquarell\" \/>\n<meta property=\"og:description\" content=\"Instructions for cancellation Right to cancel You have the right to cancel this contract within fourteen days without giving any reason. In order to exercise your right of withdrawal, you must inform us (Monika Bargie\u0142, Leharstra\u00dfe 10 , 74747 Ravenstein, Deutschland, kontakt@monaartaquarell.com , Telefon: +491725163639) by means of a clear declaration (e.g. a letter sent [&hellip;]\" \/>\n<meta property=\"og:url\" content=\"https:\/\/monaartaquarell.com\/en\/right-to-cancel\/\" \/>\n<meta property=\"og:site_name\" content=\"Monaartaquarell\" \/>\n<meta property=\"article:modified_time\" content=\"2025-07-01T09:29:35+00:00\" \/>\n<meta name=\"twitter:card\" content=\"summary_large_image\" \/>\n<meta name=\"twitter:label1\" content=\"Est. reading time\" \/>\n\t<meta name=\"twitter:data1\" content=\"3 minutes\" \/>\n<script type=\"application\/ld+json\" class=\"yoast-schema-graph\">{\"@context\":\"https:\/\/schema.org\",\"@graph\":[{\"@type\":\"WebPage\",\"@id\":\"https:\/\/monaartaquarell.com\/en\/right-to-cancel\/\",\"url\":\"https:\/\/monaartaquarell.com\/en\/right-to-cancel\/\",\"name\":\"Right to cancel - Monaartaquarell\",\"isPartOf\":{\"@id\":\"https:\/\/monaartaquarell.com\/#website\"},\"datePublished\":\"2025-06-09T08:32:09+00:00\",\"dateModified\":\"2025-07-01T09:29:35+00:00\",\"breadcrumb\":{\"@id\":\"https:\/\/monaartaquarell.com\/en\/right-to-cancel\/#breadcrumb\"},\"inLanguage\":\"en-US\",\"potentialAction\":[{\"@type\":\"ReadAction\",\"target\":[\"https:\/\/monaartaquarell.com\/en\/right-to-cancel\/\"]}]},{\"@type\":\"BreadcrumbList\",\"@id\":\"https:\/\/monaartaquarell.com\/en\/right-to-cancel\/#breadcrumb\",\"itemListElement\":[{\"@type\":\"ListItem\",\"position\":1,\"name\":\"Strona g\u0142\u00f3wna\",\"item\":\"https:\/\/monaartaquarell.com\/\"},{\"@type\":\"ListItem\",\"position\":2,\"name\":\"Right to cancel\"}]},{\"@type\":\"WebSite\",\"@id\":\"https:\/\/monaartaquarell.com\/#website\",\"url\":\"https:\/\/monaartaquarell.com\/\",\"name\":\"Monaartaquarell\",\"description\":\"Unique watercolor art by Monika Bargie\u0142 \u2013 inspired by nature and emotion.\",\"publisher\":{\"@id\":\"https:\/\/monaartaquarell.com\/#\/schema\/person\/c6dac180cb6eaf85a262e9055c5d5b63\"},\"potentialAction\":[{\"@type\":\"SearchAction\",\"target\":{\"@type\":\"EntryPoint\",\"urlTemplate\":\"https:\/\/monaartaquarell.com\/?s={search_term_string}\"},\"query-input\":{\"@type\":\"PropertyValueSpecification\",\"valueRequired\":true,\"valueName\":\"search_term_string\"}}],\"inLanguage\":\"en-US\"},{\"@type\":[\"Person\",\"Organization\"],\"@id\":\"https:\/\/monaartaquarell.com\/#\/schema\/person\/c6dac180cb6eaf85a262e9055c5d5b63\",\"name\":\"admin-Vp5qLTVF\",\"image\":{\"@type\":\"ImageObject\",\"inLanguage\":\"en-US\",\"@id\":\"https:\/\/monaartaquarell.com\/#\/schema\/person\/image\/\",\"url\":\"https:\/\/monaartaquarell.com\/wp-content\/uploads\/2025\/06\/logo_hase_monaartaquarell-2-e1751009755296.png\",\"contentUrl\":\"https:\/\/monaartaquarell.com\/wp-content\/uploads\/2025\/06\/logo_hase_monaartaquarell-2-e1751009755296.png\",\"width\":376,\"height\":331,\"caption\":\"admin-Vp5qLTVF\"},\"logo\":{\"@id\":\"https:\/\/monaartaquarell.com\/#\/schema\/person\/image\/\"},\"sameAs\":[\"https:\/\/monaartaquarell.com\"]}]}<\/script>\n<!-- \/ Yoast SEO plugin. -->","yoast_head_json":{"title":"Right to cancel - Monaartaquarell","robots":{"index":"index","follow":"follow","max-snippet":"max-snippet:-1","max-image-preview":"max-image-preview:large","max-video-preview":"max-video-preview:-1"},"canonical":"https:\/\/monaartaquarell.com\/en\/right-to-cancel\/","og_locale":"en_US","og_type":"article","og_title":"Right to cancel - Monaartaquarell","og_description":"Instructions for cancellation Right to cancel You have the right to cancel this contract within fourteen days without giving any reason. In order to exercise your right of withdrawal, you must inform us (Monika Bargie\u0142, Leharstra\u00dfe 10 , 74747 Ravenstein, Deutschland, kontakt@monaartaquarell.com , Telefon: +491725163639) by means of a clear declaration (e.g. a letter sent [&hellip;]","og_url":"https:\/\/monaartaquarell.com\/en\/right-to-cancel\/","og_site_name":"Monaartaquarell","article_modified_time":"2025-07-01T09:29:35+00:00","twitter_card":"summary_large_image","twitter_misc":{"Est. reading time":"3 minutes"},"schema":{"@context":"https:\/\/schema.org","@graph":[{"@type":"WebPage","@id":"https:\/\/monaartaquarell.com\/en\/right-to-cancel\/","url":"https:\/\/monaartaquarell.com\/en\/right-to-cancel\/","name":"Right to cancel - Monaartaquarell","isPartOf":{"@id":"https:\/\/monaartaquarell.com\/#website"},"datePublished":"2025-06-09T08:32:09+00:00","dateModified":"2025-07-01T09:29:35+00:00","breadcrumb":{"@id":"https:\/\/monaartaquarell.com\/en\/right-to-cancel\/#breadcrumb"},"inLanguage":"en-US","potentialAction":[{"@type":"ReadAction","target":["https:\/\/monaartaquarell.com\/en\/right-to-cancel\/"]}]},{"@type":"BreadcrumbList","@id":"https:\/\/monaartaquarell.com\/en\/right-to-cancel\/#breadcrumb","itemListElement":[{"@type":"ListItem","position":1,"name":"Strona g\u0142\u00f3wna","item":"https:\/\/monaartaquarell.com\/"},{"@type":"ListItem","position":2,"name":"Right to cancel"}]},{"@type":"WebSite","@id":"https:\/\/monaartaquarell.com\/#website","url":"https:\/\/monaartaquarell.com\/","name":"Monaartaquarell","description":"Unique watercolor art by Monika Bargie\u0142 \u2013 inspired by nature and emotion.","publisher":{"@id":"https:\/\/monaartaquarell.com\/#\/schema\/person\/c6dac180cb6eaf85a262e9055c5d5b63"},"potentialAction":[{"@type":"SearchAction","target":{"@type":"EntryPoint","urlTemplate":"https:\/\/monaartaquarell.com\/?s={search_term_string}"},"query-input":{"@type":"PropertyValueSpecification","valueRequired":true,"valueName":"search_term_string"}}],"inLanguage":"en-US"},{"@type":["Person","Organization"],"@id":"https:\/\/monaartaquarell.com\/#\/schema\/person\/c6dac180cb6eaf85a262e9055c5d5b63","name":"admin-Vp5qLTVF","image":{"@type":"ImageObject","inLanguage":"en-US","@id":"https:\/\/monaartaquarell.com\/#\/schema\/person\/image\/","url":"https:\/\/monaartaquarell.com\/wp-content\/uploads\/2025\/06\/logo_hase_monaartaquarell-2-e1751009755296.png","contentUrl":"https:\/\/monaartaquarell.com\/wp-content\/uploads\/2025\/06\/logo_hase_monaartaquarell-2-e1751009755296.png","width":376,"height":331,"caption":"admin-Vp5qLTVF"},"logo":{"@id":"https:\/\/monaartaquarell.com\/#\/schema\/person\/image\/"},"sameAs":["https:\/\/monaartaquarell.com"]}]}},"_links":{"self":[{"href":"https:\/\/monaartaquarell.com\/en\/wp-json\/wp\/v2\/pages\/1214","targetHints":{"allow":["GET"]}}],"collection":[{"href":"https:\/\/monaartaquarell.com\/en\/wp-json\/wp\/v2\/pages"}],"about":[{"href":"https:\/\/monaartaquarell.com\/en\/wp-json\/wp\/v2\/types\/page"}],"author":[{"embeddable":true,"href":"https:\/\/monaartaquarell.com\/en\/wp-json\/wp\/v2\/users\/1"}],"replies":[{"embeddable":true,"href":"https:\/\/monaartaquarell.com\/en\/wp-json\/wp\/v2\/comments?post=1214"}],"version-history":[{"count":2,"href":"https:\/\/monaartaquarell.com\/en\/wp-json\/wp\/v2\/pages\/1214\/revisions"}],"predecessor-version":[{"id":1219,"href":"https:\/\/monaartaquarell.com\/en\/wp-json\/wp\/v2\/pages\/1214\/revisions\/1219"}],"wp:attachment":[{"href":"https:\/\/monaartaquarell.com\/en\/wp-json\/wp\/v2\/media?parent=1214"}],"curies":[{"name":"wp","href":"https:\/\/api.w.org\/{rel}","templated":true}]}}